{"id":39949,"date":"2022-11-14T11:37:56","date_gmt":"2022-11-14T09:37:56","guid":{"rendered":"https:\/\/www.masiesdelpenedes.com\/informacio-legal\/"},"modified":"2023-03-10T13:05:40","modified_gmt":"2023-03-10T11:05:40","slug":"informacion-legal","status":"publish","type":"page","link":"https:\/\/www.masiesdelpenedes.com\/es\/informacion-legal\/","title":{"rendered":"Informaci\u00f3n legal"},"content":{"rendered":"\t\t<div data-elementor-type=\"wp-page\" data-elementor-id=\"39949\" class=\"elementor elementor-39949 elementor-3\">\n\t\t\t\t\t\t<section class=\"elementor-section elementor-top-section elementor-element elementor-element-530360a8 elementor-section-boxed elementor-section-height-default elementor-section-height-default\" data-id=\"530360a8\" data-element_type=\"section\" data-e-type=\"section\">\n\t\t\t\t\t\t<div class=\"elementor-container elementor-column-gap-default\">\n\t\t\t\t\t<div class=\"elementor-column elementor-col-100 elementor-top-column elementor-element elementor-element-2c093461\" data-id=\"2c093461\" data-element_type=\"column\" data-e-type=\"column\">\n\t\t\t<div class=\"elementor-widget-wrap elementor-element-populated\">\n\t\t\t\t\t\t<div class=\"elementor-element elementor-element-4820d3e5 elementor-widget elementor-widget-text-editor\" data-id=\"4820d3e5\" data-element_type=\"widget\" data-e-type=\"widget\" data-widget_type=\"text-editor.default\">\n\t\t\t\t<div class=\"elementor-widget-container\">\n\t\t\t\t\t\t\t\t\t<div class=\"post-content\"><div class=\"post-content\"><p>Para dar cumplimiento a lo establecido en la Ley 34\/2002 de 11 de julio de Servicios de la Sociedad de la Informaci\u00f3n y de Comercio Electr\u00f3nico (LSSICE), a continuaci\u00f3n se indican los datos de informaci\u00f3n general del sitio web www.masiesdelpenedes . c\u00f3mo.<\/p><p>LA ASOCIACI\u00d3N DE MAS\u00cdAS DEL PENED\u00c8S informa que es titular del sitio web WWW.MASIESDELPENEDES.COM. De acuerdo con la exigencia del art\u00edculo 10 de la citada Ley, LA ASOCIACI\u00d3N DE MAS\u00cdAS DEL PENED\u00c8S informa de los siguientes datos: datos fiscales pendientes. La direcci\u00f3n de correo electr\u00f3nico de contacto con la asociaci\u00f3n es mail de contacto.<\/p><h3>Condiciones generales de utilizaci\u00f3n<\/h3><p>El usuario accede voluntariamente a este sitio web, lo que implica que lo utilizar\u00e1 conforme al presente aviso legal y la ley, la moral, la buena fe y \/ o las buenas costumbres. LA ASOCIACI\u00d3N DE MAS\u00cdAS DEL PENED\u00c8S se reserva el derecho a modificar sin previo aviso el contenido de este aviso legal, por tanto, y para una correcta utilizaci\u00f3n del sitio web, lo recomendamos que visite peri\u00f3dicamente esta secci\u00f3n.<\/p><h3>Propiedad intelectual e industrial<\/h3><p>Este sitio web y los contenidos incluidos en el mismo (art\u00edculos, textos, im\u00e1genes, logotipos, marcas comerciales, etc.) Est\u00e1n protegidos por la legislaci\u00f3n vigente en materia de propiedad industrial e intelectual. Los derechos corresponden a LA ASOCIACI\u00d3N DE MAS\u00cdAS DEL PENED\u00c8S oa terceros con licencias que permiten a LA ASOCIACI\u00d3N DE MAS\u00cdAS DEL PENED\u00c8S su utilizaci\u00f3n.<\/p><p>LA ASOCIACI\u00d3N DE MAS\u00cdAS DEL PENED\u00c8S presenta los contenidos que figuran en este sitio web con el fin de informaci\u00f3n y publicidad de su misi\u00f3n y servicios.<\/p><p>LA ASOCIACI\u00d3N DE MAS\u00cdAS DEL PENED\u00c8S se reserva el derecho de modificar, actualizar o suprimir cualquiera de los contenidos de este sitio web en cualquier momento y sin previo aviso.<\/p><h3>Limitaci\u00f3n de la responsabilidad<\/h3><p>La informaci\u00f3n contenida en este sitio web puede no ser correcta, pese a los esfuerzos realizados para llevar a cabo su exactitud y actualizaci\u00f3n. En consecuencia, LA ASOCIACI\u00d3N DE MAS\u00cdAS DEL PENED\u00c8S no se responsabiliza de los errores contenidos, ni de los da\u00f1os o perjuicios derivados de su utilizaci\u00f3n.<\/p><p>Este sitio web contiene enlaces a otros sitios web ajenos a LA ASOCIACI\u00d3N DE MAS\u00cdAS DEL PENED\u00c8S, enlaces que se presentan \u00fanicamente con fines informativos. La responsabilidad de los contenidos de las p\u00e1ginas enlazadas corresponde a los titulares respectivos de las mencionadas p\u00e1ginas.<\/p><p>LA ASOCIACI\u00d3N DE MAS\u00cdAS DEL PENED\u00c8S no se hace responsable de los da\u00f1os y perjuicios derivados de la utilizaci\u00f3n de este sitio web o de sus contenidos, no garantizando la ausencia de virus o la imposibilidad de causar da\u00f1os en los sistemas inform\u00e1ticos de la usuario.<\/p><h3>Pol\u00edtica de protecci\u00f3n de datos de car\u00e1cter personal<\/h3><p>A trav\u00e9s del presente aviso legal, LA ASOCIACI\u00d3N DE MAS\u00cdAS DEL PENED\u00c8S informa a los usuarios de este sitio web, en cumplimiento de la Ley Org\u00e1nica 15\/1999, de 13 de diciembre, de Protecci\u00f3n de Datos de Car\u00e1cter Personal (LOPDP) sobre la su pol\u00edtica de protecci\u00f3n de datos personales con la finalidad de que \u00e9stos decidan de forma expresa, libre y voluntaria, si desean facilitar a LA ASOCIACI\u00d3N DE MAS\u00cdAS DEL PENED\u00c8S los datos personales que les son solicitados.<\/p><p>El usuario, al facilitar voluntariamente sus datos personales a trav\u00e9s de cualquier formulario de este sitio web o mensaje de correo electr\u00f3nico y aceptar su env\u00edo, autoriza expresamente a LA ASOCIACI\u00d3N DE MAS\u00cdAS DEL PENED\u00c8S para que los trate e incorpore en un fichero de su propiedad.<\/p><p>La recogida y tratamiento de los datos personales que el usuario facilite tiene como finalidad el mantenimiento, garant\u00eda y control de la relaci\u00f3n establecida entre \u00e9ste y<br \/>LA ASOCIACI\u00d3N DE MAS\u00cdAS DEL PENED\u00c8S y permitir remitirle informaci\u00f3n por correo electr\u00f3nico.<\/p><p>LA ASOCIACI\u00d3N DE MAS\u00cdAS DEL PENED\u00c8S ha adoptado las medidas t\u00e9cnicas necesarias para evitar la alteraci\u00f3n, p\u00e9rdida o tratamiento no autorizado de los datos personales que el usuario facilite, habida cuenta de las limitaciones que presenta Internet, y manifiesta su compromiso de confidencialidad respecto al tratamiento de los datos personales del usuario.<\/p><p>El usuario tiene derecho a acceder a la informaci\u00f3n que le concierne recopilada en el fichero de la ASOCIACI\u00d3N DE MAS\u00cdAS DEL PENED\u00c8S rectificarla si es err\u00f3nea, cancelarla u oponerse a su tratamiento por medio de un mensaje de correo electr\u00f3nico dirigido a mail de contacto, o por correo postal dirigido a la direcci\u00f3n que figura en el encabezamiento de esta nota legal. En ambos casos se deber\u00e1 acreditar suficientemente la identidad del usuario.<\/p><p>LA ASOCIACI\u00d3N DE MAS\u00cdAS DEL PENED\u00c8S se reserva el derecho de utilizar \u201ccookies\u201d en la navegaci\u00f3n del usuario por el sitio web para facilitar la personalizaci\u00f3n y comodidad de la navegaci\u00f3n. LA ASOCIACI\u00d3N DE MAS\u00cdAS DEL PENED\u00c8S utiliza Google Analytics (ver aviso legal a continuaci\u00f3n) para analizar aspectos relativos al acceso a su p\u00e1gina web, como por ejemplo, las p\u00e1ginas m\u00e1s visitadas o el tiempo de las visitas. Esta informaci\u00f3n se tratar\u00e1 con fines estad\u00edsticos y para la mejora de los servicios que ofrece desde su sitio web y en ning\u00fan caso permitir\u00e1 conocer la identidad del usuario.<\/p><h3>Aviso legal de Google Analytics<\/h3><p>Esta p\u00e1gina web utiliza Google Analytics, un servicio de anal\u00edtica web prestado por Google, Inc.., Una compa\u00f1\u00eda de Delaware con su oficina principal en 1600 Amphitheatre Parkway, Mountain View (California), CA 94043, Estados Unidos (\u201cGoogle\u201d) .<\/p><p>Google Analytics utiliza \u201ccookies\u201d, que son archivos de texto ubicados en su ordenador, para ayudar al sitio web a analizar el uso que hacen los usuarios del sitio web. La informaci\u00f3n que genera la \u201ccookie\u201d sobre su uso del sitio web (incluyendo su direcci\u00f3n IP) ser\u00e1 directamente transmitida y archivada por Google en los servidores de Estados Unidos. Google usar\u00e1 esta informaci\u00f3n por cuenta nuestra con el prop\u00f3sito de seguir la pista de su uso del sitio web, recopilando informes de la actividad del sitio web y prestando otros servicios relacionados con la actividad del sitio web y su utilizaci\u00f3n de Internet . Google podr\u00e1 transmitir dicha informaci\u00f3n a terceros cuando as\u00ed lo requiera la legislaci\u00f3n, o cuando dichos terceros procesen la informaci\u00f3n por cuenta de Google. Google no asociar\u00e1 su direcci\u00f3n IP con ning\u00fan otro dato del que disponga Google.<\/p><p>Usted puede rechazar el tratamiento de los datos o la informaci\u00f3n rechazando el uso de \u201ccookies\u201d mediante la selecci\u00f3n de la configuraci\u00f3n apropiada de su navegador, pero usted debe saber que si lo hace puede ser que no pueda usar la plena funcionalidad de este sitio web. Al utilizar este sitio web usted es consciente del tratamiento de la informaci\u00f3n sobre usted por Google en la forma y para las finalidades ya mencionadas.<\/p><\/div><\/div>\t\t\t\t\t\t\t\t<\/div>\n\t\t\t\t<\/div>\n\t\t\t\t\t<\/div>\n\t\t<\/div>\n\t\t\t\t\t<\/div>\n\t\t<\/section>\n\t\t\t\t<\/div>\n\t\t","protected":false},"excerpt":{"rendered":"<p>Para dar cumplimiento a lo establecido en la Ley 34\/2002 de 11 de julio de Servicios de la Sociedad de la Informaci\u00f3n y de Comercio Electr\u00f3nico (LSSICE), a continuaci\u00f3n se indican los datos de informaci\u00f3n general del sitio web www.masiesdelpenedes . c\u00f3mo. LA ASOCIACI\u00d3N DE MAS\u00cdAS DEL PENED\u00c8S informa que es titular del sitio web &#8230;<\/p>\n","protected":false},"author":1,"featured_media":0,"parent":0,"menu_order":0,"comment_status":"closed","ping_status":"closed","template":"","meta":{"inline_featured_image":false,"footnotes":""},"class_list":["post-39949","page","type-page","status-publish","hentry"],"yoast_head":"<!-- This site is optimized with the Yoast SEO plugin v27.4 - https:\/\/yoast.com\/product\/yoast-seo-wordpress\/ -->\n<title>Informaci\u00f3n legal | Masies del Pened\u00e8s<\/title>\n<meta name=\"robots\" content=\"index, follow, max-snippet:-1, max-image-preview:large, max-video-preview:-1\" \/>\n<link rel=\"canonical\" href=\"https:\/\/www.masiesdelpenedes.com\/es\/informacion-legal\/\" \/>\n<meta property=\"og:locale\" content=\"es_ES\" \/>\n<meta property=\"og:type\" content=\"article\" \/>\n<meta property=\"og:title\" content=\"Informaci\u00f3n legal | Masies del Pened\u00e8s\" \/>\n<meta property=\"og:description\" content=\"Para dar cumplimiento a lo establecido en la Ley 34\/2002 de 11 de julio de Servicios de la Sociedad de la Informaci\u00f3n y de Comercio Electr\u00f3nico (LSSICE), a continuaci\u00f3n se indican los datos de informaci\u00f3n general del sitio web www.masiesdelpenedes . c\u00f3mo. LA ASOCIACI\u00d3N DE MAS\u00cdAS DEL PENED\u00c8S informa que es titular del sitio web ...\" \/>\n<meta property=\"og:url\" content=\"https:\/\/www.masiesdelpenedes.com\/es\/informacion-legal\/\" \/>\n<meta property=\"og:site_name\" content=\"Masies del Pened\u00e8s\" \/>\n<meta property=\"article:modified_time\" content=\"2023-03-10T11:05:40+00:00\" \/>\n<meta name=\"twitter:card\" content=\"summary_large_image\" \/>\n<meta name=\"twitter:label1\" content=\"Tiempo de lectura\" \/>\n\t<meta name=\"twitter:data1\" content=\"5 minutos\" \/>\n<script type=\"application\/ld+json\" class=\"yoast-schema-graph\">{\"@context\":\"https:\\\/\\\/schema.org\",\"@graph\":[{\"@type\":\"WebPage\",\"@id\":\"https:\\\/\\\/www.masiesdelpenedes.com\\\/es\\\/informacion-legal\\\/\",\"url\":\"https:\\\/\\\/www.masiesdelpenedes.com\\\/es\\\/informacion-legal\\\/\",\"name\":\"Informaci\u00f3n legal | Masies del Pened\u00e8s\",\"isPartOf\":{\"@id\":\"https:\\\/\\\/www.masiesdelpenedes.com\\\/#website\"},\"datePublished\":\"2022-11-14T09:37:56+00:00\",\"dateModified\":\"2023-03-10T11:05:40+00:00\",\"breadcrumb\":{\"@id\":\"https:\\\/\\\/www.masiesdelpenedes.com\\\/es\\\/informacion-legal\\\/#breadcrumb\"},\"inLanguage\":\"es\",\"potentialAction\":[{\"@type\":\"ReadAction\",\"target\":[\"https:\\\/\\\/www.masiesdelpenedes.com\\\/es\\\/informacion-legal\\\/\"]}]},{\"@type\":\"BreadcrumbList\",\"@id\":\"https:\\\/\\\/www.masiesdelpenedes.com\\\/es\\\/informacion-legal\\\/#breadcrumb\",\"itemListElement\":[{\"@type\":\"ListItem\",\"position\":1,\"name\":\"Inici\",\"item\":\"https:\\\/\\\/www.masiesdelpenedes.com\\\/\"},{\"@type\":\"ListItem\",\"position\":2,\"name\":\"Informaci\u00f3n legal\"}]},{\"@type\":\"WebSite\",\"@id\":\"https:\\\/\\\/www.masiesdelpenedes.com\\\/#website\",\"url\":\"https:\\\/\\\/www.masiesdelpenedes.com\\\/\",\"name\":\"Masies del Pened\u00e8s\",\"description\":\"\",\"potentialAction\":[{\"@type\":\"SearchAction\",\"target\":{\"@type\":\"EntryPoint\",\"urlTemplate\":\"https:\\\/\\\/www.masiesdelpenedes.com\\\/?s={search_term_string}\"},\"query-input\":{\"@type\":\"PropertyValueSpecification\",\"valueRequired\":true,\"valueName\":\"search_term_string\"}}],\"inLanguage\":\"es\"}]}<\/script>\n<!-- \/ Yoast SEO plugin. -->","yoast_head_json":{"title":"Informaci\u00f3n legal | Masies del Pened\u00e8s","robots":{"index":"index","follow":"follow","max-snippet":"max-snippet:-1","max-image-preview":"max-image-preview:large","max-video-preview":"max-video-preview:-1"},"canonical":"https:\/\/www.masiesdelpenedes.com\/es\/informacion-legal\/","og_locale":"es_ES","og_type":"article","og_title":"Informaci\u00f3n legal | Masies del Pened\u00e8s","og_description":"Para dar cumplimiento a lo establecido en la Ley 34\/2002 de 11 de julio de Servicios de la Sociedad de la Informaci\u00f3n y de Comercio Electr\u00f3nico (LSSICE), a continuaci\u00f3n se indican los datos de informaci\u00f3n general del sitio web www.masiesdelpenedes . c\u00f3mo. LA ASOCIACI\u00d3N DE MAS\u00cdAS DEL PENED\u00c8S informa que es titular del sitio web ...","og_url":"https:\/\/www.masiesdelpenedes.com\/es\/informacion-legal\/","og_site_name":"Masies del Pened\u00e8s","article_modified_time":"2023-03-10T11:05:40+00:00","twitter_card":"summary_large_image","twitter_misc":{"Tiempo de lectura":"5 minutos"},"schema":{"@context":"https:\/\/schema.org","@graph":[{"@type":"WebPage","@id":"https:\/\/www.masiesdelpenedes.com\/es\/informacion-legal\/","url":"https:\/\/www.masiesdelpenedes.com\/es\/informacion-legal\/","name":"Informaci\u00f3n legal | Masies del Pened\u00e8s","isPartOf":{"@id":"https:\/\/www.masiesdelpenedes.com\/#website"},"datePublished":"2022-11-14T09:37:56+00:00","dateModified":"2023-03-10T11:05:40+00:00","breadcrumb":{"@id":"https:\/\/www.masiesdelpenedes.com\/es\/informacion-legal\/#breadcrumb"},"inLanguage":"es","potentialAction":[{"@type":"ReadAction","target":["https:\/\/www.masiesdelpenedes.com\/es\/informacion-legal\/"]}]},{"@type":"BreadcrumbList","@id":"https:\/\/www.masiesdelpenedes.com\/es\/informacion-legal\/#breadcrumb","itemListElement":[{"@type":"ListItem","position":1,"name":"Inici","item":"https:\/\/www.masiesdelpenedes.com\/"},{"@type":"ListItem","position":2,"name":"Informaci\u00f3n legal"}]},{"@type":"WebSite","@id":"https:\/\/www.masiesdelpenedes.com\/#website","url":"https:\/\/www.masiesdelpenedes.com\/","name":"Masies del Pened\u00e8s","description":"","potentialAction":[{"@type":"SearchAction","target":{"@type":"EntryPoint","urlTemplate":"https:\/\/www.masiesdelpenedes.com\/?s={search_term_string}"},"query-input":{"@type":"PropertyValueSpecification","valueRequired":true,"valueName":"search_term_string"}}],"inLanguage":"es"}]}},"_links":{"self":[{"href":"https:\/\/www.masiesdelpenedes.com\/es\/wp-json\/wp\/v2\/pages\/39949","targetHints":{"allow":["GET"]}}],"collection":[{"href":"https:\/\/www.masiesdelpenedes.com\/es\/wp-json\/wp\/v2\/pages"}],"about":[{"href":"https:\/\/www.masiesdelpenedes.com\/es\/wp-json\/wp\/v2\/types\/page"}],"author":[{"embeddable":true,"href":"https:\/\/www.masiesdelpenedes.com\/es\/wp-json\/wp\/v2\/users\/1"}],"replies":[{"embeddable":true,"href":"https:\/\/www.masiesdelpenedes.com\/es\/wp-json\/wp\/v2\/comments?post=39949"}],"version-history":[{"count":4,"href":"https:\/\/www.masiesdelpenedes.com\/es\/wp-json\/wp\/v2\/pages\/39949\/revisions"}],"predecessor-version":[{"id":39953,"href":"https:\/\/www.masiesdelpenedes.com\/es\/wp-json\/wp\/v2\/pages\/39949\/revisions\/39953"}],"wp:attachment":[{"href":"https:\/\/www.masiesdelpenedes.com\/es\/wp-json\/wp\/v2\/media?parent=39949"}],"curies":[{"name":"wp","href":"https:\/\/api.w.org\/{rel}","templated":true}]}}