{"id":39930,"date":"2022-12-20T11:50:58","date_gmt":"2022-12-20T09:50:58","guid":{"rendered":"https:\/\/www.masiesdelpenedes.com\/prepara-la-teva-estada-en-una-casa-de-poble-al-penedes\/"},"modified":"2023-03-10T13:01:45","modified_gmt":"2023-03-10T11:01:45","slug":"prepara-la-teva-estada-en-una-casa-de-poble-al-penedes","status":"publish","type":"page","link":"https:\/\/www.masiesdelpenedes.com\/es\/prepara-la-teva-estada-en-una-casa-de-poble-al-penedes\/","title":{"rendered":"Casa de pueblo"},"content":{"rendered":"\t\t<div data-elementor-type=\"wp-page\" data-elementor-id=\"39930\" class=\"elementor elementor-39930 elementor-38395\">\n\t\t\t\t\t\t<section class=\"elementor-section elementor-top-section elementor-element elementor-element-022eabd elementor-section-boxed elementor-section-height-default elementor-section-height-default\" data-id=\"022eabd\" data-element_type=\"section\" data-e-type=\"section\">\n\t\t\t\t\t\t<div class=\"elementor-container elementor-column-gap-default\">\n\t\t\t\t\t<div class=\"elementor-column elementor-col-100 elementor-top-column elementor-element elementor-element-e0e8288\" data-id=\"e0e8288\" data-element_type=\"column\" data-e-type=\"column\">\n\t\t\t<div class=\"elementor-widget-wrap elementor-element-populated\">\n\t\t\t\t\t\t<div class=\"elementor-element elementor-element-e8450b4 elementor-widget elementor-widget-spacer\" data-id=\"e8450b4\" data-element_type=\"widget\" data-e-type=\"widget\" data-widget_type=\"spacer.default\">\n\t\t\t\t<div class=\"elementor-widget-container\">\n\t\t\t\t\t\t\t<div class=\"elementor-spacer\">\n\t\t\t<div class=\"elementor-spacer-inner\"><\/div>\n\t\t<\/div>\n\t\t\t\t\t\t<\/div>\n\t\t\t\t<\/div>\n\t\t\t\t<div class=\"elementor-element elementor-element-5b56a22 elementor-widget elementor-widget-heading\" data-id=\"5b56a22\" data-element_type=\"widget\" data-e-type=\"widget\" data-widget_type=\"heading.default\">\n\t\t\t\t<div class=\"elementor-widget-container\">\n\t\t\t\t\t<h1 class=\"elementor-heading-title elementor-size-default\">Casa de pueblo<\/h1>\t\t\t\t<\/div>\n\t\t\t\t<\/div>\n\t\t\t\t<div class=\"elementor-element elementor-element-a2202d7 elementor-widget elementor-widget-heading\" data-id=\"a2202d7\" data-element_type=\"widget\" data-e-type=\"widget\" data-widget_type=\"heading.default\">\n\t\t\t\t<div class=\"elementor-widget-container\">\n\t\t\t\t\t<h2 class=\"elementor-heading-title elementor-size-default\">Hacer turismo rural en una casa de pueblo en el Pened\u00e8s ofrece la posibilidad de adentrarse t\u00e9 en el ritmo tranquilo de la zona, pasear sin prisa entre pueblos cargados de historia y ver como el sol se esconde tras un mar inabarcable de vi\u00f1edos.<\/h2>\t\t\t\t<\/div>\n\t\t\t\t<\/div>\n\t\t\t\t<div class=\"elementor-element elementor-element-4518ae2 elementor-widget elementor-widget-text-editor\" data-id=\"4518ae2\" data-element_type=\"widget\" data-e-type=\"widget\" data-widget_type=\"text-editor.default\">\n\t\t\t\t<div class=\"elementor-widget-container\">\n\t\t\t\t\t\t\t\t\t<p>Una casa de pueblo es un establecimiento tur\u00edstico situado en el n\u00facleo urbano, siempre de menos de 1.000 habitantes, integrado en una edificio anterior a 1950 respetuoso con la arquitectura de la zona. Si se alquila por habitaciones se trata de una casa de pueblo compartida, y si se alquila entera, se conoce como casa de pueblo independiente.<\/p><p>Los titulares de la casa de pueblo en el Pened\u00e8s pueden dedicarse profesionalmente a la agricultura en actividades agr\u00edcolas, ganaderas o forestales, o no. En el primer caso la casa de pueblo engloba dentro de lo que se denomina \u201ccasa de campo o establecimiento de agroturismo\u201d y en el segundo caso, se tratar\u00eda de un \u201calojamiento rural\u201d.<\/p><p>Sea cual sea el caso, la estancia en una casa de pueblo en el Pened\u00e8s, lejos del bullicio de la gran ciudad y del estr\u00e9s del d\u00eda a d\u00eda, es una experiencia inolvidable de paz y armon\u00eda, en contacto con la naturaleza y con un paisaje \u00fanico de luces y colores.<\/p>\t\t\t\t\t\t\t\t<\/div>\n\t\t\t\t<\/div>\n\t\t\t\t<div class=\"elementor-element elementor-element-cf40ea6 elementor-widget elementor-widget-spacer\" data-id=\"cf40ea6\" data-element_type=\"widget\" data-e-type=\"widget\" data-widget_type=\"spacer.default\">\n\t\t\t\t<div class=\"elementor-widget-container\">\n\t\t\t\t\t\t\t<div class=\"elementor-spacer\">\n\t\t\t<div class=\"elementor-spacer-inner\"><\/div>\n\t\t<\/div>\n\t\t\t\t\t\t<\/div>\n\t\t\t\t<\/div>\n\t\t\t\t\t<\/div>\n\t\t<\/div>\n\t\t\t\t\t<\/div>\n\t\t<\/section>\n\t\t\t\t<section class=\"elementor-section elementor-top-section elementor-element elementor-element-e779d66 elementor-section-boxed elementor-section-height-default elementor-section-height-default\" data-id=\"e779d66\" data-element_type=\"section\" data-e-type=\"section\">\n\t\t\t\t\t\t<div class=\"elementor-container elementor-column-gap-default\">\n\t\t\t\t\t<div class=\"elementor-column elementor-col-50 elementor-top-column elementor-element elementor-element-80bdda6\" data-id=\"80bdda6\" data-element_type=\"column\" data-e-type=\"column\">\n\t\t\t<div class=\"elementor-widget-wrap elementor-element-populated\">\n\t\t\t\t\t\t<div class=\"elementor-element elementor-element-f2b6d62 elementor-widget elementor-widget-heading\" data-id=\"f2b6d62\" data-element_type=\"widget\" data-e-type=\"widget\" data-widget_type=\"heading.default\">\n\t\t\t\t<div class=\"elementor-widget-container\">\n\t\t\t\t\t<h2 class=\"elementor-heading-title elementor-size-default\">Prepara tus vacaciones en una casa de pueblo en el Pened\u00e8s<\/h2>\t\t\t\t<\/div>\n\t\t\t\t<\/div>\n\t\t\t\t<div class=\"elementor-element elementor-element-840333f elementor-widget elementor-widget-text-editor\" data-id=\"840333f\" data-element_type=\"widget\" data-e-type=\"widget\" data-widget_type=\"text-editor.default\">\n\t\t\t\t<div class=\"elementor-widget-container\">\n\t\t\t\t\t\t\t\t\t<p>Situado en un entorno privilegiado, a pocos kil\u00f3metros de Barcelona, \u200b\u200bTarragona y el mar Mediterr\u00e1neo, el Pened\u00e8s es una zona con personalidad propia y una rica diversidad que se articula alrededor de la cultura del vino y el cava.<\/p><p>La estancia en una casa de pueblo, ya sea compartida o independiente, es el lugar ideal para adentrarse en el ritmo tranquilo de la zona, pasear sin prisa entre pueblos cargados de historia y ver como el sol se esconde tras un marzo inalcanzable de vi\u00f1edos.<\/p><p>Ya sea por una escapada de fin de semana o por un per\u00edodo largo de vacaciones, hacer turismo rural en el Pened\u00e8s ofrece al visitante un amplio abanico de oportunidades: visitar bodegas y cavas de prestigio, disfrutar de la gastronom\u00eda local, descubrir vestigios hist\u00f3ricos del rom\u00e1nico , el g\u00f3tico y el modernismo, participar de la cultura y las fiestas populares y mucho m\u00e1s!<\/p><p>No esperes m\u00e1s y empieza a preparar ahora tus vacaciones en una casa de pueblo en el Pened\u00e8s. Utiliza el buscador para conocer la disponibilidad de nuestros alojamientos y d\u00e9jate seducir por el Pened\u00e8s. Te esperamos!<\/p>\t\t\t\t\t\t\t\t<\/div>\n\t\t\t\t<\/div>\n\t\t\t\t\t<\/div>\n\t\t<\/div>\n\t\t\t\t<div class=\"elementor-column elementor-col-50 elementor-top-column elementor-element elementor-element-4c2c31d\" data-id=\"4c2c31d\" data-element_type=\"column\" data-e-type=\"column\">\n\t\t\t<div class=\"elementor-widget-wrap elementor-element-populated\">\n\t\t\t\t\t\t<div class=\"elementor-element elementor-element-381d76f elementor-widget elementor-widget-image\" data-id=\"381d76f\" data-element_type=\"widget\" data-e-type=\"widget\" data-widget_type=\"image.default\">\n\t\t\t\t<div class=\"elementor-widget-container\">\n\t\t\t\t\t\t\t\t\t\t\t\t\t\t\t<img fetchpriority=\"high\" decoding=\"async\" width=\"589\" height=\"390\" src=\"https:\/\/www.masiesdelpenedes.com\/wp-content\/uploads\/2022\/12\/masies-del-penedes-turisme-rural-11-589x390-1.jpg\" class=\"attachment-large size-large wp-image-38398\" alt=\"\" srcset=\"https:\/\/www.masiesdelpenedes.com\/wp-content\/uploads\/2022\/12\/masies-del-penedes-turisme-rural-11-589x390-1.jpg 589w, https:\/\/www.masiesdelpenedes.com\/wp-content\/uploads\/2022\/12\/masies-del-penedes-turisme-rural-11-589x390-1-300x199.jpg 300w, https:\/\/www.masiesdelpenedes.com\/wp-content\/uploads\/2022\/12\/masies-del-penedes-turisme-rural-11-589x390-1-240x160.jpg 240w\" sizes=\"(max-width: 589px) 100vw, 589px\" \/>\t\t\t\t\t\t\t\t\t\t\t\t\t\t\t<\/div>\n\t\t\t\t<\/div>\n\t\t\t\t\t<\/div>\n\t\t<\/div>\n\t\t\t\t\t<\/div>\n\t\t<\/section>\n\t\t\t\t<\/div>\n\t\t","protected":false},"excerpt":{"rendered":"<p>Casa de pueblo Hacer turismo rural en una casa de pueblo en el Pened\u00e8s ofrece la posibilidad de adentrarse t\u00e9 en el ritmo tranquilo de la zona, pasear sin prisa entre pueblos cargados de historia y ver como el sol se esconde tras un mar inabarcable de vi\u00f1edos. Una casa de pueblo es un establecimiento &#8230;<\/p>\n","protected":false},"author":1,"featured_media":0,"parent":0,"menu_order":0,"comment_status":"closed","ping_status":"closed","template":"elementor_header_footer","meta":{"inline_featured_image":false,"footnotes":""},"class_list":["post-39930","page","type-page","status-publish","hentry"],"yoast_head":"<!-- This site is optimized with the Yoast SEO plugin v27.3 - https:\/\/yoast.com\/product\/yoast-seo-wordpress\/ -->\n<title>Casa de pueblo | Masies del Pened\u00e8s<\/title>\n<meta name=\"robots\" content=\"index, follow, max-snippet:-1, max-image-preview:large, max-video-preview:-1\" \/>\n<link rel=\"canonical\" href=\"https:\/\/www.masiesdelpenedes.com\/es\/prepara-la-teva-estada-en-una-casa-de-poble-al-penedes\/\" \/>\n<meta property=\"og:locale\" content=\"es_ES\" \/>\n<meta property=\"og:type\" content=\"article\" \/>\n<meta property=\"og:title\" content=\"Casa de pueblo | Masies del Pened\u00e8s\" \/>\n<meta property=\"og:description\" content=\"Casa de pueblo Hacer turismo rural en una casa de pueblo en el Pened\u00e8s ofrece la posibilidad de adentrarse t\u00e9 en el ritmo tranquilo de la zona, pasear sin prisa entre pueblos cargados de historia y ver como el sol se esconde tras un mar inabarcable de vi\u00f1edos. Una casa de pueblo es un establecimiento ...\" \/>\n<meta property=\"og:url\" content=\"https:\/\/www.masiesdelpenedes.com\/es\/prepara-la-teva-estada-en-una-casa-de-poble-al-penedes\/\" \/>\n<meta property=\"og:site_name\" content=\"Masies del Pened\u00e8s\" \/>\n<meta property=\"article:modified_time\" content=\"2023-03-10T11:01:45+00:00\" \/>\n<meta property=\"og:image\" content=\"https:\/\/www.masiesdelpenedes.com\/wp-content\/uploads\/2022\/12\/masies-del-penedes-turisme-rural-11-589x390-1.jpg\" \/>\n<meta name=\"twitter:card\" content=\"summary_large_image\" \/>\n<meta name=\"twitter:label1\" content=\"Tiempo de lectura\" \/>\n\t<meta name=\"twitter:data1\" content=\"3 minutos\" \/>\n<script type=\"application\/ld+json\" class=\"yoast-schema-graph\">{\"@context\":\"https:\\\/\\\/schema.org\",\"@graph\":[{\"@type\":\"WebPage\",\"@id\":\"https:\\\/\\\/www.masiesdelpenedes.com\\\/es\\\/prepara-la-teva-estada-en-una-casa-de-poble-al-penedes\\\/\",\"url\":\"https:\\\/\\\/www.masiesdelpenedes.com\\\/es\\\/prepara-la-teva-estada-en-una-casa-de-poble-al-penedes\\\/\",\"name\":\"Casa de pueblo | Masies del Pened\u00e8s\",\"isPartOf\":{\"@id\":\"https:\\\/\\\/www.masiesdelpenedes.com\\\/#website\"},\"primaryImageOfPage\":{\"@id\":\"https:\\\/\\\/www.masiesdelpenedes.com\\\/es\\\/prepara-la-teva-estada-en-una-casa-de-poble-al-penedes\\\/#primaryimage\"},\"image\":{\"@id\":\"https:\\\/\\\/www.masiesdelpenedes.com\\\/es\\\/prepara-la-teva-estada-en-una-casa-de-poble-al-penedes\\\/#primaryimage\"},\"thumbnailUrl\":\"https:\\\/\\\/www.masiesdelpenedes.com\\\/wp-content\\\/uploads\\\/2022\\\/12\\\/masies-del-penedes-turisme-rural-11-589x390-1.jpg\",\"datePublished\":\"2022-12-20T09:50:58+00:00\",\"dateModified\":\"2023-03-10T11:01:45+00:00\",\"breadcrumb\":{\"@id\":\"https:\\\/\\\/www.masiesdelpenedes.com\\\/es\\\/prepara-la-teva-estada-en-una-casa-de-poble-al-penedes\\\/#breadcrumb\"},\"inLanguage\":\"es\",\"potentialAction\":[{\"@type\":\"ReadAction\",\"target\":[\"https:\\\/\\\/www.masiesdelpenedes.com\\\/es\\\/prepara-la-teva-estada-en-una-casa-de-poble-al-penedes\\\/\"]}]},{\"@type\":\"ImageObject\",\"inLanguage\":\"es\",\"@id\":\"https:\\\/\\\/www.masiesdelpenedes.com\\\/es\\\/prepara-la-teva-estada-en-una-casa-de-poble-al-penedes\\\/#primaryimage\",\"url\":\"https:\\\/\\\/www.masiesdelpenedes.com\\\/wp-content\\\/uploads\\\/2022\\\/12\\\/masies-del-penedes-turisme-rural-11-589x390-1.jpg\",\"contentUrl\":\"https:\\\/\\\/www.masiesdelpenedes.com\\\/wp-content\\\/uploads\\\/2022\\\/12\\\/masies-del-penedes-turisme-rural-11-589x390-1.jpg\"},{\"@type\":\"BreadcrumbList\",\"@id\":\"https:\\\/\\\/www.masiesdelpenedes.com\\\/es\\\/prepara-la-teva-estada-en-una-casa-de-poble-al-penedes\\\/#breadcrumb\",\"itemListElement\":[{\"@type\":\"ListItem\",\"position\":1,\"name\":\"Inici\",\"item\":\"https:\\\/\\\/www.masiesdelpenedes.com\\\/\"},{\"@type\":\"ListItem\",\"position\":2,\"name\":\"Casa de pueblo\"}]},{\"@type\":\"WebSite\",\"@id\":\"https:\\\/\\\/www.masiesdelpenedes.com\\\/#website\",\"url\":\"https:\\\/\\\/www.masiesdelpenedes.com\\\/\",\"name\":\"Masies del Pened\u00e8s\",\"description\":\"\",\"potentialAction\":[{\"@type\":\"SearchAction\",\"target\":{\"@type\":\"EntryPoint\",\"urlTemplate\":\"https:\\\/\\\/www.masiesdelpenedes.com\\\/?s={search_term_string}\"},\"query-input\":{\"@type\":\"PropertyValueSpecification\",\"valueRequired\":true,\"valueName\":\"search_term_string\"}}],\"inLanguage\":\"es\"}]}<\/script>\n<!-- \/ Yoast SEO plugin. -->","yoast_head_json":{"title":"Casa de pueblo | Masies del Pened\u00e8s","robots":{"index":"index","follow":"follow","max-snippet":"max-snippet:-1","max-image-preview":"max-image-preview:large","max-video-preview":"max-video-preview:-1"},"canonical":"https:\/\/www.masiesdelpenedes.com\/es\/prepara-la-teva-estada-en-una-casa-de-poble-al-penedes\/","og_locale":"es_ES","og_type":"article","og_title":"Casa de pueblo | Masies del Pened\u00e8s","og_description":"Casa de pueblo Hacer turismo rural en una casa de pueblo en el Pened\u00e8s ofrece la posibilidad de adentrarse t\u00e9 en el ritmo tranquilo de la zona, pasear sin prisa entre pueblos cargados de historia y ver como el sol se esconde tras un mar inabarcable de vi\u00f1edos. Una casa de pueblo es un establecimiento ...","og_url":"https:\/\/www.masiesdelpenedes.com\/es\/prepara-la-teva-estada-en-una-casa-de-poble-al-penedes\/","og_site_name":"Masies del Pened\u00e8s","article_modified_time":"2023-03-10T11:01:45+00:00","og_image":[{"url":"https:\/\/www.masiesdelpenedes.com\/wp-content\/uploads\/2022\/12\/masies-del-penedes-turisme-rural-11-589x390-1.jpg","type":"","width":"","height":""}],"twitter_card":"summary_large_image","twitter_misc":{"Tiempo de lectura":"3 minutos"},"schema":{"@context":"https:\/\/schema.org","@graph":[{"@type":"WebPage","@id":"https:\/\/www.masiesdelpenedes.com\/es\/prepara-la-teva-estada-en-una-casa-de-poble-al-penedes\/","url":"https:\/\/www.masiesdelpenedes.com\/es\/prepara-la-teva-estada-en-una-casa-de-poble-al-penedes\/","name":"Casa de pueblo | Masies del Pened\u00e8s","isPartOf":{"@id":"https:\/\/www.masiesdelpenedes.com\/#website"},"primaryImageOfPage":{"@id":"https:\/\/www.masiesdelpenedes.com\/es\/prepara-la-teva-estada-en-una-casa-de-poble-al-penedes\/#primaryimage"},"image":{"@id":"https:\/\/www.masiesdelpenedes.com\/es\/prepara-la-teva-estada-en-una-casa-de-poble-al-penedes\/#primaryimage"},"thumbnailUrl":"https:\/\/www.masiesdelpenedes.com\/wp-content\/uploads\/2022\/12\/masies-del-penedes-turisme-rural-11-589x390-1.jpg","datePublished":"2022-12-20T09:50:58+00:00","dateModified":"2023-03-10T11:01:45+00:00","breadcrumb":{"@id":"https:\/\/www.masiesdelpenedes.com\/es\/prepara-la-teva-estada-en-una-casa-de-poble-al-penedes\/#breadcrumb"},"inLanguage":"es","potentialAction":[{"@type":"ReadAction","target":["https:\/\/www.masiesdelpenedes.com\/es\/prepara-la-teva-estada-en-una-casa-de-poble-al-penedes\/"]}]},{"@type":"ImageObject","inLanguage":"es","@id":"https:\/\/www.masiesdelpenedes.com\/es\/prepara-la-teva-estada-en-una-casa-de-poble-al-penedes\/#primaryimage","url":"https:\/\/www.masiesdelpenedes.com\/wp-content\/uploads\/2022\/12\/masies-del-penedes-turisme-rural-11-589x390-1.jpg","contentUrl":"https:\/\/www.masiesdelpenedes.com\/wp-content\/uploads\/2022\/12\/masies-del-penedes-turisme-rural-11-589x390-1.jpg"},{"@type":"BreadcrumbList","@id":"https:\/\/www.masiesdelpenedes.com\/es\/prepara-la-teva-estada-en-una-casa-de-poble-al-penedes\/#breadcrumb","itemListElement":[{"@type":"ListItem","position":1,"name":"Inici","item":"https:\/\/www.masiesdelpenedes.com\/"},{"@type":"ListItem","position":2,"name":"Casa de pueblo"}]},{"@type":"WebSite","@id":"https:\/\/www.masiesdelpenedes.com\/#website","url":"https:\/\/www.masiesdelpenedes.com\/","name":"Masies del Pened\u00e8s","description":"","potentialAction":[{"@type":"SearchAction","target":{"@type":"EntryPoint","urlTemplate":"https:\/\/www.masiesdelpenedes.com\/?s={search_term_string}"},"query-input":{"@type":"PropertyValueSpecification","valueRequired":true,"valueName":"search_term_string"}}],"inLanguage":"es"}]}},"_links":{"self":[{"href":"https:\/\/www.masiesdelpenedes.com\/es\/wp-json\/wp\/v2\/pages\/39930","targetHints":{"allow":["GET"]}}],"collection":[{"href":"https:\/\/www.masiesdelpenedes.com\/es\/wp-json\/wp\/v2\/pages"}],"about":[{"href":"https:\/\/www.masiesdelpenedes.com\/es\/wp-json\/wp\/v2\/types\/page"}],"author":[{"embeddable":true,"href":"https:\/\/www.masiesdelpenedes.com\/es\/wp-json\/wp\/v2\/users\/1"}],"replies":[{"embeddable":true,"href":"https:\/\/www.masiesdelpenedes.com\/es\/wp-json\/wp\/v2\/comments?post=39930"}],"version-history":[{"count":8,"href":"https:\/\/www.masiesdelpenedes.com\/es\/wp-json\/wp\/v2\/pages\/39930\/revisions"}],"predecessor-version":[{"id":39941,"href":"https:\/\/www.masiesdelpenedes.com\/es\/wp-json\/wp\/v2\/pages\/39930\/revisions\/39941"}],"wp:attachment":[{"href":"https:\/\/www.masiesdelpenedes.com\/es\/wp-json\/wp\/v2\/media?parent=39930"}],"curies":[{"name":"wp","href":"https:\/\/api.w.org\/{rel}","templated":true}]}}