{"id":39920,"date":"2022-12-20T11:44:33","date_gmt":"2022-12-20T09:44:33","guid":{"rendered":"https:\/\/www.masiesdelpenedes.com\/turisme-en-un-allotjament-rural-al-penedes\/"},"modified":"2023-03-10T12:35:14","modified_gmt":"2023-03-10T10:35:14","slug":"turismo-en-un-alojamiento-rural-en-el-penedes","status":"publish","type":"page","link":"https:\/\/www.masiesdelpenedes.com\/es\/turismo-en-un-alojamiento-rural-en-el-penedes\/","title":{"rendered":"Alojamiento rural"},"content":{"rendered":"\t\t<div data-elementor-type=\"wp-page\" data-elementor-id=\"39920\" class=\"elementor elementor-39920 elementor-38379\">\n\t\t\t\t\t\t<section class=\"elementor-section elementor-top-section elementor-element elementor-element-022eabd elementor-section-boxed elementor-section-height-default elementor-section-height-default\" data-id=\"022eabd\" data-element_type=\"section\" data-e-type=\"section\">\n\t\t\t\t\t\t<div class=\"elementor-container elementor-column-gap-default\">\n\t\t\t\t\t<div class=\"elementor-column elementor-col-100 elementor-top-column elementor-element elementor-element-e0e8288\" data-id=\"e0e8288\" data-element_type=\"column\" data-e-type=\"column\">\n\t\t\t<div class=\"elementor-widget-wrap elementor-element-populated\">\n\t\t\t\t\t\t<div class=\"elementor-element elementor-element-e8450b4 elementor-widget elementor-widget-spacer\" data-id=\"e8450b4\" data-element_type=\"widget\" data-e-type=\"widget\" data-widget_type=\"spacer.default\">\n\t\t\t\t<div class=\"elementor-widget-container\">\n\t\t\t\t\t\t\t<div class=\"elementor-spacer\">\n\t\t\t<div class=\"elementor-spacer-inner\"><\/div>\n\t\t<\/div>\n\t\t\t\t\t\t<\/div>\n\t\t\t\t<\/div>\n\t\t\t\t<div class=\"elementor-element elementor-element-5b56a22 elementor-widget elementor-widget-heading\" data-id=\"5b56a22\" data-element_type=\"widget\" data-e-type=\"widget\" data-widget_type=\"heading.default\">\n\t\t\t\t<div class=\"elementor-widget-container\">\n\t\t\t\t\t<h1 class=\"elementor-heading-title elementor-size-default\">Alojamiento rural<\/h1>\t\t\t\t<\/div>\n\t\t\t\t<\/div>\n\t\t\t\t<div class=\"elementor-element elementor-element-a2202d7 elementor-widget elementor-widget-heading\" data-id=\"a2202d7\" data-element_type=\"widget\" data-e-type=\"widget\" data-widget_type=\"heading.default\">\n\t\t\t\t<div class=\"elementor-widget-container\">\n\t\t\t\t\t<h2 class=\"elementor-heading-title elementor-size-default\">Hacer turismo en un alojamiento rural en el Pened\u00e8s, situado en un entorno privilegiado, a pocos kil\u00f3metros de Barcelona, \u200b\u200bTarragona y el mar Mediterr\u00e1neo, es descubrir una zona con personalidad propia y una rica diversidad que se articula alrededor de la cultura del vino y el cava.<\/h2>\t\t\t\t<\/div>\n\t\t\t\t<\/div>\n\t\t\t\t<div class=\"elementor-element elementor-element-4518ae2 elementor-widget elementor-widget-text-editor\" data-id=\"4518ae2\" data-element_type=\"widget\" data-e-type=\"widget\" data-widget_type=\"text-editor.default\">\n\t\t\t\t<div class=\"elementor-widget-container\">\n\t\t\t\t\t\t\t\t\t<p>La estancia de turismo rural en un alojamiento rural en el Pened\u00e8s es aquella que se realiza en un establecimiento donde el titular no se dedica profesionalmente a la agricultura. Los alojamientos rurales de la Asociaci\u00f3 de Masies del Pened\u00e8s son de diferentes tipos, seg\u00fan si est\u00e1n dentro o fuera de un n\u00facleo urbano o si se alquilan por habitaciones o enteros.<\/p><p>El alojamiento rural siutado fuera del n\u00facleo urbano que se alquila por habitaciones recibe el nombre de mas\u00eda, y el que se alquila entero, granja. El alojamiento rural situado dentro de un n\u00facleo urbano se llama casa de pueblo compartida, cuando el servicio de alojamiento es en r\u00e9gimen de habitaciones, o independiente, cuando se alquila la casa entera.<\/p>\t\t\t\t\t\t\t\t<\/div>\n\t\t\t\t<\/div>\n\t\t\t\t<div class=\"elementor-element elementor-element-cf40ea6 elementor-widget elementor-widget-spacer\" data-id=\"cf40ea6\" data-element_type=\"widget\" data-e-type=\"widget\" data-widget_type=\"spacer.default\">\n\t\t\t\t<div class=\"elementor-widget-container\">\n\t\t\t\t\t\t\t<div class=\"elementor-spacer\">\n\t\t\t<div class=\"elementor-spacer-inner\"><\/div>\n\t\t<\/div>\n\t\t\t\t\t\t<\/div>\n\t\t\t\t<\/div>\n\t\t\t\t\t<\/div>\n\t\t<\/div>\n\t\t\t\t\t<\/div>\n\t\t<\/section>\n\t\t\t\t<section class=\"elementor-section elementor-top-section elementor-element elementor-element-e779d66 elementor-section-boxed elementor-section-height-default elementor-section-height-default\" data-id=\"e779d66\" data-element_type=\"section\" data-e-type=\"section\">\n\t\t\t\t\t\t<div class=\"elementor-container elementor-column-gap-default\">\n\t\t\t\t\t<div class=\"elementor-column elementor-col-50 elementor-top-column elementor-element elementor-element-80bdda6\" data-id=\"80bdda6\" data-element_type=\"column\" data-e-type=\"column\">\n\t\t\t<div class=\"elementor-widget-wrap elementor-element-populated\">\n\t\t\t\t\t\t<div class=\"elementor-element elementor-element-f2b6d62 elementor-widget elementor-widget-heading\" data-id=\"f2b6d62\" data-element_type=\"widget\" data-e-type=\"widget\" data-widget_type=\"heading.default\">\n\t\t\t\t<div class=\"elementor-widget-container\">\n\t\t\t\t\t<h2 class=\"elementor-heading-title elementor-size-default\">Escapada rural en un alojamiento rural en el Pened\u00e8s<\/h2>\t\t\t\t<\/div>\n\t\t\t\t<\/div>\n\t\t\t\t<div class=\"elementor-element elementor-element-840333f elementor-widget elementor-widget-text-editor\" data-id=\"840333f\" data-element_type=\"widget\" data-e-type=\"widget\" data-widget_type=\"text-editor.default\">\n\t\t\t\t<div class=\"elementor-widget-container\">\n\t\t\t\t\t\t\t\t\t<p>Hacer turismo rural, ya sea por un fin de semana o para unas vacaciones, en un alojamiento rural en el coraz\u00f3n del Pened\u00e8s ofrece al visitante la posibilidad de adentrarse en el ritmo tranquilo de la zona, pasear sin prisa entre pueblos cargados de historia y ver como el sol se esconde tras un mar inabarcable de vi\u00f1edos.<\/p><p>El turismo rural es la f\u00f3rmula perfecta para entender el proceso de elaboraci\u00f3n de los productos (vinos y cavas) de la zona, descubriendo los secretos que se esconden en los t\u00faneles subterr\u00e1neos de cerca de un centenar de cavas y bodegas, y al mismo tiempo disfrutar de la gastronom\u00eda local, protagonizada por productos aut\u00f3ctonos de alta calidad.<\/p><p>El Pened\u00e8s ofrece tambi\u00e9n al visitante infinitas actividades y recursos tur\u00edsticos, como el VINSEUM Museo de las Culturas del Vino de Catalu\u00f1a, en Vilafranca del Pened\u00e8s, y el Centro de Interpretaci\u00f3n del Cava, en Sant Sadurn\u00ed, as\u00ed como visitas y rutas guiadas, castillos y conjuntos arquitect\u00f3nicos del per\u00edodo rom\u00e1nico, g\u00f3tico y modernista y m\u00faltiples actividades al aire libre y de aventura (senderismo, quads, caballos, bicicletas, 4\u00d74, etc.).<\/p><p>No esperes m\u00e1s y prepara ya tu estancia en un alojamiento rural en el Pened\u00e8s. Utiliza el buscador para conocer la disponibilidad de nuestros establecimientos y d\u00e9jate seducir por el Pened\u00e8s. Te esperamos!<\/p>\t\t\t\t\t\t\t\t<\/div>\n\t\t\t\t<\/div>\n\t\t\t\t\t<\/div>\n\t\t<\/div>\n\t\t\t\t<div class=\"elementor-column elementor-col-50 elementor-top-column elementor-element elementor-element-4c2c31d\" data-id=\"4c2c31d\" data-element_type=\"column\" data-e-type=\"column\">\n\t\t\t<div class=\"elementor-widget-wrap elementor-element-populated\">\n\t\t\t\t\t\t<div class=\"elementor-element elementor-element-381d76f elementor-widget elementor-widget-image\" data-id=\"381d76f\" data-element_type=\"widget\" data-e-type=\"widget\" data-widget_type=\"image.default\">\n\t\t\t\t<div class=\"elementor-widget-container\">\n\t\t\t\t\t\t\t\t\t\t\t\t\t\t\t<img fetchpriority=\"high\" decoding=\"async\" width=\"594\" height=\"390\" src=\"https:\/\/www.masiesdelpenedes.com\/wp-content\/uploads\/2022\/12\/masies-del-penedes-turisme-rural-09-594x390-1.jpg\" class=\"attachment-large size-large wp-image-38382\" alt=\"\" srcset=\"https:\/\/www.masiesdelpenedes.com\/wp-content\/uploads\/2022\/12\/masies-del-penedes-turisme-rural-09-594x390-1.jpg 594w, https:\/\/www.masiesdelpenedes.com\/wp-content\/uploads\/2022\/12\/masies-del-penedes-turisme-rural-09-594x390-1-300x197.jpg 300w\" sizes=\"(max-width: 594px) 100vw, 594px\" \/>\t\t\t\t\t\t\t\t\t\t\t\t\t\t\t<\/div>\n\t\t\t\t<\/div>\n\t\t\t\t\t<\/div>\n\t\t<\/div>\n\t\t\t\t\t<\/div>\n\t\t<\/section>\n\t\t\t\t<\/div>\n\t\t","protected":false},"excerpt":{"rendered":"<p>Alojamiento rural Hacer turismo en un alojamiento rural en el Pened\u00e8s, situado en un entorno privilegiado, a pocos kil\u00f3metros de Barcelona, \u200b\u200bTarragona y el mar Mediterr\u00e1neo, es descubrir una zona con personalidad propia y una rica diversidad que se articula alrededor de la cultura del vino y el cava. La estancia de turismo rural en &#8230;<\/p>\n","protected":false},"author":1,"featured_media":0,"parent":0,"menu_order":0,"comment_status":"closed","ping_status":"closed","template":"elementor_header_footer","meta":{"inline_featured_image":false,"footnotes":""},"class_list":["post-39920","page","type-page","status-publish","hentry"],"yoast_head":"<!-- This site is optimized with the Yoast SEO plugin v27.3 - https:\/\/yoast.com\/product\/yoast-seo-wordpress\/ -->\n<title>Alojamiento rural | Masies del Pened\u00e8s<\/title>\n<meta name=\"robots\" content=\"index, follow, max-snippet:-1, max-image-preview:large, max-video-preview:-1\" \/>\n<link rel=\"canonical\" href=\"https:\/\/www.masiesdelpenedes.com\/es\/turismo-en-un-alojamiento-rural-en-el-penedes\/\" \/>\n<meta property=\"og:locale\" content=\"es_ES\" \/>\n<meta property=\"og:type\" content=\"article\" \/>\n<meta property=\"og:title\" content=\"Alojamiento rural | Masies del Pened\u00e8s\" \/>\n<meta property=\"og:description\" content=\"Alojamiento rural Hacer turismo en un alojamiento rural en el Pened\u00e8s, situado en un entorno privilegiado, a pocos kil\u00f3metros de Barcelona, \u200b\u200bTarragona y el mar Mediterr\u00e1neo, es descubrir una zona con personalidad propia y una rica diversidad que se articula alrededor de la cultura del vino y el cava. La estancia de turismo rural en ...\" \/>\n<meta property=\"og:url\" content=\"https:\/\/www.masiesdelpenedes.com\/es\/turismo-en-un-alojamiento-rural-en-el-penedes\/\" \/>\n<meta property=\"og:site_name\" content=\"Masies del Pened\u00e8s\" \/>\n<meta property=\"article:modified_time\" content=\"2023-03-10T10:35:14+00:00\" \/>\n<meta property=\"og:image\" content=\"https:\/\/www.masiesdelpenedes.com\/wp-content\/uploads\/2022\/12\/masies-del-penedes-turisme-rural-09-594x390-1.jpg\" \/>\n<meta name=\"twitter:card\" content=\"summary_large_image\" \/>\n<meta name=\"twitter:label1\" content=\"Tiempo de lectura\" \/>\n\t<meta name=\"twitter:data1\" content=\"2 minutos\" \/>\n<script type=\"application\/ld+json\" class=\"yoast-schema-graph\">{\"@context\":\"https:\\\/\\\/schema.org\",\"@graph\":[{\"@type\":\"WebPage\",\"@id\":\"https:\\\/\\\/www.masiesdelpenedes.com\\\/es\\\/turismo-en-un-alojamiento-rural-en-el-penedes\\\/\",\"url\":\"https:\\\/\\\/www.masiesdelpenedes.com\\\/es\\\/turismo-en-un-alojamiento-rural-en-el-penedes\\\/\",\"name\":\"Alojamiento rural | Masies del Pened\u00e8s\",\"isPartOf\":{\"@id\":\"https:\\\/\\\/www.masiesdelpenedes.com\\\/#website\"},\"primaryImageOfPage\":{\"@id\":\"https:\\\/\\\/www.masiesdelpenedes.com\\\/es\\\/turismo-en-un-alojamiento-rural-en-el-penedes\\\/#primaryimage\"},\"image\":{\"@id\":\"https:\\\/\\\/www.masiesdelpenedes.com\\\/es\\\/turismo-en-un-alojamiento-rural-en-el-penedes\\\/#primaryimage\"},\"thumbnailUrl\":\"https:\\\/\\\/www.masiesdelpenedes.com\\\/wp-content\\\/uploads\\\/2022\\\/12\\\/masies-del-penedes-turisme-rural-09-594x390-1.jpg\",\"datePublished\":\"2022-12-20T09:44:33+00:00\",\"dateModified\":\"2023-03-10T10:35:14+00:00\",\"breadcrumb\":{\"@id\":\"https:\\\/\\\/www.masiesdelpenedes.com\\\/es\\\/turismo-en-un-alojamiento-rural-en-el-penedes\\\/#breadcrumb\"},\"inLanguage\":\"es\",\"potentialAction\":[{\"@type\":\"ReadAction\",\"target\":[\"https:\\\/\\\/www.masiesdelpenedes.com\\\/es\\\/turismo-en-un-alojamiento-rural-en-el-penedes\\\/\"]}]},{\"@type\":\"ImageObject\",\"inLanguage\":\"es\",\"@id\":\"https:\\\/\\\/www.masiesdelpenedes.com\\\/es\\\/turismo-en-un-alojamiento-rural-en-el-penedes\\\/#primaryimage\",\"url\":\"https:\\\/\\\/www.masiesdelpenedes.com\\\/wp-content\\\/uploads\\\/2022\\\/12\\\/masies-del-penedes-turisme-rural-09-594x390-1.jpg\",\"contentUrl\":\"https:\\\/\\\/www.masiesdelpenedes.com\\\/wp-content\\\/uploads\\\/2022\\\/12\\\/masies-del-penedes-turisme-rural-09-594x390-1.jpg\"},{\"@type\":\"BreadcrumbList\",\"@id\":\"https:\\\/\\\/www.masiesdelpenedes.com\\\/es\\\/turismo-en-un-alojamiento-rural-en-el-penedes\\\/#breadcrumb\",\"itemListElement\":[{\"@type\":\"ListItem\",\"position\":1,\"name\":\"Inici\",\"item\":\"https:\\\/\\\/www.masiesdelpenedes.com\\\/\"},{\"@type\":\"ListItem\",\"position\":2,\"name\":\"Alojamiento rural\"}]},{\"@type\":\"WebSite\",\"@id\":\"https:\\\/\\\/www.masiesdelpenedes.com\\\/#website\",\"url\":\"https:\\\/\\\/www.masiesdelpenedes.com\\\/\",\"name\":\"Masies del Pened\u00e8s\",\"description\":\"\",\"potentialAction\":[{\"@type\":\"SearchAction\",\"target\":{\"@type\":\"EntryPoint\",\"urlTemplate\":\"https:\\\/\\\/www.masiesdelpenedes.com\\\/?s={search_term_string}\"},\"query-input\":{\"@type\":\"PropertyValueSpecification\",\"valueRequired\":true,\"valueName\":\"search_term_string\"}}],\"inLanguage\":\"es\"}]}<\/script>\n<!-- \/ Yoast SEO plugin. -->","yoast_head_json":{"title":"Alojamiento rural | Masies del Pened\u00e8s","robots":{"index":"index","follow":"follow","max-snippet":"max-snippet:-1","max-image-preview":"max-image-preview:large","max-video-preview":"max-video-preview:-1"},"canonical":"https:\/\/www.masiesdelpenedes.com\/es\/turismo-en-un-alojamiento-rural-en-el-penedes\/","og_locale":"es_ES","og_type":"article","og_title":"Alojamiento rural | Masies del Pened\u00e8s","og_description":"Alojamiento rural Hacer turismo en un alojamiento rural en el Pened\u00e8s, situado en un entorno privilegiado, a pocos kil\u00f3metros de Barcelona, \u200b\u200bTarragona y el mar Mediterr\u00e1neo, es descubrir una zona con personalidad propia y una rica diversidad que se articula alrededor de la cultura del vino y el cava. La estancia de turismo rural en ...","og_url":"https:\/\/www.masiesdelpenedes.com\/es\/turismo-en-un-alojamiento-rural-en-el-penedes\/","og_site_name":"Masies del Pened\u00e8s","article_modified_time":"2023-03-10T10:35:14+00:00","og_image":[{"url":"https:\/\/www.masiesdelpenedes.com\/wp-content\/uploads\/2022\/12\/masies-del-penedes-turisme-rural-09-594x390-1.jpg","type":"","width":"","height":""}],"twitter_card":"summary_large_image","twitter_misc":{"Tiempo de lectura":"2 minutos"},"schema":{"@context":"https:\/\/schema.org","@graph":[{"@type":"WebPage","@id":"https:\/\/www.masiesdelpenedes.com\/es\/turismo-en-un-alojamiento-rural-en-el-penedes\/","url":"https:\/\/www.masiesdelpenedes.com\/es\/turismo-en-un-alojamiento-rural-en-el-penedes\/","name":"Alojamiento rural | Masies del Pened\u00e8s","isPartOf":{"@id":"https:\/\/www.masiesdelpenedes.com\/#website"},"primaryImageOfPage":{"@id":"https:\/\/www.masiesdelpenedes.com\/es\/turismo-en-un-alojamiento-rural-en-el-penedes\/#primaryimage"},"image":{"@id":"https:\/\/www.masiesdelpenedes.com\/es\/turismo-en-un-alojamiento-rural-en-el-penedes\/#primaryimage"},"thumbnailUrl":"https:\/\/www.masiesdelpenedes.com\/wp-content\/uploads\/2022\/12\/masies-del-penedes-turisme-rural-09-594x390-1.jpg","datePublished":"2022-12-20T09:44:33+00:00","dateModified":"2023-03-10T10:35:14+00:00","breadcrumb":{"@id":"https:\/\/www.masiesdelpenedes.com\/es\/turismo-en-un-alojamiento-rural-en-el-penedes\/#breadcrumb"},"inLanguage":"es","potentialAction":[{"@type":"ReadAction","target":["https:\/\/www.masiesdelpenedes.com\/es\/turismo-en-un-alojamiento-rural-en-el-penedes\/"]}]},{"@type":"ImageObject","inLanguage":"es","@id":"https:\/\/www.masiesdelpenedes.com\/es\/turismo-en-un-alojamiento-rural-en-el-penedes\/#primaryimage","url":"https:\/\/www.masiesdelpenedes.com\/wp-content\/uploads\/2022\/12\/masies-del-penedes-turisme-rural-09-594x390-1.jpg","contentUrl":"https:\/\/www.masiesdelpenedes.com\/wp-content\/uploads\/2022\/12\/masies-del-penedes-turisme-rural-09-594x390-1.jpg"},{"@type":"BreadcrumbList","@id":"https:\/\/www.masiesdelpenedes.com\/es\/turismo-en-un-alojamiento-rural-en-el-penedes\/#breadcrumb","itemListElement":[{"@type":"ListItem","position":1,"name":"Inici","item":"https:\/\/www.masiesdelpenedes.com\/"},{"@type":"ListItem","position":2,"name":"Alojamiento rural"}]},{"@type":"WebSite","@id":"https:\/\/www.masiesdelpenedes.com\/#website","url":"https:\/\/www.masiesdelpenedes.com\/","name":"Masies del Pened\u00e8s","description":"","potentialAction":[{"@type":"SearchAction","target":{"@type":"EntryPoint","urlTemplate":"https:\/\/www.masiesdelpenedes.com\/?s={search_term_string}"},"query-input":{"@type":"PropertyValueSpecification","valueRequired":true,"valueName":"search_term_string"}}],"inLanguage":"es"}]}},"_links":{"self":[{"href":"https:\/\/www.masiesdelpenedes.com\/es\/wp-json\/wp\/v2\/pages\/39920","targetHints":{"allow":["GET"]}}],"collection":[{"href":"https:\/\/www.masiesdelpenedes.com\/es\/wp-json\/wp\/v2\/pages"}],"about":[{"href":"https:\/\/www.masiesdelpenedes.com\/es\/wp-json\/wp\/v2\/types\/page"}],"author":[{"embeddable":true,"href":"https:\/\/www.masiesdelpenedes.com\/es\/wp-json\/wp\/v2\/users\/1"}],"replies":[{"embeddable":true,"href":"https:\/\/www.masiesdelpenedes.com\/es\/wp-json\/wp\/v2\/comments?post=39920"}],"version-history":[{"count":4,"href":"https:\/\/www.masiesdelpenedes.com\/es\/wp-json\/wp\/v2\/pages\/39920\/revisions"}],"predecessor-version":[{"id":39924,"href":"https:\/\/www.masiesdelpenedes.com\/es\/wp-json\/wp\/v2\/pages\/39920\/revisions\/39924"}],"wp:attachment":[{"href":"https:\/\/www.masiesdelpenedes.com\/es\/wp-json\/wp\/v2\/media?parent=39920"}],"curies":[{"name":"wp","href":"https:\/\/api.w.org\/{rel}","templated":true}]}}