{"id":39905,"date":"2022-12-20T11:35:15","date_gmt":"2022-12-20T09:35:15","guid":{"rendered":"https:\/\/www.masiesdelpenedes.com\/turisme-rural-en-una-casa-de-pages-al-penedes\/"},"modified":"2023-03-10T12:32:09","modified_gmt":"2023-03-10T10:32:09","slug":"turismo-rural-en-una-casa-de-campo-en-el-penedes","status":"publish","type":"page","link":"https:\/\/www.masiesdelpenedes.com\/es\/turismo-rural-en-una-casa-de-campo-en-el-penedes\/","title":{"rendered":"Casa de pag\u00e8s"},"content":{"rendered":"\t\t<div data-elementor-type=\"wp-page\" data-elementor-id=\"39905\" class=\"elementor elementor-39905 elementor-38370\">\n\t\t\t\t\t\t<section class=\"elementor-section elementor-top-section elementor-element elementor-element-022eabd elementor-section-boxed elementor-section-height-default elementor-section-height-default\" data-id=\"022eabd\" data-element_type=\"section\" data-e-type=\"section\">\n\t\t\t\t\t\t<div class=\"elementor-container elementor-column-gap-default\">\n\t\t\t\t\t<div class=\"elementor-column elementor-col-100 elementor-top-column elementor-element elementor-element-e0e8288\" data-id=\"e0e8288\" data-element_type=\"column\" data-e-type=\"column\">\n\t\t\t<div class=\"elementor-widget-wrap elementor-element-populated\">\n\t\t\t\t\t\t<div class=\"elementor-element elementor-element-e8450b4 elementor-widget elementor-widget-spacer\" data-id=\"e8450b4\" data-element_type=\"widget\" data-e-type=\"widget\" data-widget_type=\"spacer.default\">\n\t\t\t\t<div class=\"elementor-widget-container\">\n\t\t\t\t\t\t\t<div class=\"elementor-spacer\">\n\t\t\t<div class=\"elementor-spacer-inner\"><\/div>\n\t\t<\/div>\n\t\t\t\t\t\t<\/div>\n\t\t\t\t<\/div>\n\t\t\t\t<div class=\"elementor-element elementor-element-5b56a22 elementor-widget elementor-widget-heading\" data-id=\"5b56a22\" data-element_type=\"widget\" data-e-type=\"widget\" data-widget_type=\"heading.default\">\n\t\t\t\t<div class=\"elementor-widget-container\">\n\t\t\t\t\t<h1 class=\"elementor-heading-title elementor-size-default\">Casa de campo<\/h1>\t\t\t\t<\/div>\n\t\t\t\t<\/div>\n\t\t\t\t<div class=\"elementor-element elementor-element-a2202d7 elementor-widget elementor-widget-heading\" data-id=\"a2202d7\" data-element_type=\"widget\" data-e-type=\"widget\" data-widget_type=\"heading.default\">\n\t\t\t\t<div class=\"elementor-widget-container\">\n\t\t\t\t\t<h2 class=\"elementor-heading-title elementor-size-default\">Hacer turismo rural en una casa de campo en el Pened\u00e8s, situado en un entorno privilegiado, a pocos kil\u00f3metros de Barcelona, \u200b\u200bTarragona y el mar Mediterr\u00e1neo, es descubrir una zona con personalidad propia y una rica diversidad que se articula alrededor de la cultura del vino y el cava.<\/h2>\t\t\t\t<\/div>\n\t\t\t\t<\/div>\n\t\t\t\t<div class=\"elementor-element elementor-element-4518ae2 elementor-widget elementor-widget-text-editor\" data-id=\"4518ae2\" data-element_type=\"widget\" data-e-type=\"widget\" data-widget_type=\"text-editor.default\">\n\t\t\t\t<div class=\"elementor-widget-container\">\n\t\t\t\t\t\t\t\t\t<p>La estancia de turismo rural en una casa de campo, tambi\u00e9n conocido como agroturismo, es aquella que se realiza en un establecimiento donde el titular es agricultor o agricultora profesional, es decir, donde la persona titular de la vivienda realiza actividades agrarias que, en muchos casos, pueden ser un complemento muy interesante para las personas que hacen estancia, que pueden as\u00ed vivir en primera persona c\u00f3mo es la vida en el campo en pleno siglo XXI.<\/p><p>Las casas de campo de la Asociaci\u00f3 de Masies del Pened\u00e8s son de diferentes tipos, seg\u00fan si est\u00e1n dentro o fuera de un n\u00facleo urbano o si se alquilan por habitaciones o completas.<\/p><p>La casa de campo siutada fuera del n\u00facleo urbano que se alquila por habitaciones recibe el nombre de mas\u00eda, y la que se alquila entero, granja. La casa de campo situada dentro de un n\u00facleo urbano se llama casa de pueblo compartida, cuando el servicio de alojamiento es en r\u00e9gimen de habitaciones, o independiente, cuando se alquila la casa entera.<\/p>\t\t\t\t\t\t\t\t<\/div>\n\t\t\t\t<\/div>\n\t\t\t\t<div class=\"elementor-element elementor-element-cf40ea6 elementor-widget elementor-widget-spacer\" data-id=\"cf40ea6\" data-element_type=\"widget\" data-e-type=\"widget\" data-widget_type=\"spacer.default\">\n\t\t\t\t<div class=\"elementor-widget-container\">\n\t\t\t\t\t\t\t<div class=\"elementor-spacer\">\n\t\t\t<div class=\"elementor-spacer-inner\"><\/div>\n\t\t<\/div>\n\t\t\t\t\t\t<\/div>\n\t\t\t\t<\/div>\n\t\t\t\t\t<\/div>\n\t\t<\/div>\n\t\t\t\t\t<\/div>\n\t\t<\/section>\n\t\t\t\t<section class=\"elementor-section elementor-top-section elementor-element elementor-element-e779d66 elementor-section-boxed elementor-section-height-default elementor-section-height-default\" data-id=\"e779d66\" data-element_type=\"section\" data-e-type=\"section\">\n\t\t\t\t\t\t<div class=\"elementor-container elementor-column-gap-default\">\n\t\t\t\t\t<div class=\"elementor-column elementor-col-50 elementor-top-column elementor-element elementor-element-80bdda6\" data-id=\"80bdda6\" data-element_type=\"column\" data-e-type=\"column\">\n\t\t\t<div class=\"elementor-widget-wrap elementor-element-populated\">\n\t\t\t\t\t\t<div class=\"elementor-element elementor-element-f2b6d62 elementor-widget elementor-widget-heading\" data-id=\"f2b6d62\" data-element_type=\"widget\" data-e-type=\"widget\" data-widget_type=\"heading.default\">\n\t\t\t\t<div class=\"elementor-widget-container\">\n\t\t\t\t\t<h2 class=\"elementor-heading-title elementor-size-default\">Escapada rural en una casa de campo en el Pened\u00e8s<\/h2>\t\t\t\t<\/div>\n\t\t\t\t<\/div>\n\t\t\t\t<div class=\"elementor-element elementor-element-840333f elementor-widget elementor-widget-text-editor\" data-id=\"840333f\" data-element_type=\"widget\" data-e-type=\"widget\" data-widget_type=\"text-editor.default\">\n\t\t\t\t<div class=\"elementor-widget-container\">\n\t\t\t\t\t\t\t\t\t<p>Alojarse en un establecimiento rural en el coraz\u00f3n del Pened\u00e8s ofrece al visitante la posibilidad de adentrarse en el ritmo tranquilo de la zona, pasear sin prisa entre pueblos cargados de historia y ver como el sol se esconde tras un mar inalcanzable de vi\u00f1edos.<\/p><p>El turismo rural es la f\u00f3rmula perfecta para descubrir de primera mano el proceso de elaboraci\u00f3n de los productos de la zona, sumergi\u00e9ndose en los t\u00faneles subterr\u00e1neos de cerca de un centenar de cavas y bodegas, ya la vez disfrutar de la gastronom\u00eda local, protagonizada por productos aut\u00f3ctonos de primera calidad.<\/p><p>El Pened\u00e8s dispone, tambi\u00e9n, de m\u00faltiples ofertas tur\u00edsticas, como el VINSEUM Museo de las Culturas del Vino de Catalu\u00f1a, en Vilafranca del Pened\u00e8s, el Centro de Interpretaci\u00f3n del Cava, en Sant Sadurn\u00ed d\u2019Anoia, visitas y rutas guiadas, castillos y conjuntos arquitect\u00f3nicos del per\u00edodo rom\u00e1nico, g\u00f3tico y modernista y m\u00faltiples actividades al aire libre y de aventura (senderismo, quads, caballos, bicicletas, 4\u00d74, etc.).<\/p><p>No esperes m\u00e1s y empieza ahora mismo a preparar tus vacaciones en una casa de campo en el Pened\u00e8s. Utiliza el buscador para conocer la disponibilidad de nuestros alojamientos y d\u00e9jate seducir por el Pened\u00e8s. Te esperamos!<\/p>\t\t\t\t\t\t\t\t<\/div>\n\t\t\t\t<\/div>\n\t\t\t\t\t<\/div>\n\t\t<\/div>\n\t\t\t\t<div class=\"elementor-column elementor-col-50 elementor-top-column elementor-element elementor-element-4c2c31d\" data-id=\"4c2c31d\" data-element_type=\"column\" data-e-type=\"column\">\n\t\t\t<div class=\"elementor-widget-wrap elementor-element-populated\">\n\t\t\t\t\t\t<div class=\"elementor-element elementor-element-381d76f elementor-widget elementor-widget-image\" data-id=\"381d76f\" data-element_type=\"widget\" data-e-type=\"widget\" data-widget_type=\"image.default\">\n\t\t\t\t<div class=\"elementor-widget-container\">\n\t\t\t\t\t\t\t\t\t\t\t\t\t\t\t<img fetchpriority=\"high\" decoding=\"async\" width=\"594\" height=\"390\" src=\"https:\/\/www.masiesdelpenedes.com\/wp-content\/uploads\/2022\/12\/masies-del-penedes-turisme-rural-10-594x390-2.jpg\" class=\"attachment-large size-large wp-image-38373\" alt=\"\" srcset=\"https:\/\/www.masiesdelpenedes.com\/wp-content\/uploads\/2022\/12\/masies-del-penedes-turisme-rural-10-594x390-2.jpg 594w, https:\/\/www.masiesdelpenedes.com\/wp-content\/uploads\/2022\/12\/masies-del-penedes-turisme-rural-10-594x390-2-300x197.jpg 300w\" sizes=\"(max-width: 594px) 100vw, 594px\" \/>\t\t\t\t\t\t\t\t\t\t\t\t\t\t\t<\/div>\n\t\t\t\t<\/div>\n\t\t\t\t\t<\/div>\n\t\t<\/div>\n\t\t\t\t\t<\/div>\n\t\t<\/section>\n\t\t\t\t<\/div>\n\t\t","protected":false},"excerpt":{"rendered":"<p>Casa de campo Hacer turismo rural en una casa de campo en el Pened\u00e8s, situado en un entorno privilegiado, a pocos kil\u00f3metros de Barcelona, \u200b\u200bTarragona y el mar Mediterr\u00e1neo, es descubrir una zona con personalidad propia y una rica diversidad que se articula alrededor de la cultura del vino y el cava. La estancia de &#8230;<\/p>\n","protected":false},"author":1,"featured_media":0,"parent":0,"menu_order":0,"comment_status":"closed","ping_status":"closed","template":"elementor_header_footer","meta":{"inline_featured_image":false,"footnotes":""},"class_list":["post-39905","page","type-page","status-publish","hentry"],"yoast_head":"<!-- This site is optimized with the Yoast SEO plugin v27.3 - https:\/\/yoast.com\/product\/yoast-seo-wordpress\/ -->\n<title>Casa de pag\u00e8s | Masies del Pened\u00e8s<\/title>\n<meta name=\"robots\" content=\"index, follow, max-snippet:-1, max-image-preview:large, max-video-preview:-1\" \/>\n<link rel=\"canonical\" href=\"https:\/\/www.masiesdelpenedes.com\/es\/turismo-rural-en-una-casa-de-campo-en-el-penedes\/\" \/>\n<meta property=\"og:locale\" content=\"es_ES\" \/>\n<meta property=\"og:type\" content=\"article\" \/>\n<meta property=\"og:title\" content=\"Casa de pag\u00e8s | Masies del Pened\u00e8s\" \/>\n<meta property=\"og:description\" content=\"Casa de campo Hacer turismo rural en una casa de campo en el Pened\u00e8s, situado en un entorno privilegiado, a pocos kil\u00f3metros de Barcelona, \u200b\u200bTarragona y el mar Mediterr\u00e1neo, es descubrir una zona con personalidad propia y una rica diversidad que se articula alrededor de la cultura del vino y el cava. La estancia de ...\" \/>\n<meta property=\"og:url\" content=\"https:\/\/www.masiesdelpenedes.com\/es\/turismo-rural-en-una-casa-de-campo-en-el-penedes\/\" \/>\n<meta property=\"og:site_name\" content=\"Masies del Pened\u00e8s\" \/>\n<meta property=\"article:modified_time\" content=\"2023-03-10T10:32:09+00:00\" \/>\n<meta property=\"og:image\" content=\"https:\/\/www.masiesdelpenedes.com\/wp-content\/uploads\/2022\/12\/masies-del-penedes-turisme-rural-10-594x390-2.jpg\" \/>\n<meta name=\"twitter:card\" content=\"summary_large_image\" \/>\n<meta name=\"twitter:label1\" content=\"Tiempo de lectura\" \/>\n\t<meta name=\"twitter:data1\" content=\"3 minutos\" \/>\n<script type=\"application\/ld+json\" class=\"yoast-schema-graph\">{\"@context\":\"https:\\\/\\\/schema.org\",\"@graph\":[{\"@type\":\"WebPage\",\"@id\":\"https:\\\/\\\/www.masiesdelpenedes.com\\\/es\\\/turismo-rural-en-una-casa-de-campo-en-el-penedes\\\/\",\"url\":\"https:\\\/\\\/www.masiesdelpenedes.com\\\/es\\\/turismo-rural-en-una-casa-de-campo-en-el-penedes\\\/\",\"name\":\"Casa de pag\u00e8s | Masies del Pened\u00e8s\",\"isPartOf\":{\"@id\":\"https:\\\/\\\/www.masiesdelpenedes.com\\\/#website\"},\"primaryImageOfPage\":{\"@id\":\"https:\\\/\\\/www.masiesdelpenedes.com\\\/es\\\/turismo-rural-en-una-casa-de-campo-en-el-penedes\\\/#primaryimage\"},\"image\":{\"@id\":\"https:\\\/\\\/www.masiesdelpenedes.com\\\/es\\\/turismo-rural-en-una-casa-de-campo-en-el-penedes\\\/#primaryimage\"},\"thumbnailUrl\":\"https:\\\/\\\/www.masiesdelpenedes.com\\\/wp-content\\\/uploads\\\/2022\\\/12\\\/masies-del-penedes-turisme-rural-10-594x390-2.jpg\",\"datePublished\":\"2022-12-20T09:35:15+00:00\",\"dateModified\":\"2023-03-10T10:32:09+00:00\",\"breadcrumb\":{\"@id\":\"https:\\\/\\\/www.masiesdelpenedes.com\\\/es\\\/turismo-rural-en-una-casa-de-campo-en-el-penedes\\\/#breadcrumb\"},\"inLanguage\":\"es\",\"potentialAction\":[{\"@type\":\"ReadAction\",\"target\":[\"https:\\\/\\\/www.masiesdelpenedes.com\\\/es\\\/turismo-rural-en-una-casa-de-campo-en-el-penedes\\\/\"]}]},{\"@type\":\"ImageObject\",\"inLanguage\":\"es\",\"@id\":\"https:\\\/\\\/www.masiesdelpenedes.com\\\/es\\\/turismo-rural-en-una-casa-de-campo-en-el-penedes\\\/#primaryimage\",\"url\":\"https:\\\/\\\/www.masiesdelpenedes.com\\\/wp-content\\\/uploads\\\/2022\\\/12\\\/masies-del-penedes-turisme-rural-10-594x390-2.jpg\",\"contentUrl\":\"https:\\\/\\\/www.masiesdelpenedes.com\\\/wp-content\\\/uploads\\\/2022\\\/12\\\/masies-del-penedes-turisme-rural-10-594x390-2.jpg\"},{\"@type\":\"BreadcrumbList\",\"@id\":\"https:\\\/\\\/www.masiesdelpenedes.com\\\/es\\\/turismo-rural-en-una-casa-de-campo-en-el-penedes\\\/#breadcrumb\",\"itemListElement\":[{\"@type\":\"ListItem\",\"position\":1,\"name\":\"Inici\",\"item\":\"https:\\\/\\\/www.masiesdelpenedes.com\\\/\"},{\"@type\":\"ListItem\",\"position\":2,\"name\":\"Casa de pag\u00e8s\"}]},{\"@type\":\"WebSite\",\"@id\":\"https:\\\/\\\/www.masiesdelpenedes.com\\\/#website\",\"url\":\"https:\\\/\\\/www.masiesdelpenedes.com\\\/\",\"name\":\"Masies del Pened\u00e8s\",\"description\":\"\",\"potentialAction\":[{\"@type\":\"SearchAction\",\"target\":{\"@type\":\"EntryPoint\",\"urlTemplate\":\"https:\\\/\\\/www.masiesdelpenedes.com\\\/?s={search_term_string}\"},\"query-input\":{\"@type\":\"PropertyValueSpecification\",\"valueRequired\":true,\"valueName\":\"search_term_string\"}}],\"inLanguage\":\"es\"}]}<\/script>\n<!-- \/ Yoast SEO plugin. -->","yoast_head_json":{"title":"Casa de pag\u00e8s | Masies del Pened\u00e8s","robots":{"index":"index","follow":"follow","max-snippet":"max-snippet:-1","max-image-preview":"max-image-preview:large","max-video-preview":"max-video-preview:-1"},"canonical":"https:\/\/www.masiesdelpenedes.com\/es\/turismo-rural-en-una-casa-de-campo-en-el-penedes\/","og_locale":"es_ES","og_type":"article","og_title":"Casa de pag\u00e8s | Masies del Pened\u00e8s","og_description":"Casa de campo Hacer turismo rural en una casa de campo en el Pened\u00e8s, situado en un entorno privilegiado, a pocos kil\u00f3metros de Barcelona, \u200b\u200bTarragona y el mar Mediterr\u00e1neo, es descubrir una zona con personalidad propia y una rica diversidad que se articula alrededor de la cultura del vino y el cava. La estancia de ...","og_url":"https:\/\/www.masiesdelpenedes.com\/es\/turismo-rural-en-una-casa-de-campo-en-el-penedes\/","og_site_name":"Masies del Pened\u00e8s","article_modified_time":"2023-03-10T10:32:09+00:00","og_image":[{"url":"https:\/\/www.masiesdelpenedes.com\/wp-content\/uploads\/2022\/12\/masies-del-penedes-turisme-rural-10-594x390-2.jpg","type":"","width":"","height":""}],"twitter_card":"summary_large_image","twitter_misc":{"Tiempo de lectura":"3 minutos"},"schema":{"@context":"https:\/\/schema.org","@graph":[{"@type":"WebPage","@id":"https:\/\/www.masiesdelpenedes.com\/es\/turismo-rural-en-una-casa-de-campo-en-el-penedes\/","url":"https:\/\/www.masiesdelpenedes.com\/es\/turismo-rural-en-una-casa-de-campo-en-el-penedes\/","name":"Casa de pag\u00e8s | Masies del Pened\u00e8s","isPartOf":{"@id":"https:\/\/www.masiesdelpenedes.com\/#website"},"primaryImageOfPage":{"@id":"https:\/\/www.masiesdelpenedes.com\/es\/turismo-rural-en-una-casa-de-campo-en-el-penedes\/#primaryimage"},"image":{"@id":"https:\/\/www.masiesdelpenedes.com\/es\/turismo-rural-en-una-casa-de-campo-en-el-penedes\/#primaryimage"},"thumbnailUrl":"https:\/\/www.masiesdelpenedes.com\/wp-content\/uploads\/2022\/12\/masies-del-penedes-turisme-rural-10-594x390-2.jpg","datePublished":"2022-12-20T09:35:15+00:00","dateModified":"2023-03-10T10:32:09+00:00","breadcrumb":{"@id":"https:\/\/www.masiesdelpenedes.com\/es\/turismo-rural-en-una-casa-de-campo-en-el-penedes\/#breadcrumb"},"inLanguage":"es","potentialAction":[{"@type":"ReadAction","target":["https:\/\/www.masiesdelpenedes.com\/es\/turismo-rural-en-una-casa-de-campo-en-el-penedes\/"]}]},{"@type":"ImageObject","inLanguage":"es","@id":"https:\/\/www.masiesdelpenedes.com\/es\/turismo-rural-en-una-casa-de-campo-en-el-penedes\/#primaryimage","url":"https:\/\/www.masiesdelpenedes.com\/wp-content\/uploads\/2022\/12\/masies-del-penedes-turisme-rural-10-594x390-2.jpg","contentUrl":"https:\/\/www.masiesdelpenedes.com\/wp-content\/uploads\/2022\/12\/masies-del-penedes-turisme-rural-10-594x390-2.jpg"},{"@type":"BreadcrumbList","@id":"https:\/\/www.masiesdelpenedes.com\/es\/turismo-rural-en-una-casa-de-campo-en-el-penedes\/#breadcrumb","itemListElement":[{"@type":"ListItem","position":1,"name":"Inici","item":"https:\/\/www.masiesdelpenedes.com\/"},{"@type":"ListItem","position":2,"name":"Casa de pag\u00e8s"}]},{"@type":"WebSite","@id":"https:\/\/www.masiesdelpenedes.com\/#website","url":"https:\/\/www.masiesdelpenedes.com\/","name":"Masies del Pened\u00e8s","description":"","potentialAction":[{"@type":"SearchAction","target":{"@type":"EntryPoint","urlTemplate":"https:\/\/www.masiesdelpenedes.com\/?s={search_term_string}"},"query-input":{"@type":"PropertyValueSpecification","valueRequired":true,"valueName":"search_term_string"}}],"inLanguage":"es"}]}},"_links":{"self":[{"href":"https:\/\/www.masiesdelpenedes.com\/es\/wp-json\/wp\/v2\/pages\/39905","targetHints":{"allow":["GET"]}}],"collection":[{"href":"https:\/\/www.masiesdelpenedes.com\/es\/wp-json\/wp\/v2\/pages"}],"about":[{"href":"https:\/\/www.masiesdelpenedes.com\/es\/wp-json\/wp\/v2\/types\/page"}],"author":[{"embeddable":true,"href":"https:\/\/www.masiesdelpenedes.com\/es\/wp-json\/wp\/v2\/users\/1"}],"replies":[{"embeddable":true,"href":"https:\/\/www.masiesdelpenedes.com\/es\/wp-json\/wp\/v2\/comments?post=39905"}],"version-history":[{"count":8,"href":"https:\/\/www.masiesdelpenedes.com\/es\/wp-json\/wp\/v2\/pages\/39905\/revisions"}],"predecessor-version":[{"id":39919,"href":"https:\/\/www.masiesdelpenedes.com\/es\/wp-json\/wp\/v2\/pages\/39905\/revisions\/39919"}],"wp:attachment":[{"href":"https:\/\/www.masiesdelpenedes.com\/es\/wp-json\/wp\/v2\/media?parent=39905"}],"curies":[{"name":"wp","href":"https:\/\/api.w.org\/{rel}","templated":true}]}}