{"id":39900,"date":"2022-12-20T11:28:10","date_gmt":"2022-12-20T09:28:10","guid":{"rendered":"https:\/\/www.masiesdelpenedes.com\/tria-el-penedes-per-a-la-teva-escapada-rural\/"},"modified":"2023-03-10T12:28:33","modified_gmt":"2023-03-10T10:28:33","slug":"elige-el-penedes-para-tu-escapada-rural","status":"publish","type":"page","link":"https:\/\/www.masiesdelpenedes.com\/es\/elige-el-penedes-para-tu-escapada-rural\/","title":{"rendered":"Escapada rural"},"content":{"rendered":"\t\t<div data-elementor-type=\"wp-page\" data-elementor-id=\"39900\" class=\"elementor elementor-39900 elementor-38361\">\n\t\t\t\t\t\t<section class=\"elementor-section elementor-top-section elementor-element elementor-element-022eabd elementor-section-boxed elementor-section-height-default elementor-section-height-default\" data-id=\"022eabd\" data-element_type=\"section\" data-e-type=\"section\">\n\t\t\t\t\t\t<div class=\"elementor-container elementor-column-gap-default\">\n\t\t\t\t\t<div class=\"elementor-column elementor-col-100 elementor-top-column elementor-element elementor-element-e0e8288\" data-id=\"e0e8288\" data-element_type=\"column\" data-e-type=\"column\">\n\t\t\t<div class=\"elementor-widget-wrap elementor-element-populated\">\n\t\t\t\t\t\t<div class=\"elementor-element elementor-element-e8450b4 elementor-widget elementor-widget-spacer\" data-id=\"e8450b4\" data-element_type=\"widget\" data-e-type=\"widget\" data-widget_type=\"spacer.default\">\n\t\t\t\t<div class=\"elementor-widget-container\">\n\t\t\t\t\t\t\t<div class=\"elementor-spacer\">\n\t\t\t<div class=\"elementor-spacer-inner\"><\/div>\n\t\t<\/div>\n\t\t\t\t\t\t<\/div>\n\t\t\t\t<\/div>\n\t\t\t\t<div class=\"elementor-element elementor-element-5b56a22 elementor-widget elementor-widget-heading\" data-id=\"5b56a22\" data-element_type=\"widget\" data-e-type=\"widget\" data-widget_type=\"heading.default\">\n\t\t\t\t<div class=\"elementor-widget-container\">\n\t\t\t\t\t<h1 class=\"elementor-heading-title elementor-size-default\">Escapada rural<\/h1>\t\t\t\t<\/div>\n\t\t\t\t<\/div>\n\t\t\t\t<div class=\"elementor-element elementor-element-a2202d7 elementor-widget elementor-widget-heading\" data-id=\"a2202d7\" data-element_type=\"widget\" data-e-type=\"widget\" data-widget_type=\"heading.default\">\n\t\t\t\t<div class=\"elementor-widget-container\">\n\t\t\t\t\t<h2 class=\"elementor-heading-title elementor-size-default\">Si sue\u00f1as con una escapada rural para romper con el estr\u00e9s y la rutina del d\u00eda a d\u00eda, elige el Pened\u00e8s y d\u00e9jate sorprender!<\/h2>\t\t\t\t<\/div>\n\t\t\t\t<\/div>\n\t\t\t\t<div class=\"elementor-element elementor-element-4518ae2 elementor-widget elementor-widget-text-editor\" data-id=\"4518ae2\" data-element_type=\"widget\" data-e-type=\"widget\" data-widget_type=\"text-editor.default\">\n\t\t\t\t<div class=\"elementor-widget-container\">\n\t\t\t\t\t\t\t\t\t<p>Situado en un entorno privilegiado, a pocos kil\u00f3metros de Barcelona, \u200b\u200bTarragona y el mar Mediterr\u00e1neo, el Pened\u00e8s es una zona con personalidad propia y una rica diversidad que se articula alrededor de la cultura del vino y el cava.<\/p><p>Es el lugar ideal para una escapada rural, con una amplia oferta de alojamientos y casas rurales totalmente equipadas y rodeadas de un paisaje dif\u00edcil de olvidar. La estancia en un establecimiento de la Asociaci\u00f3 de Masies del Pened\u00e8s te ofrece la posibilidad de adentrarse t\u00e9 en el ritmo tranquilo de la zona, pasear sin prisa entre pueblos cargados de historia y ver como el sol se esconde tras un mar inabarcable de vi\u00f1edos.<\/p>\t\t\t\t\t\t\t\t<\/div>\n\t\t\t\t<\/div>\n\t\t\t\t<div class=\"elementor-element elementor-element-cf40ea6 elementor-widget elementor-widget-spacer\" data-id=\"cf40ea6\" data-element_type=\"widget\" data-e-type=\"widget\" data-widget_type=\"spacer.default\">\n\t\t\t\t<div class=\"elementor-widget-container\">\n\t\t\t\t\t\t\t<div class=\"elementor-spacer\">\n\t\t\t<div class=\"elementor-spacer-inner\"><\/div>\n\t\t<\/div>\n\t\t\t\t\t\t<\/div>\n\t\t\t\t<\/div>\n\t\t\t\t\t<\/div>\n\t\t<\/div>\n\t\t\t\t\t<\/div>\n\t\t<\/section>\n\t\t\t\t<section class=\"elementor-section elementor-top-section elementor-element elementor-element-e779d66 elementor-section-boxed elementor-section-height-default elementor-section-height-default\" data-id=\"e779d66\" data-element_type=\"section\" data-e-type=\"section\">\n\t\t\t\t\t\t<div class=\"elementor-container elementor-column-gap-default\">\n\t\t\t\t\t<div class=\"elementor-column elementor-col-50 elementor-top-column elementor-element elementor-element-80bdda6\" data-id=\"80bdda6\" data-element_type=\"column\" data-e-type=\"column\">\n\t\t\t<div class=\"elementor-widget-wrap elementor-element-populated\">\n\t\t\t\t\t\t<div class=\"elementor-element elementor-element-f2b6d62 elementor-widget elementor-widget-heading\" data-id=\"f2b6d62\" data-element_type=\"widget\" data-e-type=\"widget\" data-widget_type=\"heading.default\">\n\t\t\t\t<div class=\"elementor-widget-container\">\n\t\t\t\t\t<h2 class=\"elementor-heading-title elementor-size-default\">Planifica ahora tu escapada rural en el Pened\u00e8s!<\/h2>\t\t\t\t<\/div>\n\t\t\t\t<\/div>\n\t\t\t\t<div class=\"elementor-element elementor-element-840333f elementor-widget elementor-widget-text-editor\" data-id=\"840333f\" data-element_type=\"widget\" data-e-type=\"widget\" data-widget_type=\"text-editor.default\">\n\t\t\t\t<div class=\"elementor-widget-container\">\n\t\t\t\t\t\t\t\t\t<p>Hacer una zona rural del Pened\u00e8s es elegir la paz y armon\u00eda de la tierra del vino y el cava, un paisaje de sensaciones y olores que ofrece al visitante un amplio abanico de oportunidades. Es disfrutar de un paisaje que se transforma y cambia en cada \u00e9poca del a\u00f1o y adentrarse en el ritmo tranquilo de la zona, paseando sin prisa entre pueblos cargados de historia viendo como el sol se esconde tras un mar inalcanzable de vi\u00f1edos.<\/p><p>Una escapada Rual en un establecimiento de la Asociaci\u00f3 de Masies del Pened\u00e8s es el marco ideal para descubrir c\u00f3mo las bodegas y cavas e la zona elaboran sus productos siguiendo la tradici\u00f3n de muchas generaciones y viajar al pasado vistante construcciones medievales o joyas del modernismo catal\u00e1n .<\/p><p>La versatilidad de esta tierra la convierte en el escenario ideal para una escapada rom\u00e1ntica, en una casa rural con encanto rodeada de vi\u00f1edos o para disfrutar de un fin de semana con un grupo de amigos viviendo el enoturismo en primera persona y probando la mejor gastronom\u00eda.<\/p><p>Durante tu estancia rural, seg\u00fan la \u00e9poca del a\u00f1o, tendr\u00e1s la oportunidad tambi\u00e9n de participar en las fiestas populares del Pened\u00e8s (castellers, los diablos, el fuego, la m\u00fasica, etc.), Mientras descubres el esp\u00edritu acogedor y abierto de esta tierra de paso, generosa ii din\u00e1mica.<\/p><p>Todo esto y mucho m\u00e1s, est\u00e1 a tu alcance si haces una zona rural del Pened\u00e8s. Utiliza el buscador para conocer la disponibilidad de nuestros alojamientos y d\u00e9jate seducir por el Pened\u00e8s. Te esperamos!<\/p>\t\t\t\t\t\t\t\t<\/div>\n\t\t\t\t<\/div>\n\t\t\t\t\t<\/div>\n\t\t<\/div>\n\t\t\t\t<div class=\"elementor-column elementor-col-50 elementor-top-column elementor-element elementor-element-4c2c31d\" data-id=\"4c2c31d\" data-element_type=\"column\" data-e-type=\"column\">\n\t\t\t<div class=\"elementor-widget-wrap elementor-element-populated\">\n\t\t\t\t\t\t<div class=\"elementor-element elementor-element-381d76f elementor-widget elementor-widget-image\" data-id=\"381d76f\" data-element_type=\"widget\" data-e-type=\"widget\" data-widget_type=\"image.default\">\n\t\t\t\t<div class=\"elementor-widget-container\">\n\t\t\t\t\t\t\t\t\t\t\t\t\t\t\t<img fetchpriority=\"high\" decoding=\"async\" width=\"594\" height=\"390\" src=\"https:\/\/www.masiesdelpenedes.com\/wp-content\/uploads\/2022\/12\/masies-del-penedes-turisme-rural-08-594x390-1.jpg\" class=\"attachment-large size-large wp-image-38364\" alt=\"\" srcset=\"https:\/\/www.masiesdelpenedes.com\/wp-content\/uploads\/2022\/12\/masies-del-penedes-turisme-rural-08-594x390-1.jpg 594w, https:\/\/www.masiesdelpenedes.com\/wp-content\/uploads\/2022\/12\/masies-del-penedes-turisme-rural-08-594x390-1-300x197.jpg 300w\" sizes=\"(max-width: 594px) 100vw, 594px\" \/>\t\t\t\t\t\t\t\t\t\t\t\t\t\t\t<\/div>\n\t\t\t\t<\/div>\n\t\t\t\t\t<\/div>\n\t\t<\/div>\n\t\t\t\t\t<\/div>\n\t\t<\/section>\n\t\t\t\t<\/div>\n\t\t","protected":false},"excerpt":{"rendered":"<p>Escapada rural Si sue\u00f1as con una escapada rural para romper con el estr\u00e9s y la rutina del d\u00eda a d\u00eda, elige el Pened\u00e8s y d\u00e9jate sorprender! Situado en un entorno privilegiado, a pocos kil\u00f3metros de Barcelona, \u200b\u200bTarragona y el mar Mediterr\u00e1neo, el Pened\u00e8s es una zona con personalidad propia y una rica diversidad que se &#8230;<\/p>\n","protected":false},"author":1,"featured_media":0,"parent":0,"menu_order":0,"comment_status":"closed","ping_status":"closed","template":"elementor_header_footer","meta":{"inline_featured_image":false,"footnotes":""},"class_list":["post-39900","page","type-page","status-publish","hentry"],"yoast_head":"<!-- This site is optimized with the Yoast SEO plugin v27.4 - https:\/\/yoast.com\/product\/yoast-seo-wordpress\/ -->\n<title>Escapada rural | Masies del Pened\u00e8s<\/title>\n<meta name=\"robots\" content=\"index, follow, max-snippet:-1, max-image-preview:large, max-video-preview:-1\" \/>\n<link rel=\"canonical\" href=\"https:\/\/www.masiesdelpenedes.com\/es\/elige-el-penedes-para-tu-escapada-rural\/\" \/>\n<meta property=\"og:locale\" content=\"es_ES\" \/>\n<meta property=\"og:type\" content=\"article\" \/>\n<meta property=\"og:title\" content=\"Escapada rural | Masies del Pened\u00e8s\" \/>\n<meta property=\"og:description\" content=\"Escapada rural Si sue\u00f1as con una escapada rural para romper con el estr\u00e9s y la rutina del d\u00eda a d\u00eda, elige el Pened\u00e8s y d\u00e9jate sorprender! Situado en un entorno privilegiado, a pocos kil\u00f3metros de Barcelona, \u200b\u200bTarragona y el mar Mediterr\u00e1neo, el Pened\u00e8s es una zona con personalidad propia y una rica diversidad que se ...\" \/>\n<meta property=\"og:url\" content=\"https:\/\/www.masiesdelpenedes.com\/es\/elige-el-penedes-para-tu-escapada-rural\/\" \/>\n<meta property=\"og:site_name\" content=\"Masies del Pened\u00e8s\" \/>\n<meta property=\"article:modified_time\" content=\"2023-03-10T10:28:33+00:00\" \/>\n<meta property=\"og:image\" content=\"https:\/\/www.masiesdelpenedes.com\/wp-content\/uploads\/2022\/12\/masies-del-penedes-turisme-rural-08-594x390-1.jpg\" \/>\n<meta name=\"twitter:card\" content=\"summary_large_image\" \/>\n<meta name=\"twitter:label1\" content=\"Tiempo de lectura\" \/>\n\t<meta name=\"twitter:data1\" content=\"2 minutos\" \/>\n<script type=\"application\/ld+json\" class=\"yoast-schema-graph\">{\"@context\":\"https:\\\/\\\/schema.org\",\"@graph\":[{\"@type\":\"WebPage\",\"@id\":\"https:\\\/\\\/www.masiesdelpenedes.com\\\/es\\\/elige-el-penedes-para-tu-escapada-rural\\\/\",\"url\":\"https:\\\/\\\/www.masiesdelpenedes.com\\\/es\\\/elige-el-penedes-para-tu-escapada-rural\\\/\",\"name\":\"Escapada rural | Masies del Pened\u00e8s\",\"isPartOf\":{\"@id\":\"https:\\\/\\\/www.masiesdelpenedes.com\\\/#website\"},\"primaryImageOfPage\":{\"@id\":\"https:\\\/\\\/www.masiesdelpenedes.com\\\/es\\\/elige-el-penedes-para-tu-escapada-rural\\\/#primaryimage\"},\"image\":{\"@id\":\"https:\\\/\\\/www.masiesdelpenedes.com\\\/es\\\/elige-el-penedes-para-tu-escapada-rural\\\/#primaryimage\"},\"thumbnailUrl\":\"https:\\\/\\\/www.masiesdelpenedes.com\\\/wp-content\\\/uploads\\\/2022\\\/12\\\/masies-del-penedes-turisme-rural-08-594x390-1.jpg\",\"datePublished\":\"2022-12-20T09:28:10+00:00\",\"dateModified\":\"2023-03-10T10:28:33+00:00\",\"breadcrumb\":{\"@id\":\"https:\\\/\\\/www.masiesdelpenedes.com\\\/es\\\/elige-el-penedes-para-tu-escapada-rural\\\/#breadcrumb\"},\"inLanguage\":\"es\",\"potentialAction\":[{\"@type\":\"ReadAction\",\"target\":[\"https:\\\/\\\/www.masiesdelpenedes.com\\\/es\\\/elige-el-penedes-para-tu-escapada-rural\\\/\"]}]},{\"@type\":\"ImageObject\",\"inLanguage\":\"es\",\"@id\":\"https:\\\/\\\/www.masiesdelpenedes.com\\\/es\\\/elige-el-penedes-para-tu-escapada-rural\\\/#primaryimage\",\"url\":\"https:\\\/\\\/www.masiesdelpenedes.com\\\/wp-content\\\/uploads\\\/2022\\\/12\\\/masies-del-penedes-turisme-rural-08-594x390-1.jpg\",\"contentUrl\":\"https:\\\/\\\/www.masiesdelpenedes.com\\\/wp-content\\\/uploads\\\/2022\\\/12\\\/masies-del-penedes-turisme-rural-08-594x390-1.jpg\"},{\"@type\":\"BreadcrumbList\",\"@id\":\"https:\\\/\\\/www.masiesdelpenedes.com\\\/es\\\/elige-el-penedes-para-tu-escapada-rural\\\/#breadcrumb\",\"itemListElement\":[{\"@type\":\"ListItem\",\"position\":1,\"name\":\"Inici\",\"item\":\"https:\\\/\\\/www.masiesdelpenedes.com\\\/\"},{\"@type\":\"ListItem\",\"position\":2,\"name\":\"Escapada rural\"}]},{\"@type\":\"WebSite\",\"@id\":\"https:\\\/\\\/www.masiesdelpenedes.com\\\/#website\",\"url\":\"https:\\\/\\\/www.masiesdelpenedes.com\\\/\",\"name\":\"Masies del Pened\u00e8s\",\"description\":\"\",\"potentialAction\":[{\"@type\":\"SearchAction\",\"target\":{\"@type\":\"EntryPoint\",\"urlTemplate\":\"https:\\\/\\\/www.masiesdelpenedes.com\\\/?s={search_term_string}\"},\"query-input\":{\"@type\":\"PropertyValueSpecification\",\"valueRequired\":true,\"valueName\":\"search_term_string\"}}],\"inLanguage\":\"es\"}]}<\/script>\n<!-- \/ Yoast SEO plugin. -->","yoast_head_json":{"title":"Escapada rural | Masies del Pened\u00e8s","robots":{"index":"index","follow":"follow","max-snippet":"max-snippet:-1","max-image-preview":"max-image-preview:large","max-video-preview":"max-video-preview:-1"},"canonical":"https:\/\/www.masiesdelpenedes.com\/es\/elige-el-penedes-para-tu-escapada-rural\/","og_locale":"es_ES","og_type":"article","og_title":"Escapada rural | Masies del Pened\u00e8s","og_description":"Escapada rural Si sue\u00f1as con una escapada rural para romper con el estr\u00e9s y la rutina del d\u00eda a d\u00eda, elige el Pened\u00e8s y d\u00e9jate sorprender! Situado en un entorno privilegiado, a pocos kil\u00f3metros de Barcelona, \u200b\u200bTarragona y el mar Mediterr\u00e1neo, el Pened\u00e8s es una zona con personalidad propia y una rica diversidad que se ...","og_url":"https:\/\/www.masiesdelpenedes.com\/es\/elige-el-penedes-para-tu-escapada-rural\/","og_site_name":"Masies del Pened\u00e8s","article_modified_time":"2023-03-10T10:28:33+00:00","og_image":[{"url":"https:\/\/www.masiesdelpenedes.com\/wp-content\/uploads\/2022\/12\/masies-del-penedes-turisme-rural-08-594x390-1.jpg","type":"","width":"","height":""}],"twitter_card":"summary_large_image","twitter_misc":{"Tiempo de lectura":"2 minutos"},"schema":{"@context":"https:\/\/schema.org","@graph":[{"@type":"WebPage","@id":"https:\/\/www.masiesdelpenedes.com\/es\/elige-el-penedes-para-tu-escapada-rural\/","url":"https:\/\/www.masiesdelpenedes.com\/es\/elige-el-penedes-para-tu-escapada-rural\/","name":"Escapada rural | Masies del Pened\u00e8s","isPartOf":{"@id":"https:\/\/www.masiesdelpenedes.com\/#website"},"primaryImageOfPage":{"@id":"https:\/\/www.masiesdelpenedes.com\/es\/elige-el-penedes-para-tu-escapada-rural\/#primaryimage"},"image":{"@id":"https:\/\/www.masiesdelpenedes.com\/es\/elige-el-penedes-para-tu-escapada-rural\/#primaryimage"},"thumbnailUrl":"https:\/\/www.masiesdelpenedes.com\/wp-content\/uploads\/2022\/12\/masies-del-penedes-turisme-rural-08-594x390-1.jpg","datePublished":"2022-12-20T09:28:10+00:00","dateModified":"2023-03-10T10:28:33+00:00","breadcrumb":{"@id":"https:\/\/www.masiesdelpenedes.com\/es\/elige-el-penedes-para-tu-escapada-rural\/#breadcrumb"},"inLanguage":"es","potentialAction":[{"@type":"ReadAction","target":["https:\/\/www.masiesdelpenedes.com\/es\/elige-el-penedes-para-tu-escapada-rural\/"]}]},{"@type":"ImageObject","inLanguage":"es","@id":"https:\/\/www.masiesdelpenedes.com\/es\/elige-el-penedes-para-tu-escapada-rural\/#primaryimage","url":"https:\/\/www.masiesdelpenedes.com\/wp-content\/uploads\/2022\/12\/masies-del-penedes-turisme-rural-08-594x390-1.jpg","contentUrl":"https:\/\/www.masiesdelpenedes.com\/wp-content\/uploads\/2022\/12\/masies-del-penedes-turisme-rural-08-594x390-1.jpg"},{"@type":"BreadcrumbList","@id":"https:\/\/www.masiesdelpenedes.com\/es\/elige-el-penedes-para-tu-escapada-rural\/#breadcrumb","itemListElement":[{"@type":"ListItem","position":1,"name":"Inici","item":"https:\/\/www.masiesdelpenedes.com\/"},{"@type":"ListItem","position":2,"name":"Escapada rural"}]},{"@type":"WebSite","@id":"https:\/\/www.masiesdelpenedes.com\/#website","url":"https:\/\/www.masiesdelpenedes.com\/","name":"Masies del Pened\u00e8s","description":"","potentialAction":[{"@type":"SearchAction","target":{"@type":"EntryPoint","urlTemplate":"https:\/\/www.masiesdelpenedes.com\/?s={search_term_string}"},"query-input":{"@type":"PropertyValueSpecification","valueRequired":true,"valueName":"search_term_string"}}],"inLanguage":"es"}]}},"_links":{"self":[{"href":"https:\/\/www.masiesdelpenedes.com\/es\/wp-json\/wp\/v2\/pages\/39900","targetHints":{"allow":["GET"]}}],"collection":[{"href":"https:\/\/www.masiesdelpenedes.com\/es\/wp-json\/wp\/v2\/pages"}],"about":[{"href":"https:\/\/www.masiesdelpenedes.com\/es\/wp-json\/wp\/v2\/types\/page"}],"author":[{"embeddable":true,"href":"https:\/\/www.masiesdelpenedes.com\/es\/wp-json\/wp\/v2\/users\/1"}],"replies":[{"embeddable":true,"href":"https:\/\/www.masiesdelpenedes.com\/es\/wp-json\/wp\/v2\/comments?post=39900"}],"version-history":[{"count":4,"href":"https:\/\/www.masiesdelpenedes.com\/es\/wp-json\/wp\/v2\/pages\/39900\/revisions"}],"predecessor-version":[{"id":39904,"href":"https:\/\/www.masiesdelpenedes.com\/es\/wp-json\/wp\/v2\/pages\/39900\/revisions\/39904"}],"wp:attachment":[{"href":"https:\/\/www.masiesdelpenedes.com\/es\/wp-json\/wp\/v2\/media?parent=39900"}],"curies":[{"name":"wp","href":"https:\/\/api.w.org\/{rel}","templated":true}]}}