{"id":39894,"date":"2022-12-20T11:25:23","date_gmt":"2022-12-20T09:25:23","guid":{"rendered":"https:\/\/www.masiesdelpenedes.com\/gaudeix-ara-del-turisme-familiar-al-penedes\/"},"modified":"2023-03-10T12:26:58","modified_gmt":"2023-03-10T10:26:58","slug":"disfruta-ahora-del-turismo-familiar-en-el-penedes","status":"publish","type":"page","link":"https:\/\/www.masiesdelpenedes.com\/es\/disfruta-ahora-del-turismo-familiar-en-el-penedes\/","title":{"rendered":"Turismo familiar"},"content":{"rendered":"\t\t<div data-elementor-type=\"wp-page\" data-elementor-id=\"39894\" class=\"elementor elementor-39894 elementor-38354\">\n\t\t\t\t\t\t<section class=\"elementor-section elementor-top-section elementor-element elementor-element-022eabd elementor-section-boxed elementor-section-height-default elementor-section-height-default\" data-id=\"022eabd\" data-element_type=\"section\" data-e-type=\"section\">\n\t\t\t\t\t\t<div class=\"elementor-container elementor-column-gap-default\">\n\t\t\t\t\t<div class=\"elementor-column elementor-col-100 elementor-top-column elementor-element elementor-element-e0e8288\" data-id=\"e0e8288\" data-element_type=\"column\" data-e-type=\"column\">\n\t\t\t<div class=\"elementor-widget-wrap elementor-element-populated\">\n\t\t\t\t\t\t<div class=\"elementor-element elementor-element-e8450b4 elementor-widget elementor-widget-spacer\" data-id=\"e8450b4\" data-element_type=\"widget\" data-e-type=\"widget\" data-widget_type=\"spacer.default\">\n\t\t\t\t<div class=\"elementor-widget-container\">\n\t\t\t\t\t\t\t<div class=\"elementor-spacer\">\n\t\t\t<div class=\"elementor-spacer-inner\"><\/div>\n\t\t<\/div>\n\t\t\t\t\t\t<\/div>\n\t\t\t\t<\/div>\n\t\t\t\t<div class=\"elementor-element elementor-element-5b56a22 elementor-widget elementor-widget-heading\" data-id=\"5b56a22\" data-element_type=\"widget\" data-e-type=\"widget\" data-widget_type=\"heading.default\">\n\t\t\t\t<div class=\"elementor-widget-container\">\n\t\t\t\t\t<h1 class=\"elementor-heading-title elementor-size-default\">Turismo familiar<\/h1>\t\t\t\t<\/div>\n\t\t\t\t<\/div>\n\t\t\t\t<div class=\"elementor-element elementor-element-a2202d7 elementor-widget elementor-widget-heading\" data-id=\"a2202d7\" data-element_type=\"widget\" data-e-type=\"widget\" data-widget_type=\"heading.default\">\n\t\t\t\t<div class=\"elementor-widget-container\">\n\t\t\t\t\t<h2 class=\"elementor-heading-title elementor-size-default\">Vivir unas vacaciones haciendo turismo familiar en el Pened\u00e8s es descubrir muchos viajes en uno solo: situado en un entorno privilegiado, a pocos kil\u00f3metros de Barcelona, \u200b\u200bTarragona y el mar Mediterr\u00e1neo, el Pened\u00e8s es una zona con personalidad propia y una rica diversidad que se articula en torno a la cultura del vino y el cava.<\/h2>\t\t\t\t<\/div>\n\t\t\t\t<\/div>\n\t\t\t\t<div class=\"elementor-element elementor-element-4518ae2 elementor-widget elementor-widget-text-editor\" data-id=\"4518ae2\" data-element_type=\"widget\" data-e-type=\"widget\" data-widget_type=\"text-editor.default\">\n\t\t\t\t<div class=\"elementor-widget-container\">\n\t\t\t\t\t\t\t\t\t<p>La versatilidad de esta tierra la convierte en el escenario ideal para unas vacaciones en familia, con deportes de aventura y contacto con la naturaleza para los m\u00e1s peque\u00f1os y diferentes opciones de ocio para los adultos.<\/p><p>El ant\u00eddoto para romper con la rutina y el estr\u00e9s del d\u00eda a d\u00eda es disfrutar de unos d\u00edas de turismo familiar en el Pened\u00e8s, un espacio rico y diverso donde convivir entrar en contacto con el entorno y disfrutar de infinitas actividades.<\/p>\t\t\t\t\t\t\t\t<\/div>\n\t\t\t\t<\/div>\n\t\t\t\t<div class=\"elementor-element elementor-element-cf40ea6 elementor-widget elementor-widget-spacer\" data-id=\"cf40ea6\" data-element_type=\"widget\" data-e-type=\"widget\" data-widget_type=\"spacer.default\">\n\t\t\t\t<div class=\"elementor-widget-container\">\n\t\t\t\t\t\t\t<div class=\"elementor-spacer\">\n\t\t\t<div class=\"elementor-spacer-inner\"><\/div>\n\t\t<\/div>\n\t\t\t\t\t\t<\/div>\n\t\t\t\t<\/div>\n\t\t\t\t\t<\/div>\n\t\t<\/div>\n\t\t\t\t\t<\/div>\n\t\t<\/section>\n\t\t\t\t<section class=\"elementor-section elementor-top-section elementor-element elementor-element-e779d66 elementor-section-boxed elementor-section-height-default elementor-section-height-default\" data-id=\"e779d66\" data-element_type=\"section\" data-e-type=\"section\">\n\t\t\t\t\t\t<div class=\"elementor-container elementor-column-gap-default\">\n\t\t\t\t\t<div class=\"elementor-column elementor-col-50 elementor-top-column elementor-element elementor-element-80bdda6\" data-id=\"80bdda6\" data-element_type=\"column\" data-e-type=\"column\">\n\t\t\t<div class=\"elementor-widget-wrap elementor-element-populated\">\n\t\t\t\t\t\t<div class=\"elementor-element elementor-element-f2b6d62 elementor-widget elementor-widget-heading\" data-id=\"f2b6d62\" data-element_type=\"widget\" data-e-type=\"widget\" data-widget_type=\"heading.default\">\n\t\t\t\t<div class=\"elementor-widget-container\">\n\t\t\t\t\t<h2 class=\"elementor-heading-title elementor-size-default\">Turismo familiar en el Pened\u00e8s en una mas\u00eda rural<\/h2>\t\t\t\t<\/div>\n\t\t\t\t<\/div>\n\t\t\t\t<div class=\"elementor-element elementor-element-840333f elementor-widget elementor-widget-text-editor\" data-id=\"840333f\" data-element_type=\"widget\" data-e-type=\"widget\" data-widget_type=\"text-editor.default\">\n\t\t\t\t<div class=\"elementor-widget-container\">\n\t\t\t\t\t\t\t\t\t<p>Alojarse en una casa rural de la Asociaci\u00f3 de Masies del Pened\u00e8s es la mejor opci\u00f3n para disfrutar del turismo en familia en esta zona. Las mas\u00edas, totalmente equipadas, ofrecen diferentes espacios de recreo para los m\u00e1s peque\u00f1os, tanto al aire libre como a cubierto. Muchas disponen tambi\u00e9n de juegos infantiles, ping-pong y futbol\u00edn, as\u00ed como canchas de f\u00fatbol al aire libre y piscina, y permiten la estancia con animales dom\u00e9sticos. En cualquier caso, hay que consultar previamente los servicios que ofrece cada mas\u00eda.<\/p><p>Las vacaciones en familia encuentran en los alojamientos rurales el emplazamiento ideal para peque\u00f1os y grandes, que se convierten adem\u00e1s en la puerta de entrada a infinitas actividades y excursiones.<\/p><p>La estancia en una casa rural permite al visitante hacer senderismo entre vi\u00f1edos, buscar tesoros escondidos al aire libre, hacer excursiones a caballo, en burro o en bicicleta, lanzamientos en tirolina, recorridos acrob\u00e1ticos sobre rocas, etc.<\/p><p>Algunas bodegas y cavas, as\u00ed como museos como el Centro de Interpretaci\u00f3n del Cava o el VINSEUM Museo de las Culturas del Vino de Catalu\u00f1a, ofrecen tambi\u00e9n talleres y actividades dirigidas a los m\u00e1s peque\u00f1os, para que todos los miembros de la familia disfruten al m\u00e1ximo de la visita.<\/p><p>Ya sea por una escapada de fin de semana o para unas largas vacaciones, hacer turismo familiar en el Pened\u00e9s es asegurar la diversi\u00f3n y el descanso para toda la familia. Utiliza el buscador para conocer la disponibilidad de nuestros alojamientos y d\u00e9jate seducir por el Pened\u00e8s. Te esperamos!<\/p>\t\t\t\t\t\t\t\t<\/div>\n\t\t\t\t<\/div>\n\t\t\t\t\t<\/div>\n\t\t<\/div>\n\t\t\t\t<div class=\"elementor-column elementor-col-50 elementor-top-column elementor-element elementor-element-4c2c31d\" data-id=\"4c2c31d\" data-element_type=\"column\" data-e-type=\"column\">\n\t\t\t<div class=\"elementor-widget-wrap elementor-element-populated\">\n\t\t\t\t\t\t<div class=\"elementor-element elementor-element-381d76f elementor-widget elementor-widget-image\" data-id=\"381d76f\" data-element_type=\"widget\" data-e-type=\"widget\" data-widget_type=\"image.default\">\n\t\t\t\t<div class=\"elementor-widget-container\">\n\t\t\t\t\t\t\t\t\t\t\t\t\t\t\t<img fetchpriority=\"high\" decoding=\"async\" width=\"600\" height=\"389\" src=\"https:\/\/www.masiesdelpenedes.com\/wp-content\/uploads\/2022\/12\/masies-del-penedes-turisme-rural-01.jpg\" class=\"attachment-large size-large wp-image-38357\" alt=\"\" srcset=\"https:\/\/www.masiesdelpenedes.com\/wp-content\/uploads\/2022\/12\/masies-del-penedes-turisme-rural-01.jpg 600w, https:\/\/www.masiesdelpenedes.com\/wp-content\/uploads\/2022\/12\/masies-del-penedes-turisme-rural-01-300x195.jpg 300w\" sizes=\"(max-width: 600px) 100vw, 600px\" \/>\t\t\t\t\t\t\t\t\t\t\t\t\t\t\t<\/div>\n\t\t\t\t<\/div>\n\t\t\t\t\t<\/div>\n\t\t<\/div>\n\t\t\t\t\t<\/div>\n\t\t<\/section>\n\t\t\t\t<\/div>\n\t\t","protected":false},"excerpt":{"rendered":"<p>Turismo familiar Vivir unas vacaciones haciendo turismo familiar en el Pened\u00e8s es descubrir muchos viajes en uno solo: situado en un entorno privilegiado, a pocos kil\u00f3metros de Barcelona, \u200b\u200bTarragona y el mar Mediterr\u00e1neo, el Pened\u00e8s es una zona con personalidad propia y una rica diversidad que se articula en torno a la cultura del vino &#8230;<\/p>\n","protected":false},"author":1,"featured_media":0,"parent":0,"menu_order":0,"comment_status":"closed","ping_status":"closed","template":"elementor_header_footer","meta":{"inline_featured_image":false,"footnotes":""},"class_list":["post-39894","page","type-page","status-publish","hentry"],"yoast_head":"<!-- This site is optimized with the Yoast SEO plugin v27.4 - https:\/\/yoast.com\/product\/yoast-seo-wordpress\/ -->\n<title>Turismo familiar | Masies del Pened\u00e8s<\/title>\n<meta name=\"robots\" content=\"index, follow, max-snippet:-1, max-image-preview:large, max-video-preview:-1\" \/>\n<link rel=\"canonical\" href=\"https:\/\/www.masiesdelpenedes.com\/es\/disfruta-ahora-del-turismo-familiar-en-el-penedes\/\" \/>\n<meta property=\"og:locale\" content=\"es_ES\" \/>\n<meta property=\"og:type\" content=\"article\" \/>\n<meta property=\"og:title\" content=\"Turismo familiar | Masies del Pened\u00e8s\" \/>\n<meta property=\"og:description\" content=\"Turismo familiar Vivir unas vacaciones haciendo turismo familiar en el Pened\u00e8s es descubrir muchos viajes en uno solo: situado en un entorno privilegiado, a pocos kil\u00f3metros de Barcelona, \u200b\u200bTarragona y el mar Mediterr\u00e1neo, el Pened\u00e8s es una zona con personalidad propia y una rica diversidad que se articula en torno a la cultura del vino ...\" \/>\n<meta property=\"og:url\" content=\"https:\/\/www.masiesdelpenedes.com\/es\/disfruta-ahora-del-turismo-familiar-en-el-penedes\/\" \/>\n<meta property=\"og:site_name\" content=\"Masies del Pened\u00e8s\" \/>\n<meta property=\"article:modified_time\" content=\"2023-03-10T10:26:58+00:00\" \/>\n<meta property=\"og:image\" content=\"https:\/\/www.masiesdelpenedes.com\/wp-content\/uploads\/2022\/12\/masies-del-penedes-turisme-rural-01.jpg\" \/>\n<meta name=\"twitter:card\" content=\"summary_large_image\" \/>\n<meta name=\"twitter:label1\" content=\"Tiempo de lectura\" \/>\n\t<meta name=\"twitter:data1\" content=\"3 minutos\" \/>\n<script type=\"application\/ld+json\" class=\"yoast-schema-graph\">{\"@context\":\"https:\\\/\\\/schema.org\",\"@graph\":[{\"@type\":\"WebPage\",\"@id\":\"https:\\\/\\\/www.masiesdelpenedes.com\\\/es\\\/disfruta-ahora-del-turismo-familiar-en-el-penedes\\\/\",\"url\":\"https:\\\/\\\/www.masiesdelpenedes.com\\\/es\\\/disfruta-ahora-del-turismo-familiar-en-el-penedes\\\/\",\"name\":\"Turismo familiar | Masies del Pened\u00e8s\",\"isPartOf\":{\"@id\":\"https:\\\/\\\/www.masiesdelpenedes.com\\\/#website\"},\"primaryImageOfPage\":{\"@id\":\"https:\\\/\\\/www.masiesdelpenedes.com\\\/es\\\/disfruta-ahora-del-turismo-familiar-en-el-penedes\\\/#primaryimage\"},\"image\":{\"@id\":\"https:\\\/\\\/www.masiesdelpenedes.com\\\/es\\\/disfruta-ahora-del-turismo-familiar-en-el-penedes\\\/#primaryimage\"},\"thumbnailUrl\":\"https:\\\/\\\/www.masiesdelpenedes.com\\\/wp-content\\\/uploads\\\/2022\\\/12\\\/masies-del-penedes-turisme-rural-01.jpg\",\"datePublished\":\"2022-12-20T09:25:23+00:00\",\"dateModified\":\"2023-03-10T10:26:58+00:00\",\"breadcrumb\":{\"@id\":\"https:\\\/\\\/www.masiesdelpenedes.com\\\/es\\\/disfruta-ahora-del-turismo-familiar-en-el-penedes\\\/#breadcrumb\"},\"inLanguage\":\"es\",\"potentialAction\":[{\"@type\":\"ReadAction\",\"target\":[\"https:\\\/\\\/www.masiesdelpenedes.com\\\/es\\\/disfruta-ahora-del-turismo-familiar-en-el-penedes\\\/\"]}]},{\"@type\":\"ImageObject\",\"inLanguage\":\"es\",\"@id\":\"https:\\\/\\\/www.masiesdelpenedes.com\\\/es\\\/disfruta-ahora-del-turismo-familiar-en-el-penedes\\\/#primaryimage\",\"url\":\"https:\\\/\\\/www.masiesdelpenedes.com\\\/wp-content\\\/uploads\\\/2022\\\/12\\\/masies-del-penedes-turisme-rural-01.jpg\",\"contentUrl\":\"https:\\\/\\\/www.masiesdelpenedes.com\\\/wp-content\\\/uploads\\\/2022\\\/12\\\/masies-del-penedes-turisme-rural-01.jpg\"},{\"@type\":\"BreadcrumbList\",\"@id\":\"https:\\\/\\\/www.masiesdelpenedes.com\\\/es\\\/disfruta-ahora-del-turismo-familiar-en-el-penedes\\\/#breadcrumb\",\"itemListElement\":[{\"@type\":\"ListItem\",\"position\":1,\"name\":\"Inici\",\"item\":\"https:\\\/\\\/www.masiesdelpenedes.com\\\/\"},{\"@type\":\"ListItem\",\"position\":2,\"name\":\"Turismo familiar\"}]},{\"@type\":\"WebSite\",\"@id\":\"https:\\\/\\\/www.masiesdelpenedes.com\\\/#website\",\"url\":\"https:\\\/\\\/www.masiesdelpenedes.com\\\/\",\"name\":\"Masies del Pened\u00e8s\",\"description\":\"\",\"potentialAction\":[{\"@type\":\"SearchAction\",\"target\":{\"@type\":\"EntryPoint\",\"urlTemplate\":\"https:\\\/\\\/www.masiesdelpenedes.com\\\/?s={search_term_string}\"},\"query-input\":{\"@type\":\"PropertyValueSpecification\",\"valueRequired\":true,\"valueName\":\"search_term_string\"}}],\"inLanguage\":\"es\"}]}<\/script>\n<!-- \/ Yoast SEO plugin. -->","yoast_head_json":{"title":"Turismo familiar | Masies del Pened\u00e8s","robots":{"index":"index","follow":"follow","max-snippet":"max-snippet:-1","max-image-preview":"max-image-preview:large","max-video-preview":"max-video-preview:-1"},"canonical":"https:\/\/www.masiesdelpenedes.com\/es\/disfruta-ahora-del-turismo-familiar-en-el-penedes\/","og_locale":"es_ES","og_type":"article","og_title":"Turismo familiar | Masies del Pened\u00e8s","og_description":"Turismo familiar Vivir unas vacaciones haciendo turismo familiar en el Pened\u00e8s es descubrir muchos viajes en uno solo: situado en un entorno privilegiado, a pocos kil\u00f3metros de Barcelona, \u200b\u200bTarragona y el mar Mediterr\u00e1neo, el Pened\u00e8s es una zona con personalidad propia y una rica diversidad que se articula en torno a la cultura del vino ...","og_url":"https:\/\/www.masiesdelpenedes.com\/es\/disfruta-ahora-del-turismo-familiar-en-el-penedes\/","og_site_name":"Masies del Pened\u00e8s","article_modified_time":"2023-03-10T10:26:58+00:00","og_image":[{"url":"https:\/\/www.masiesdelpenedes.com\/wp-content\/uploads\/2022\/12\/masies-del-penedes-turisme-rural-01.jpg","type":"","width":"","height":""}],"twitter_card":"summary_large_image","twitter_misc":{"Tiempo de lectura":"3 minutos"},"schema":{"@context":"https:\/\/schema.org","@graph":[{"@type":"WebPage","@id":"https:\/\/www.masiesdelpenedes.com\/es\/disfruta-ahora-del-turismo-familiar-en-el-penedes\/","url":"https:\/\/www.masiesdelpenedes.com\/es\/disfruta-ahora-del-turismo-familiar-en-el-penedes\/","name":"Turismo familiar | Masies del Pened\u00e8s","isPartOf":{"@id":"https:\/\/www.masiesdelpenedes.com\/#website"},"primaryImageOfPage":{"@id":"https:\/\/www.masiesdelpenedes.com\/es\/disfruta-ahora-del-turismo-familiar-en-el-penedes\/#primaryimage"},"image":{"@id":"https:\/\/www.masiesdelpenedes.com\/es\/disfruta-ahora-del-turismo-familiar-en-el-penedes\/#primaryimage"},"thumbnailUrl":"https:\/\/www.masiesdelpenedes.com\/wp-content\/uploads\/2022\/12\/masies-del-penedes-turisme-rural-01.jpg","datePublished":"2022-12-20T09:25:23+00:00","dateModified":"2023-03-10T10:26:58+00:00","breadcrumb":{"@id":"https:\/\/www.masiesdelpenedes.com\/es\/disfruta-ahora-del-turismo-familiar-en-el-penedes\/#breadcrumb"},"inLanguage":"es","potentialAction":[{"@type":"ReadAction","target":["https:\/\/www.masiesdelpenedes.com\/es\/disfruta-ahora-del-turismo-familiar-en-el-penedes\/"]}]},{"@type":"ImageObject","inLanguage":"es","@id":"https:\/\/www.masiesdelpenedes.com\/es\/disfruta-ahora-del-turismo-familiar-en-el-penedes\/#primaryimage","url":"https:\/\/www.masiesdelpenedes.com\/wp-content\/uploads\/2022\/12\/masies-del-penedes-turisme-rural-01.jpg","contentUrl":"https:\/\/www.masiesdelpenedes.com\/wp-content\/uploads\/2022\/12\/masies-del-penedes-turisme-rural-01.jpg"},{"@type":"BreadcrumbList","@id":"https:\/\/www.masiesdelpenedes.com\/es\/disfruta-ahora-del-turismo-familiar-en-el-penedes\/#breadcrumb","itemListElement":[{"@type":"ListItem","position":1,"name":"Inici","item":"https:\/\/www.masiesdelpenedes.com\/"},{"@type":"ListItem","position":2,"name":"Turismo familiar"}]},{"@type":"WebSite","@id":"https:\/\/www.masiesdelpenedes.com\/#website","url":"https:\/\/www.masiesdelpenedes.com\/","name":"Masies del Pened\u00e8s","description":"","potentialAction":[{"@type":"SearchAction","target":{"@type":"EntryPoint","urlTemplate":"https:\/\/www.masiesdelpenedes.com\/?s={search_term_string}"},"query-input":{"@type":"PropertyValueSpecification","valueRequired":true,"valueName":"search_term_string"}}],"inLanguage":"es"}]}},"_links":{"self":[{"href":"https:\/\/www.masiesdelpenedes.com\/es\/wp-json\/wp\/v2\/pages\/39894","targetHints":{"allow":["GET"]}}],"collection":[{"href":"https:\/\/www.masiesdelpenedes.com\/es\/wp-json\/wp\/v2\/pages"}],"about":[{"href":"https:\/\/www.masiesdelpenedes.com\/es\/wp-json\/wp\/v2\/types\/page"}],"author":[{"embeddable":true,"href":"https:\/\/www.masiesdelpenedes.com\/es\/wp-json\/wp\/v2\/users\/1"}],"replies":[{"embeddable":true,"href":"https:\/\/www.masiesdelpenedes.com\/es\/wp-json\/wp\/v2\/comments?post=39894"}],"version-history":[{"count":5,"href":"https:\/\/www.masiesdelpenedes.com\/es\/wp-json\/wp\/v2\/pages\/39894\/revisions"}],"predecessor-version":[{"id":39899,"href":"https:\/\/www.masiesdelpenedes.com\/es\/wp-json\/wp\/v2\/pages\/39894\/revisions\/39899"}],"wp:attachment":[{"href":"https:\/\/www.masiesdelpenedes.com\/es\/wp-json\/wp\/v2\/media?parent=39894"}],"curies":[{"name":"wp","href":"https:\/\/api.w.org\/{rel}","templated":true}]}}