{"id":39889,"date":"2022-12-20T11:19:10","date_gmt":"2022-12-20T09:19:10","guid":{"rendered":"https:\/\/www.masiesdelpenedes.com\/gastronomia-i-turisme-rural-al-penedes-el-millor-maridatge\/"},"modified":"2023-03-10T12:24:04","modified_gmt":"2023-03-10T10:24:04","slug":"gastronomia-y-turismo-rural-en-el-penedes-el-mejor-maridaje","status":"publish","type":"page","link":"https:\/\/www.masiesdelpenedes.com\/es\/gastronomia-y-turismo-rural-en-el-penedes-el-mejor-maridaje\/","title":{"rendered":"Gastronom\u00eda"},"content":{"rendered":"\t\t<div data-elementor-type=\"wp-page\" data-elementor-id=\"39889\" class=\"elementor elementor-39889 elementor-38346\">\n\t\t\t\t\t\t<section class=\"elementor-section elementor-top-section elementor-element elementor-element-022eabd elementor-section-boxed elementor-section-height-default elementor-section-height-default\" data-id=\"022eabd\" data-element_type=\"section\" data-e-type=\"section\">\n\t\t\t\t\t\t<div class=\"elementor-container elementor-column-gap-default\">\n\t\t\t\t\t<div class=\"elementor-column elementor-col-100 elementor-top-column elementor-element elementor-element-e0e8288\" data-id=\"e0e8288\" data-element_type=\"column\" data-e-type=\"column\">\n\t\t\t<div class=\"elementor-widget-wrap elementor-element-populated\">\n\t\t\t\t\t\t<div class=\"elementor-element elementor-element-e8450b4 elementor-widget elementor-widget-spacer\" data-id=\"e8450b4\" data-element_type=\"widget\" data-e-type=\"widget\" data-widget_type=\"spacer.default\">\n\t\t\t\t<div class=\"elementor-widget-container\">\n\t\t\t\t\t\t\t<div class=\"elementor-spacer\">\n\t\t\t<div class=\"elementor-spacer-inner\"><\/div>\n\t\t<\/div>\n\t\t\t\t\t\t<\/div>\n\t\t\t\t<\/div>\n\t\t\t\t<div class=\"elementor-element elementor-element-5b56a22 elementor-widget elementor-widget-heading\" data-id=\"5b56a22\" data-element_type=\"widget\" data-e-type=\"widget\" data-widget_type=\"heading.default\">\n\t\t\t\t<div class=\"elementor-widget-container\">\n\t\t\t\t\t<h1 class=\"elementor-heading-title elementor-size-default\">Gastronom\u00eda<\/h1>\t\t\t\t<\/div>\n\t\t\t\t<\/div>\n\t\t\t\t<div class=\"elementor-element elementor-element-a2202d7 elementor-widget elementor-widget-heading\" data-id=\"a2202d7\" data-element_type=\"widget\" data-e-type=\"widget\" data-widget_type=\"heading.default\">\n\t\t\t\t<div class=\"elementor-widget-container\">\n\t\t\t\t\t<h2 class=\"elementor-heading-title elementor-size-default\">Una estancia en un establecimiento de turismo rural en el Pened\u00e8s permite al visitante disfrutar del espectacular paisaje de la vi\u00f1a, descubrir la cultura del vino y el cava visitando diferentes bodegas eaboradors y degustar una variada y deliciosa gastronom\u00eda.<\/h2>\t\t\t\t<\/div>\n\t\t\t\t<\/div>\n\t\t\t\t<div class=\"elementor-element elementor-element-4518ae2 elementor-widget elementor-widget-text-editor\" data-id=\"4518ae2\" data-element_type=\"widget\" data-e-type=\"widget\" data-widget_type=\"text-editor.default\">\n\t\t\t\t<div class=\"elementor-widget-container\">\n\t\t\t\t\t\t\t\t\t<p>Las tierras de vinos, son tambi\u00e9n tierras de buena gastronom\u00eda y el Pened\u00e8s no es una excepci\u00f3n. El visitante encontrar\u00e1 aqu\u00ed infinidad de restaurantes que trabajan con productos locales y de km. 0, elaborando propuestas gastron\u00f3micas con ra\u00edces en la cocina tradicional catalana.<\/p>\t\t\t\t\t\t\t\t<\/div>\n\t\t\t\t<\/div>\n\t\t\t\t<div class=\"elementor-element elementor-element-cf40ea6 elementor-widget elementor-widget-spacer\" data-id=\"cf40ea6\" data-element_type=\"widget\" data-e-type=\"widget\" data-widget_type=\"spacer.default\">\n\t\t\t\t<div class=\"elementor-widget-container\">\n\t\t\t\t\t\t\t<div class=\"elementor-spacer\">\n\t\t\t<div class=\"elementor-spacer-inner\"><\/div>\n\t\t<\/div>\n\t\t\t\t\t\t<\/div>\n\t\t\t\t<\/div>\n\t\t\t\t\t<\/div>\n\t\t<\/div>\n\t\t\t\t\t<\/div>\n\t\t<\/section>\n\t\t\t\t<section class=\"elementor-section elementor-top-section elementor-element elementor-element-e779d66 elementor-section-boxed elementor-section-height-default elementor-section-height-default\" data-id=\"e779d66\" data-element_type=\"section\" data-e-type=\"section\">\n\t\t\t\t\t\t<div class=\"elementor-container elementor-column-gap-default\">\n\t\t\t\t\t<div class=\"elementor-column elementor-col-50 elementor-top-column elementor-element elementor-element-80bdda6\" data-id=\"80bdda6\" data-element_type=\"column\" data-e-type=\"column\">\n\t\t\t<div class=\"elementor-widget-wrap elementor-element-populated\">\n\t\t\t\t\t\t<div class=\"elementor-element elementor-element-f2b6d62 elementor-widget elementor-widget-heading\" data-id=\"f2b6d62\" data-element_type=\"widget\" data-e-type=\"widget\" data-widget_type=\"heading.default\">\n\t\t\t\t<div class=\"elementor-widget-container\">\n\t\t\t\t\t<h2 class=\"elementor-heading-title elementor-size-default\">Turismo rural en el Pened\u00e8s con todos los sentidos<\/h2>\t\t\t\t<\/div>\n\t\t\t\t<\/div>\n\t\t\t\t<div class=\"elementor-element elementor-element-840333f elementor-widget elementor-widget-text-editor\" data-id=\"840333f\" data-element_type=\"widget\" data-e-type=\"widget\" data-widget_type=\"text-editor.default\">\n\t\t\t\t<div class=\"elementor-widget-container\">\n\t\t\t\t\t\t\t\t\t<p>Hacer turismo rural en el Pened\u00e8s es una oportunidad \u00fanica para disfrutar de una de las mejores gastronom\u00edas del pa\u00eds, con sabores, texturas y aromas que maridan a la perfecci\u00f3n con los vinos y cavas que aqu\u00ed se elaboran.<\/p><p>Los restauradores de la zona beben de la tradici\u00f3n culinaria de la cocina mediterr\u00e1nea, en la que han incorporado nuevas t\u00e9cnicas y mucha creatividad para adaptarla a los nuevos tiempos sin perder su esencia.<\/p><p>\u00a0<\/p><p>Los restaurantes del Pened\u00e8s son una muestra del empuje y el esfuerzo de muchas personas, tanto en las cocinas como trabajando la tierra, para ofrecer platos ambiciosos y sorprendentes. Este es uno de los atractivos gastron\u00f3micos del Pened\u00e8s: productos de proximidad mimados y trabajados con cuidado en el Pened\u00e8s, elaborados con imaginaci\u00f3n y delicadeza en las cocinas del Pened\u00e8s.<\/p><p>Una experiencia de turismo rural en el Pened\u00e8s se vive con todos los sentidos, deleitando con tesoros gastron\u00f3micos como el pato mudo y el gallo del Pened\u00e8s, el xat\u00f3, que se elabora con diferentes variantes en el Vendrell, Sitges, Vilafranca del Pened\u00e8s, Vilanova y la Geltr\u00fa y Calafell, y otras especialidades de la cocina pedesenca, en el caso de los postres y la reposter\u00eda, como los carqui\u00f1oles, lascat\u00e0nies o las guirnaldas.<\/p><p>Los mercados y ferias que se celebran a lo largo del a\u00f1o son tambi\u00e9n una oportunidad para conocer y probar los productos gastron\u00f3micos m\u00e1s emblem\u00e1ticos del Pened\u00e8s, como la Feria del Gallo de Vilafranca o el Mercado del Melocot\u00f3n de Ordal en Subirats, entre otros.<\/p><p>No esperes m\u00e1s y empieza a preparar tus vacaciones de turismo rural. Utiliza el buscador para conocer la disponibilidad de nuestros alojamientos y d\u00e9jate seducir por el Pened\u00e8s. Te esperamos!<\/p>\t\t\t\t\t\t\t\t<\/div>\n\t\t\t\t<\/div>\n\t\t\t\t\t<\/div>\n\t\t<\/div>\n\t\t\t\t<div class=\"elementor-column elementor-col-50 elementor-top-column elementor-element elementor-element-4c2c31d\" data-id=\"4c2c31d\" data-element_type=\"column\" data-e-type=\"column\">\n\t\t\t<div class=\"elementor-widget-wrap elementor-element-populated\">\n\t\t\t\t\t\t<div class=\"elementor-element elementor-element-381d76f elementor-widget elementor-widget-image\" data-id=\"381d76f\" data-element_type=\"widget\" data-e-type=\"widget\" data-widget_type=\"image.default\">\n\t\t\t\t<div class=\"elementor-widget-container\">\n\t\t\t\t\t\t\t\t\t\t\t\t\t\t\t<img fetchpriority=\"high\" decoding=\"async\" width=\"594\" height=\"390\" src=\"https:\/\/www.masiesdelpenedes.com\/wp-content\/uploads\/2022\/12\/masies-del-penedes-turisme-rural-02-594x390-1.jpg\" class=\"attachment-large size-large wp-image-38349\" alt=\"\" srcset=\"https:\/\/www.masiesdelpenedes.com\/wp-content\/uploads\/2022\/12\/masies-del-penedes-turisme-rural-02-594x390-1.jpg 594w, https:\/\/www.masiesdelpenedes.com\/wp-content\/uploads\/2022\/12\/masies-del-penedes-turisme-rural-02-594x390-1-300x197.jpg 300w\" sizes=\"(max-width: 594px) 100vw, 594px\" \/>\t\t\t\t\t\t\t\t\t\t\t\t\t\t\t<\/div>\n\t\t\t\t<\/div>\n\t\t\t\t\t<\/div>\n\t\t<\/div>\n\t\t\t\t\t<\/div>\n\t\t<\/section>\n\t\t\t\t<\/div>\n\t\t","protected":false},"excerpt":{"rendered":"<p>Gastronom\u00eda Una estancia en un establecimiento de turismo rural en el Pened\u00e8s permite al visitante disfrutar del espectacular paisaje de la vi\u00f1a, descubrir la cultura del vino y el cava visitando diferentes bodegas eaboradors y degustar una variada y deliciosa gastronom\u00eda. Las tierras de vinos, son tambi\u00e9n tierras de buena gastronom\u00eda y el Pened\u00e8s no &#8230;<\/p>\n","protected":false},"author":1,"featured_media":0,"parent":0,"menu_order":0,"comment_status":"closed","ping_status":"closed","template":"elementor_header_footer","meta":{"inline_featured_image":false,"footnotes":""},"class_list":["post-39889","page","type-page","status-publish","hentry"],"yoast_head":"<!-- This site is optimized with the Yoast SEO plugin v27.3 - https:\/\/yoast.com\/product\/yoast-seo-wordpress\/ -->\n<title>Gastronom\u00eda | Masies del Pened\u00e8s<\/title>\n<meta name=\"robots\" content=\"index, follow, max-snippet:-1, max-image-preview:large, max-video-preview:-1\" \/>\n<link rel=\"canonical\" href=\"https:\/\/www.masiesdelpenedes.com\/es\/gastronomia-y-turismo-rural-en-el-penedes-el-mejor-maridaje\/\" \/>\n<meta property=\"og:locale\" content=\"es_ES\" \/>\n<meta property=\"og:type\" content=\"article\" \/>\n<meta property=\"og:title\" content=\"Gastronom\u00eda | Masies del Pened\u00e8s\" \/>\n<meta property=\"og:description\" content=\"Gastronom\u00eda Una estancia en un establecimiento de turismo rural en el Pened\u00e8s permite al visitante disfrutar del espectacular paisaje de la vi\u00f1a, descubrir la cultura del vino y el cava visitando diferentes bodegas eaboradors y degustar una variada y deliciosa gastronom\u00eda. Las tierras de vinos, son tambi\u00e9n tierras de buena gastronom\u00eda y el Pened\u00e8s no ...\" \/>\n<meta property=\"og:url\" content=\"https:\/\/www.masiesdelpenedes.com\/es\/gastronomia-y-turismo-rural-en-el-penedes-el-mejor-maridaje\/\" \/>\n<meta property=\"og:site_name\" content=\"Masies del Pened\u00e8s\" \/>\n<meta property=\"article:modified_time\" content=\"2023-03-10T10:24:04+00:00\" \/>\n<meta property=\"og:image\" content=\"https:\/\/www.masiesdelpenedes.com\/wp-content\/uploads\/2022\/12\/masies-del-penedes-turisme-rural-02-594x390-1.jpg\" \/>\n<meta name=\"twitter:card\" content=\"summary_large_image\" \/>\n<meta name=\"twitter:label1\" content=\"Tiempo de lectura\" \/>\n\t<meta name=\"twitter:data1\" content=\"2 minutos\" \/>\n<script type=\"application\/ld+json\" class=\"yoast-schema-graph\">{\"@context\":\"https:\\\/\\\/schema.org\",\"@graph\":[{\"@type\":\"WebPage\",\"@id\":\"https:\\\/\\\/www.masiesdelpenedes.com\\\/es\\\/gastronomia-y-turismo-rural-en-el-penedes-el-mejor-maridaje\\\/\",\"url\":\"https:\\\/\\\/www.masiesdelpenedes.com\\\/es\\\/gastronomia-y-turismo-rural-en-el-penedes-el-mejor-maridaje\\\/\",\"name\":\"Gastronom\u00eda | Masies del Pened\u00e8s\",\"isPartOf\":{\"@id\":\"https:\\\/\\\/www.masiesdelpenedes.com\\\/#website\"},\"primaryImageOfPage\":{\"@id\":\"https:\\\/\\\/www.masiesdelpenedes.com\\\/es\\\/gastronomia-y-turismo-rural-en-el-penedes-el-mejor-maridaje\\\/#primaryimage\"},\"image\":{\"@id\":\"https:\\\/\\\/www.masiesdelpenedes.com\\\/es\\\/gastronomia-y-turismo-rural-en-el-penedes-el-mejor-maridaje\\\/#primaryimage\"},\"thumbnailUrl\":\"https:\\\/\\\/www.masiesdelpenedes.com\\\/wp-content\\\/uploads\\\/2022\\\/12\\\/masies-del-penedes-turisme-rural-02-594x390-1.jpg\",\"datePublished\":\"2022-12-20T09:19:10+00:00\",\"dateModified\":\"2023-03-10T10:24:04+00:00\",\"breadcrumb\":{\"@id\":\"https:\\\/\\\/www.masiesdelpenedes.com\\\/es\\\/gastronomia-y-turismo-rural-en-el-penedes-el-mejor-maridaje\\\/#breadcrumb\"},\"inLanguage\":\"es\",\"potentialAction\":[{\"@type\":\"ReadAction\",\"target\":[\"https:\\\/\\\/www.masiesdelpenedes.com\\\/es\\\/gastronomia-y-turismo-rural-en-el-penedes-el-mejor-maridaje\\\/\"]}]},{\"@type\":\"ImageObject\",\"inLanguage\":\"es\",\"@id\":\"https:\\\/\\\/www.masiesdelpenedes.com\\\/es\\\/gastronomia-y-turismo-rural-en-el-penedes-el-mejor-maridaje\\\/#primaryimage\",\"url\":\"https:\\\/\\\/www.masiesdelpenedes.com\\\/wp-content\\\/uploads\\\/2022\\\/12\\\/masies-del-penedes-turisme-rural-02-594x390-1.jpg\",\"contentUrl\":\"https:\\\/\\\/www.masiesdelpenedes.com\\\/wp-content\\\/uploads\\\/2022\\\/12\\\/masies-del-penedes-turisme-rural-02-594x390-1.jpg\"},{\"@type\":\"BreadcrumbList\",\"@id\":\"https:\\\/\\\/www.masiesdelpenedes.com\\\/es\\\/gastronomia-y-turismo-rural-en-el-penedes-el-mejor-maridaje\\\/#breadcrumb\",\"itemListElement\":[{\"@type\":\"ListItem\",\"position\":1,\"name\":\"Inici\",\"item\":\"https:\\\/\\\/www.masiesdelpenedes.com\\\/\"},{\"@type\":\"ListItem\",\"position\":2,\"name\":\"Gastronom\u00eda\"}]},{\"@type\":\"WebSite\",\"@id\":\"https:\\\/\\\/www.masiesdelpenedes.com\\\/#website\",\"url\":\"https:\\\/\\\/www.masiesdelpenedes.com\\\/\",\"name\":\"Masies del Pened\u00e8s\",\"description\":\"\",\"potentialAction\":[{\"@type\":\"SearchAction\",\"target\":{\"@type\":\"EntryPoint\",\"urlTemplate\":\"https:\\\/\\\/www.masiesdelpenedes.com\\\/?s={search_term_string}\"},\"query-input\":{\"@type\":\"PropertyValueSpecification\",\"valueRequired\":true,\"valueName\":\"search_term_string\"}}],\"inLanguage\":\"es\"}]}<\/script>\n<!-- \/ Yoast SEO plugin. -->","yoast_head_json":{"title":"Gastronom\u00eda | Masies del Pened\u00e8s","robots":{"index":"index","follow":"follow","max-snippet":"max-snippet:-1","max-image-preview":"max-image-preview:large","max-video-preview":"max-video-preview:-1"},"canonical":"https:\/\/www.masiesdelpenedes.com\/es\/gastronomia-y-turismo-rural-en-el-penedes-el-mejor-maridaje\/","og_locale":"es_ES","og_type":"article","og_title":"Gastronom\u00eda | Masies del Pened\u00e8s","og_description":"Gastronom\u00eda Una estancia en un establecimiento de turismo rural en el Pened\u00e8s permite al visitante disfrutar del espectacular paisaje de la vi\u00f1a, descubrir la cultura del vino y el cava visitando diferentes bodegas eaboradors y degustar una variada y deliciosa gastronom\u00eda. Las tierras de vinos, son tambi\u00e9n tierras de buena gastronom\u00eda y el Pened\u00e8s no ...","og_url":"https:\/\/www.masiesdelpenedes.com\/es\/gastronomia-y-turismo-rural-en-el-penedes-el-mejor-maridaje\/","og_site_name":"Masies del Pened\u00e8s","article_modified_time":"2023-03-10T10:24:04+00:00","og_image":[{"url":"https:\/\/www.masiesdelpenedes.com\/wp-content\/uploads\/2022\/12\/masies-del-penedes-turisme-rural-02-594x390-1.jpg","type":"","width":"","height":""}],"twitter_card":"summary_large_image","twitter_misc":{"Tiempo de lectura":"2 minutos"},"schema":{"@context":"https:\/\/schema.org","@graph":[{"@type":"WebPage","@id":"https:\/\/www.masiesdelpenedes.com\/es\/gastronomia-y-turismo-rural-en-el-penedes-el-mejor-maridaje\/","url":"https:\/\/www.masiesdelpenedes.com\/es\/gastronomia-y-turismo-rural-en-el-penedes-el-mejor-maridaje\/","name":"Gastronom\u00eda | Masies del Pened\u00e8s","isPartOf":{"@id":"https:\/\/www.masiesdelpenedes.com\/#website"},"primaryImageOfPage":{"@id":"https:\/\/www.masiesdelpenedes.com\/es\/gastronomia-y-turismo-rural-en-el-penedes-el-mejor-maridaje\/#primaryimage"},"image":{"@id":"https:\/\/www.masiesdelpenedes.com\/es\/gastronomia-y-turismo-rural-en-el-penedes-el-mejor-maridaje\/#primaryimage"},"thumbnailUrl":"https:\/\/www.masiesdelpenedes.com\/wp-content\/uploads\/2022\/12\/masies-del-penedes-turisme-rural-02-594x390-1.jpg","datePublished":"2022-12-20T09:19:10+00:00","dateModified":"2023-03-10T10:24:04+00:00","breadcrumb":{"@id":"https:\/\/www.masiesdelpenedes.com\/es\/gastronomia-y-turismo-rural-en-el-penedes-el-mejor-maridaje\/#breadcrumb"},"inLanguage":"es","potentialAction":[{"@type":"ReadAction","target":["https:\/\/www.masiesdelpenedes.com\/es\/gastronomia-y-turismo-rural-en-el-penedes-el-mejor-maridaje\/"]}]},{"@type":"ImageObject","inLanguage":"es","@id":"https:\/\/www.masiesdelpenedes.com\/es\/gastronomia-y-turismo-rural-en-el-penedes-el-mejor-maridaje\/#primaryimage","url":"https:\/\/www.masiesdelpenedes.com\/wp-content\/uploads\/2022\/12\/masies-del-penedes-turisme-rural-02-594x390-1.jpg","contentUrl":"https:\/\/www.masiesdelpenedes.com\/wp-content\/uploads\/2022\/12\/masies-del-penedes-turisme-rural-02-594x390-1.jpg"},{"@type":"BreadcrumbList","@id":"https:\/\/www.masiesdelpenedes.com\/es\/gastronomia-y-turismo-rural-en-el-penedes-el-mejor-maridaje\/#breadcrumb","itemListElement":[{"@type":"ListItem","position":1,"name":"Inici","item":"https:\/\/www.masiesdelpenedes.com\/"},{"@type":"ListItem","position":2,"name":"Gastronom\u00eda"}]},{"@type":"WebSite","@id":"https:\/\/www.masiesdelpenedes.com\/#website","url":"https:\/\/www.masiesdelpenedes.com\/","name":"Masies del Pened\u00e8s","description":"","potentialAction":[{"@type":"SearchAction","target":{"@type":"EntryPoint","urlTemplate":"https:\/\/www.masiesdelpenedes.com\/?s={search_term_string}"},"query-input":{"@type":"PropertyValueSpecification","valueRequired":true,"valueName":"search_term_string"}}],"inLanguage":"es"}]}},"_links":{"self":[{"href":"https:\/\/www.masiesdelpenedes.com\/es\/wp-json\/wp\/v2\/pages\/39889","targetHints":{"allow":["GET"]}}],"collection":[{"href":"https:\/\/www.masiesdelpenedes.com\/es\/wp-json\/wp\/v2\/pages"}],"about":[{"href":"https:\/\/www.masiesdelpenedes.com\/es\/wp-json\/wp\/v2\/types\/page"}],"author":[{"embeddable":true,"href":"https:\/\/www.masiesdelpenedes.com\/es\/wp-json\/wp\/v2\/users\/1"}],"replies":[{"embeddable":true,"href":"https:\/\/www.masiesdelpenedes.com\/es\/wp-json\/wp\/v2\/comments?post=39889"}],"version-history":[{"count":4,"href":"https:\/\/www.masiesdelpenedes.com\/es\/wp-json\/wp\/v2\/pages\/39889\/revisions"}],"predecessor-version":[{"id":39893,"href":"https:\/\/www.masiesdelpenedes.com\/es\/wp-json\/wp\/v2\/pages\/39889\/revisions\/39893"}],"wp:attachment":[{"href":"https:\/\/www.masiesdelpenedes.com\/es\/wp-json\/wp\/v2\/media?parent=39889"}],"curies":[{"name":"wp","href":"https:\/\/api.w.org\/{rel}","templated":true}]}}