{"id":39876,"date":"2022-12-20T10:38:28","date_gmt":"2022-12-20T08:38:28","guid":{"rendered":"https:\/\/www.masiesdelpenedes.com\/descobreix-el-patrimoni-i-lentorn-natural-des-duna-masia-al-penedes\/"},"modified":"2023-03-10T12:33:00","modified_gmt":"2023-03-10T10:33:00","slug":"descubre-el-patrimonio-y-el-entorno-natural-desde-una-masia-en-el-penedes","status":"publish","type":"page","link":"https:\/\/www.masiesdelpenedes.com\/es\/descubre-el-patrimonio-y-el-entorno-natural-desde-una-masia-en-el-penedes\/","title":{"rendered":"Patrimonio y naturaleza"},"content":{"rendered":"\t\t<div data-elementor-type=\"wp-page\" data-elementor-id=\"39876\" class=\"elementor elementor-39876 elementor-38311\">\n\t\t\t\t\t\t<section class=\"elementor-section elementor-top-section elementor-element elementor-element-022eabd elementor-section-boxed elementor-section-height-default elementor-section-height-default\" data-id=\"022eabd\" data-element_type=\"section\" data-e-type=\"section\">\n\t\t\t\t\t\t<div class=\"elementor-container elementor-column-gap-default\">\n\t\t\t\t\t<div class=\"elementor-column elementor-col-100 elementor-top-column elementor-element elementor-element-e0e8288\" data-id=\"e0e8288\" data-element_type=\"column\" data-e-type=\"column\">\n\t\t\t<div class=\"elementor-widget-wrap elementor-element-populated\">\n\t\t\t\t\t\t<div class=\"elementor-element elementor-element-e8450b4 elementor-widget elementor-widget-spacer\" data-id=\"e8450b4\" data-element_type=\"widget\" data-e-type=\"widget\" data-widget_type=\"spacer.default\">\n\t\t\t\t<div class=\"elementor-widget-container\">\n\t\t\t\t\t\t\t<div class=\"elementor-spacer\">\n\t\t\t<div class=\"elementor-spacer-inner\"><\/div>\n\t\t<\/div>\n\t\t\t\t\t\t<\/div>\n\t\t\t\t<\/div>\n\t\t\t\t<div class=\"elementor-element elementor-element-5b56a22 elementor-widget elementor-widget-heading\" data-id=\"5b56a22\" data-element_type=\"widget\" data-e-type=\"widget\" data-widget_type=\"heading.default\">\n\t\t\t\t<div class=\"elementor-widget-container\">\n\t\t\t\t\t<h1 class=\"elementor-heading-title elementor-size-default\">Patrimonio y naturaleza<\/h1>\t\t\t\t<\/div>\n\t\t\t\t<\/div>\n\t\t\t\t<div class=\"elementor-element elementor-element-a2202d7 elementor-widget elementor-widget-heading\" data-id=\"a2202d7\" data-element_type=\"widget\" data-e-type=\"widget\" data-widget_type=\"heading.default\">\n\t\t\t\t<div class=\"elementor-widget-container\">\n\t\t\t\t\t<h2 class=\"elementor-heading-title elementor-size-default\">La estancia en una mas\u00eda en el Pened\u00e8s es una oportunidad magn\u00edfica para adentrarse en esta tierra, llena de recursos naturales y arquitect\u00f3nicos. Pasear por pueblos y ciudades cargadas de historia y descubrir bellos remansos de paz es la mejor forma de disfrutar de una escapada lejos del ritmo fren\u00e9tico del d\u00eda a d\u00eda o de realizar actividades en grupo o por familias durante las vacaciones.<\/h2>\t\t\t\t<\/div>\n\t\t\t\t<\/div>\n\t\t\t\t<div class=\"elementor-element elementor-element-cf40ea6 elementor-widget elementor-widget-spacer\" data-id=\"cf40ea6\" data-element_type=\"widget\" data-e-type=\"widget\" data-widget_type=\"spacer.default\">\n\t\t\t\t<div class=\"elementor-widget-container\">\n\t\t\t\t\t\t\t<div class=\"elementor-spacer\">\n\t\t\t<div class=\"elementor-spacer-inner\"><\/div>\n\t\t<\/div>\n\t\t\t\t\t\t<\/div>\n\t\t\t\t<\/div>\n\t\t\t\t\t<\/div>\n\t\t<\/div>\n\t\t\t\t\t<\/div>\n\t\t<\/section>\n\t\t\t\t<section class=\"elementor-section elementor-top-section elementor-element elementor-element-e779d66 elementor-section-boxed elementor-section-height-default elementor-section-height-default\" data-id=\"e779d66\" data-element_type=\"section\" data-e-type=\"section\">\n\t\t\t\t\t\t<div class=\"elementor-container elementor-column-gap-default\">\n\t\t\t\t\t<div class=\"elementor-column elementor-col-50 elementor-top-column elementor-element elementor-element-80bdda6\" data-id=\"80bdda6\" data-element_type=\"column\" data-e-type=\"column\">\n\t\t\t<div class=\"elementor-widget-wrap elementor-element-populated\">\n\t\t\t\t\t\t<div class=\"elementor-element elementor-element-f2b6d62 elementor-widget elementor-widget-heading\" data-id=\"f2b6d62\" data-element_type=\"widget\" data-e-type=\"widget\" data-widget_type=\"heading.default\">\n\t\t\t\t<div class=\"elementor-widget-container\">\n\t\t\t\t\t<h2 class=\"elementor-heading-title elementor-size-default\">Castillos y conjuntos arquitect\u00f3nicos del Pened\u00e8s<\/h2>\t\t\t\t<\/div>\n\t\t\t\t<\/div>\n\t\t\t\t<div class=\"elementor-element elementor-element-840333f elementor-widget elementor-widget-text-editor\" data-id=\"840333f\" data-element_type=\"widget\" data-e-type=\"widget\" data-widget_type=\"text-editor.default\">\n\t\t\t\t<div class=\"elementor-widget-container\">\n\t\t\t\t\t\t\t\t\t<p>Durante la Edad Media, muchos municipios fueron construidos alrededor de castillos de defensa, que les otorgaban protecci\u00f3n y seguridad especialmente durante la Reconquista. As\u00ed, el visitante puede hacer un viaje en el tiempo y adentrarse en algunos que a\u00fan permanecen hoy, como el Castillo de Gelida, el de Mediona, el de Subirats, el de Pe\u00f1afort o el de Calafell, y disfrutar de enclaves con un valor hist\u00f3rico incalculable como el Conjunto Monumental de Sant Mart\u00ed Sarroca, integrado por un castillo y una iglesia rom\u00e1nica, y el Conjunto Arqueol\u00f3gico de Ol\u00e8rdola, que dispone de restos de la prehistoria.<\/p><p>La escapada a una mas\u00eda en el Pened\u00e8s tambi\u00e9n ofrece la posibilidad de disfrutar de restos del rom\u00e1nico, en forma de iglesias y ermitas distribuidas por todo el territorio y que tienen en el Monasterio de Sant Sebasti\u00e0 dels Gorgs, en Avinyonet del Pened\u00e8s, declarado Bien de Inter\u00e9s Nacional, uno de sus mejores ejemplos, as\u00ed como del g\u00f3tico, como la Bas\u00edlica de Santa Mar\u00eda en Vilafranca del Pened\u00e8s.<\/p><p>Tambi\u00e9n el modernismo dej\u00f3 una huella que a\u00fan perdura en el Pened\u00e8s, que se puede captar paseando por las calles de Gelida, Vilafranca del Pened\u00e8s o Sant Sadurn\u00ed, que realizan, adem\u00e1s, rutas guiadas por los edificios modernistas m\u00e1s emblem\u00e1ticos de cada municipio .<\/p>\t\t\t\t\t\t\t\t<\/div>\n\t\t\t\t<\/div>\n\t\t\t\t\t<\/div>\n\t\t<\/div>\n\t\t\t\t<div class=\"elementor-column elementor-col-50 elementor-top-column elementor-element elementor-element-4c2c31d\" data-id=\"4c2c31d\" data-element_type=\"column\" data-e-type=\"column\">\n\t\t\t<div class=\"elementor-widget-wrap elementor-element-populated\">\n\t\t\t\t\t\t<div class=\"elementor-element elementor-element-381d76f elementor-widget elementor-widget-image\" data-id=\"381d76f\" data-element_type=\"widget\" data-e-type=\"widget\" data-widget_type=\"image.default\">\n\t\t\t\t<div class=\"elementor-widget-container\">\n\t\t\t\t\t\t\t\t\t\t\t\t\t\t\t<img fetchpriority=\"high\" decoding=\"async\" width=\"600\" height=\"395\" src=\"https:\/\/www.masiesdelpenedes.com\/wp-content\/uploads\/2023\/01\/Masies-del-penedes-castells.jpg\" class=\"attachment-large size-large wp-image-38771\" alt=\"\" srcset=\"https:\/\/www.masiesdelpenedes.com\/wp-content\/uploads\/2023\/01\/Masies-del-penedes-castells.jpg 600w, https:\/\/www.masiesdelpenedes.com\/wp-content\/uploads\/2023\/01\/Masies-del-penedes-castells-300x198.jpg 300w\" sizes=\"(max-width: 600px) 100vw, 600px\" \/>\t\t\t\t\t\t\t\t\t\t\t\t\t\t\t<\/div>\n\t\t\t\t<\/div>\n\t\t\t\t\t<\/div>\n\t\t<\/div>\n\t\t\t\t\t<\/div>\n\t\t<\/section>\n\t\t\t\t<section class=\"elementor-section elementor-top-section elementor-element elementor-element-60be5dd elementor-section-boxed elementor-section-height-default elementor-section-height-default\" data-id=\"60be5dd\" data-element_type=\"section\" data-e-type=\"section\">\n\t\t\t\t\t\t<div class=\"elementor-container elementor-column-gap-default\">\n\t\t\t\t\t<div class=\"elementor-column elementor-col-100 elementor-top-column elementor-element elementor-element-5f0976ee\" data-id=\"5f0976ee\" data-element_type=\"column\" data-e-type=\"column\">\n\t\t\t<div class=\"elementor-widget-wrap elementor-element-populated\">\n\t\t\t\t\t\t<div class=\"elementor-element elementor-element-c2b99a0 elementor-widget elementor-widget-spacer\" data-id=\"c2b99a0\" data-element_type=\"widget\" data-e-type=\"widget\" data-widget_type=\"spacer.default\">\n\t\t\t\t<div class=\"elementor-widget-container\">\n\t\t\t\t\t\t\t<div class=\"elementor-spacer\">\n\t\t\t<div class=\"elementor-spacer-inner\"><\/div>\n\t\t<\/div>\n\t\t\t\t\t\t<\/div>\n\t\t\t\t<\/div>\n\t\t\t\t\t<\/div>\n\t\t<\/div>\n\t\t\t\t\t<\/div>\n\t\t<\/section>\n\t\t\t\t<section class=\"elementor-section elementor-top-section elementor-element elementor-element-382f9e2 elementor-section-boxed elementor-section-height-default elementor-section-height-default\" data-id=\"382f9e2\" data-element_type=\"section\" data-e-type=\"section\">\n\t\t\t\t\t\t<div class=\"elementor-container elementor-column-gap-default\">\n\t\t\t\t\t<div class=\"elementor-column elementor-col-100 elementor-top-column elementor-element elementor-element-87d38ac\" data-id=\"87d38ac\" data-element_type=\"column\" data-e-type=\"column\">\n\t\t\t<div class=\"elementor-widget-wrap elementor-element-populated\">\n\t\t\t\t\t\t<div class=\"elementor-element elementor-element-3fe09ff elementor-widget elementor-widget-heading\" data-id=\"3fe09ff\" data-element_type=\"widget\" data-e-type=\"widget\" data-widget_type=\"heading.default\">\n\t\t\t\t<div class=\"elementor-widget-container\">\n\t\t\t\t\t<h2 class=\"elementor-heading-title elementor-size-default\">Equipamientos muse\u00edsticos para disfrutar y estimar el Pened\u00e8s<\/h2>\t\t\t\t<\/div>\n\t\t\t\t<\/div>\n\t\t\t\t<div class=\"elementor-element elementor-element-54e042c elementor-widget elementor-widget-text-editor\" data-id=\"54e042c\" data-element_type=\"widget\" data-e-type=\"widget\" data-widget_type=\"text-editor.default\">\n\t\t\t\t<div class=\"elementor-widget-container\">\n\t\t\t\t\t\t\t\t\t<p>Para aquellos amantes del turismo rural que, adem\u00e1s de su estancia en una mas\u00eda en el Pened\u00e8s, quieren profundizar en la historia y el car\u00e1cter peculiar de estas tierras, el Pened\u00e8s pone a su disposici\u00f3n diecisiete museos de gran diversidad que muestran el mosaico de cultura, paisajes, historia y personajes m\u00e1s relevantes de la zona.<\/p><p>Para adentrarse en el la cultura del vino y el cava y entender su proceso de elaboraci\u00f3n, es imprescindible la visita al Centro de Interpretaci\u00f3n del Cava, en Sant Sadurn\u00ed d\u2019Anoia, y al VINSEUM Museo de las Culturas del Vino en Catalu\u00f1a, en Vilafranca del Pened\u00e8s, y para conocer m\u00e1s sobre el desarrollo econ\u00f3mico a lo largo de la historia, resulta muy ilustrativa la visita al Museo de la Piel de Igualada y Comarcal de la Anoia, en Igualada, en el Museo del Ferrocarril de Catalu\u00f1a, en Vilanova y la Geltr\u00fa, y el Museo Molino Papelero, en Capellades.<\/p><p>Para quienes deseen complementar su estancia en una mas\u00eda en el Pened\u00e8s con visitas a pinacotecas y otras obras de arte, tienen las puertas abiertas en la Biblioteca Museo V\u00edctor Balaguer, en Vilanova y la Geltr\u00fa, en los Museos de Sitges, en el Museo Rom\u00e1ntico Can Papiol y el Centro de Interpretaci\u00f3n del Romanticismo Manuel de Cabanyes, en Vilanova y la Geltr\u00fa, el Museo Josep Ca\u00f1as, en Banyeres del Pened\u00e8s, o el Museo Deu, en el Vendrell.<\/p><p>Los amantes de la m\u00fasica cl\u00e1sica tienen el Pened\u00e8s una visita obligatoria, la Villa Museo Pau Casals, en El Vendrell, que preserva y difunde la vida y la obra del artista a trav\u00e9s de un extenso patrimonio art\u00edstico y documental.<\/p>\t\t\t\t\t\t\t\t<\/div>\n\t\t\t\t<\/div>\n\t\t\t\t\t<\/div>\n\t\t<\/div>\n\t\t\t\t\t<\/div>\n\t\t<\/section>\n\t\t\t\t<section class=\"elementor-section elementor-top-section elementor-element elementor-element-b972d64 elementor-section-boxed elementor-section-height-default elementor-section-height-default\" data-id=\"b972d64\" data-element_type=\"section\" data-e-type=\"section\">\n\t\t\t\t\t\t<div class=\"elementor-container elementor-column-gap-default\">\n\t\t\t\t\t<div class=\"elementor-column elementor-col-100 elementor-top-column elementor-element elementor-element-5e614fe\" data-id=\"5e614fe\" data-element_type=\"column\" data-e-type=\"column\">\n\t\t\t<div class=\"elementor-widget-wrap elementor-element-populated\">\n\t\t\t\t\t\t<div class=\"elementor-element elementor-element-bd37ceb elementor-widget elementor-widget-spacer\" data-id=\"bd37ceb\" data-element_type=\"widget\" data-e-type=\"widget\" data-widget_type=\"spacer.default\">\n\t\t\t\t<div class=\"elementor-widget-container\">\n\t\t\t\t\t\t\t<div class=\"elementor-spacer\">\n\t\t\t<div class=\"elementor-spacer-inner\"><\/div>\n\t\t<\/div>\n\t\t\t\t\t\t<\/div>\n\t\t\t\t<\/div>\n\t\t\t\t\t<\/div>\n\t\t<\/div>\n\t\t\t\t\t<\/div>\n\t\t<\/section>\n\t\t\t\t<section class=\"elementor-section elementor-top-section elementor-element elementor-element-8afd376 elementor-section-boxed elementor-section-height-default elementor-section-height-default\" data-id=\"8afd376\" data-element_type=\"section\" data-e-type=\"section\">\n\t\t\t\t\t\t<div class=\"elementor-container elementor-column-gap-default\">\n\t\t\t\t\t<div class=\"elementor-column elementor-col-50 elementor-top-column elementor-element elementor-element-0731c62\" data-id=\"0731c62\" data-element_type=\"column\" data-e-type=\"column\">\n\t\t\t<div class=\"elementor-widget-wrap elementor-element-populated\">\n\t\t\t\t\t\t<div class=\"elementor-element elementor-element-1557718 elementor-widget elementor-widget-image\" data-id=\"1557718\" data-element_type=\"widget\" data-e-type=\"widget\" data-widget_type=\"image.default\">\n\t\t\t\t<div class=\"elementor-widget-container\">\n\t\t\t\t\t\t\t\t\t\t\t\t\t\t\t<img decoding=\"async\" width=\"592\" height=\"390\" src=\"https:\/\/www.masiesdelpenedes.com\/wp-content\/uploads\/2022\/12\/masies-del-penedes-turisme-rural-06-592x390-1.jpg\" class=\"attachment-large size-large wp-image-38326\" alt=\"\" srcset=\"https:\/\/www.masiesdelpenedes.com\/wp-content\/uploads\/2022\/12\/masies-del-penedes-turisme-rural-06-592x390-1.jpg 592w, https:\/\/www.masiesdelpenedes.com\/wp-content\/uploads\/2022\/12\/masies-del-penedes-turisme-rural-06-592x390-1-300x198.jpg 300w\" sizes=\"(max-width: 592px) 100vw, 592px\" \/>\t\t\t\t\t\t\t\t\t\t\t\t\t\t\t<\/div>\n\t\t\t\t<\/div>\n\t\t\t\t\t<\/div>\n\t\t<\/div>\n\t\t\t\t<div class=\"elementor-column elementor-col-50 elementor-top-column elementor-element elementor-element-bef0cb0\" data-id=\"bef0cb0\" data-element_type=\"column\" data-e-type=\"column\">\n\t\t\t<div class=\"elementor-widget-wrap elementor-element-populated\">\n\t\t\t\t\t\t<div class=\"elementor-element elementor-element-fd5c9a7 elementor-widget elementor-widget-heading\" data-id=\"fd5c9a7\" data-element_type=\"widget\" data-e-type=\"widget\" data-widget_type=\"heading.default\">\n\t\t\t\t<div class=\"elementor-widget-container\">\n\t\t\t\t\t<h2 class=\"elementor-heading-title elementor-size-default\">Disfrutar de la naturaleza y la aventura haciendo una estancia en una mas\u00eda en el Pened\u00e8s<\/h2>\t\t\t\t<\/div>\n\t\t\t\t<\/div>\n\t\t\t\t<div class=\"elementor-element elementor-element-bfee5c6 elementor-widget elementor-widget-text-editor\" data-id=\"bfee5c6\" data-element_type=\"widget\" data-e-type=\"widget\" data-widget_type=\"text-editor.default\">\n\t\t\t\t<div class=\"elementor-widget-container\">\n\t\t\t\t\t\t\t\t\t<p>Alojarse en una casa en el Pened\u00e8s es parar el reloj y sumergirse en un entorno rural, de tierra y agricultura, que se mueve al ritmo que marca la vi\u00f1a y al tiempo de las personas que la trabajan. La estancia en una casa rural permite al visitante pisar las vi\u00f1as, tanto al amanecer como al atardecer, y disfrutar de un espect\u00e1culo de luz y colores se mire donde se mire.<\/p><p>El Pened\u00e9s, sin embargo, ofrece mucho m\u00e1s que el paisaje de la vi\u00f1a y pone al alcance del visitante un entorno natural envidiable: bosques, r\u00edos, tierra, un cielo azul y el mar Mediterr\u00e1neo, un lugar perfecto para los amantes de la naturaleza .<\/p><p>Algunas de las excursiones m\u00e1s destacables que se pueden realizar estando alojado en una masia en el Pened\u00e8s son la visita a las Fuentes y Grutas de las Deus (Sant Quint\u00ed de Mediona), con estalactitas y estalagmitas, as\u00ed como corrientes de agua subterr\u00e1neas; al Parque Comarcal de Ol\u00e8rdola, que es una prolongaci\u00f3n del Parque Natural del Garraf, una de las reservas biol\u00f3gicas m\u00e1s importantes de Catalu\u00f1a, y en el Parque Natural del Foix, la zona h\u00fameda m\u00e1s importante del Pened\u00e8s, lo que le confiere una gran diversidad de ambientes ecol\u00f3gicos.<\/p><p>Algunos de estos emplazamientos son espacios ideales para el turismo activo o de aventura, ya sea para realizar en grupo o en familia. A Las Deus, por ejemplo, se pueden hacer recorridos acrob\u00e1ticos de altura por \u00e1rboles y rocas con seguridad, disfrutando del espect\u00e1culo de la naturaleza, y en diferentes lugares del Pened\u00e8s se pueden utilizar quads o veh\u00edculos 4\u00d74 para descubrir rincones escondidos siempre respetando el entorno natural.<\/p><p>No esperes m\u00e1s y planifica tus vacaciones en una mas\u00eda en el Pened\u00e8s. Utiliza el buscador para conocer la disponibilidad de nuestros alojamientos y d\u00e9jate seducir por el Pened\u00e8s. Te esperamos!<\/p>\t\t\t\t\t\t\t\t<\/div>\n\t\t\t\t<\/div>\n\t\t\t\t\t<\/div>\n\t\t<\/div>\n\t\t\t\t\t<\/div>\n\t\t<\/section>\n\t\t\t\t<\/div>\n\t\t","protected":false},"excerpt":{"rendered":"<p>Patrimonio y naturaleza La estancia en una mas\u00eda en el Pened\u00e8s es una oportunidad magn\u00edfica para adentrarse en esta tierra, llena de recursos naturales y arquitect\u00f3nicos. Pasear por pueblos y ciudades cargadas de historia y descubrir bellos remansos de paz es la mejor forma de disfrutar de una escapada lejos del ritmo fren\u00e9tico del d\u00eda &#8230;<\/p>\n","protected":false},"author":1,"featured_media":0,"parent":0,"menu_order":0,"comment_status":"closed","ping_status":"closed","template":"elementor_header_footer","meta":{"inline_featured_image":false,"footnotes":""},"class_list":["post-39876","page","type-page","status-publish","hentry"],"yoast_head":"<!-- This site is optimized with the Yoast SEO plugin v27.3 - https:\/\/yoast.com\/product\/yoast-seo-wordpress\/ -->\n<title>Patrimonio y naturaleza | Masies del Pened\u00e8s<\/title>\n<meta name=\"robots\" content=\"index, follow, max-snippet:-1, max-image-preview:large, max-video-preview:-1\" \/>\n<link rel=\"canonical\" href=\"https:\/\/www.masiesdelpenedes.com\/es\/descubre-el-patrimonio-y-el-entorno-natural-desde-una-masia-en-el-penedes\/\" \/>\n<meta property=\"og:locale\" content=\"es_ES\" \/>\n<meta property=\"og:type\" content=\"article\" \/>\n<meta property=\"og:title\" content=\"Patrimonio y naturaleza | Masies del Pened\u00e8s\" \/>\n<meta property=\"og:description\" content=\"Patrimonio y naturaleza La estancia en una mas\u00eda en el Pened\u00e8s es una oportunidad magn\u00edfica para adentrarse en esta tierra, llena de recursos naturales y arquitect\u00f3nicos. Pasear por pueblos y ciudades cargadas de historia y descubrir bellos remansos de paz es la mejor forma de disfrutar de una escapada lejos del ritmo fren\u00e9tico del d\u00eda ...\" \/>\n<meta property=\"og:url\" content=\"https:\/\/www.masiesdelpenedes.com\/es\/descubre-el-patrimonio-y-el-entorno-natural-desde-una-masia-en-el-penedes\/\" \/>\n<meta property=\"og:site_name\" content=\"Masies del Pened\u00e8s\" \/>\n<meta property=\"article:modified_time\" content=\"2023-03-10T10:33:00+00:00\" \/>\n<meta property=\"og:image\" content=\"https:\/\/www.masiesdelpenedes.com\/wp-content\/uploads\/2023\/01\/Masies-del-penedes-castells.jpg\" \/>\n<meta name=\"twitter:card\" content=\"summary_large_image\" \/>\n<meta name=\"twitter:label1\" content=\"Tiempo de lectura\" \/>\n\t<meta name=\"twitter:data1\" content=\"5 minutos\" \/>\n<script type=\"application\/ld+json\" class=\"yoast-schema-graph\">{\"@context\":\"https:\\\/\\\/schema.org\",\"@graph\":[{\"@type\":\"WebPage\",\"@id\":\"https:\\\/\\\/www.masiesdelpenedes.com\\\/es\\\/descubre-el-patrimonio-y-el-entorno-natural-desde-una-masia-en-el-penedes\\\/\",\"url\":\"https:\\\/\\\/www.masiesdelpenedes.com\\\/es\\\/descubre-el-patrimonio-y-el-entorno-natural-desde-una-masia-en-el-penedes\\\/\",\"name\":\"Patrimonio y naturaleza | Masies del Pened\u00e8s\",\"isPartOf\":{\"@id\":\"https:\\\/\\\/www.masiesdelpenedes.com\\\/#website\"},\"primaryImageOfPage\":{\"@id\":\"https:\\\/\\\/www.masiesdelpenedes.com\\\/es\\\/descubre-el-patrimonio-y-el-entorno-natural-desde-una-masia-en-el-penedes\\\/#primaryimage\"},\"image\":{\"@id\":\"https:\\\/\\\/www.masiesdelpenedes.com\\\/es\\\/descubre-el-patrimonio-y-el-entorno-natural-desde-una-masia-en-el-penedes\\\/#primaryimage\"},\"thumbnailUrl\":\"https:\\\/\\\/www.masiesdelpenedes.com\\\/wp-content\\\/uploads\\\/2023\\\/01\\\/Masies-del-penedes-castells.jpg\",\"datePublished\":\"2022-12-20T08:38:28+00:00\",\"dateModified\":\"2023-03-10T10:33:00+00:00\",\"breadcrumb\":{\"@id\":\"https:\\\/\\\/www.masiesdelpenedes.com\\\/es\\\/descubre-el-patrimonio-y-el-entorno-natural-desde-una-masia-en-el-penedes\\\/#breadcrumb\"},\"inLanguage\":\"es\",\"potentialAction\":[{\"@type\":\"ReadAction\",\"target\":[\"https:\\\/\\\/www.masiesdelpenedes.com\\\/es\\\/descubre-el-patrimonio-y-el-entorno-natural-desde-una-masia-en-el-penedes\\\/\"]}]},{\"@type\":\"ImageObject\",\"inLanguage\":\"es\",\"@id\":\"https:\\\/\\\/www.masiesdelpenedes.com\\\/es\\\/descubre-el-patrimonio-y-el-entorno-natural-desde-una-masia-en-el-penedes\\\/#primaryimage\",\"url\":\"https:\\\/\\\/www.masiesdelpenedes.com\\\/wp-content\\\/uploads\\\/2023\\\/01\\\/Masies-del-penedes-castells.jpg\",\"contentUrl\":\"https:\\\/\\\/www.masiesdelpenedes.com\\\/wp-content\\\/uploads\\\/2023\\\/01\\\/Masies-del-penedes-castells.jpg\"},{\"@type\":\"BreadcrumbList\",\"@id\":\"https:\\\/\\\/www.masiesdelpenedes.com\\\/es\\\/descubre-el-patrimonio-y-el-entorno-natural-desde-una-masia-en-el-penedes\\\/#breadcrumb\",\"itemListElement\":[{\"@type\":\"ListItem\",\"position\":1,\"name\":\"Inici\",\"item\":\"https:\\\/\\\/www.masiesdelpenedes.com\\\/\"},{\"@type\":\"ListItem\",\"position\":2,\"name\":\"Patrimonio y naturaleza\"}]},{\"@type\":\"WebSite\",\"@id\":\"https:\\\/\\\/www.masiesdelpenedes.com\\\/#website\",\"url\":\"https:\\\/\\\/www.masiesdelpenedes.com\\\/\",\"name\":\"Masies del Pened\u00e8s\",\"description\":\"\",\"potentialAction\":[{\"@type\":\"SearchAction\",\"target\":{\"@type\":\"EntryPoint\",\"urlTemplate\":\"https:\\\/\\\/www.masiesdelpenedes.com\\\/?s={search_term_string}\"},\"query-input\":{\"@type\":\"PropertyValueSpecification\",\"valueRequired\":true,\"valueName\":\"search_term_string\"}}],\"inLanguage\":\"es\"}]}<\/script>\n<!-- \/ Yoast SEO plugin. -->","yoast_head_json":{"title":"Patrimonio y naturaleza | Masies del Pened\u00e8s","robots":{"index":"index","follow":"follow","max-snippet":"max-snippet:-1","max-image-preview":"max-image-preview:large","max-video-preview":"max-video-preview:-1"},"canonical":"https:\/\/www.masiesdelpenedes.com\/es\/descubre-el-patrimonio-y-el-entorno-natural-desde-una-masia-en-el-penedes\/","og_locale":"es_ES","og_type":"article","og_title":"Patrimonio y naturaleza | Masies del Pened\u00e8s","og_description":"Patrimonio y naturaleza La estancia en una mas\u00eda en el Pened\u00e8s es una oportunidad magn\u00edfica para adentrarse en esta tierra, llena de recursos naturales y arquitect\u00f3nicos. Pasear por pueblos y ciudades cargadas de historia y descubrir bellos remansos de paz es la mejor forma de disfrutar de una escapada lejos del ritmo fren\u00e9tico del d\u00eda ...","og_url":"https:\/\/www.masiesdelpenedes.com\/es\/descubre-el-patrimonio-y-el-entorno-natural-desde-una-masia-en-el-penedes\/","og_site_name":"Masies del Pened\u00e8s","article_modified_time":"2023-03-10T10:33:00+00:00","og_image":[{"url":"https:\/\/www.masiesdelpenedes.com\/wp-content\/uploads\/2023\/01\/Masies-del-penedes-castells.jpg","type":"","width":"","height":""}],"twitter_card":"summary_large_image","twitter_misc":{"Tiempo de lectura":"5 minutos"},"schema":{"@context":"https:\/\/schema.org","@graph":[{"@type":"WebPage","@id":"https:\/\/www.masiesdelpenedes.com\/es\/descubre-el-patrimonio-y-el-entorno-natural-desde-una-masia-en-el-penedes\/","url":"https:\/\/www.masiesdelpenedes.com\/es\/descubre-el-patrimonio-y-el-entorno-natural-desde-una-masia-en-el-penedes\/","name":"Patrimonio y naturaleza | Masies del Pened\u00e8s","isPartOf":{"@id":"https:\/\/www.masiesdelpenedes.com\/#website"},"primaryImageOfPage":{"@id":"https:\/\/www.masiesdelpenedes.com\/es\/descubre-el-patrimonio-y-el-entorno-natural-desde-una-masia-en-el-penedes\/#primaryimage"},"image":{"@id":"https:\/\/www.masiesdelpenedes.com\/es\/descubre-el-patrimonio-y-el-entorno-natural-desde-una-masia-en-el-penedes\/#primaryimage"},"thumbnailUrl":"https:\/\/www.masiesdelpenedes.com\/wp-content\/uploads\/2023\/01\/Masies-del-penedes-castells.jpg","datePublished":"2022-12-20T08:38:28+00:00","dateModified":"2023-03-10T10:33:00+00:00","breadcrumb":{"@id":"https:\/\/www.masiesdelpenedes.com\/es\/descubre-el-patrimonio-y-el-entorno-natural-desde-una-masia-en-el-penedes\/#breadcrumb"},"inLanguage":"es","potentialAction":[{"@type":"ReadAction","target":["https:\/\/www.masiesdelpenedes.com\/es\/descubre-el-patrimonio-y-el-entorno-natural-desde-una-masia-en-el-penedes\/"]}]},{"@type":"ImageObject","inLanguage":"es","@id":"https:\/\/www.masiesdelpenedes.com\/es\/descubre-el-patrimonio-y-el-entorno-natural-desde-una-masia-en-el-penedes\/#primaryimage","url":"https:\/\/www.masiesdelpenedes.com\/wp-content\/uploads\/2023\/01\/Masies-del-penedes-castells.jpg","contentUrl":"https:\/\/www.masiesdelpenedes.com\/wp-content\/uploads\/2023\/01\/Masies-del-penedes-castells.jpg"},{"@type":"BreadcrumbList","@id":"https:\/\/www.masiesdelpenedes.com\/es\/descubre-el-patrimonio-y-el-entorno-natural-desde-una-masia-en-el-penedes\/#breadcrumb","itemListElement":[{"@type":"ListItem","position":1,"name":"Inici","item":"https:\/\/www.masiesdelpenedes.com\/"},{"@type":"ListItem","position":2,"name":"Patrimonio y naturaleza"}]},{"@type":"WebSite","@id":"https:\/\/www.masiesdelpenedes.com\/#website","url":"https:\/\/www.masiesdelpenedes.com\/","name":"Masies del Pened\u00e8s","description":"","potentialAction":[{"@type":"SearchAction","target":{"@type":"EntryPoint","urlTemplate":"https:\/\/www.masiesdelpenedes.com\/?s={search_term_string}"},"query-input":{"@type":"PropertyValueSpecification","valueRequired":true,"valueName":"search_term_string"}}],"inLanguage":"es"}]}},"_links":{"self":[{"href":"https:\/\/www.masiesdelpenedes.com\/es\/wp-json\/wp\/v2\/pages\/39876","targetHints":{"allow":["GET"]}}],"collection":[{"href":"https:\/\/www.masiesdelpenedes.com\/es\/wp-json\/wp\/v2\/pages"}],"about":[{"href":"https:\/\/www.masiesdelpenedes.com\/es\/wp-json\/wp\/v2\/types\/page"}],"author":[{"embeddable":true,"href":"https:\/\/www.masiesdelpenedes.com\/es\/wp-json\/wp\/v2\/users\/1"}],"replies":[{"embeddable":true,"href":"https:\/\/www.masiesdelpenedes.com\/es\/wp-json\/wp\/v2\/comments?post=39876"}],"version-history":[{"count":8,"href":"https:\/\/www.masiesdelpenedes.com\/es\/wp-json\/wp\/v2\/pages\/39876\/revisions"}],"predecessor-version":[{"id":39915,"href":"https:\/\/www.masiesdelpenedes.com\/es\/wp-json\/wp\/v2\/pages\/39876\/revisions\/39915"}],"wp:attachment":[{"href":"https:\/\/www.masiesdelpenedes.com\/es\/wp-json\/wp\/v2\/media?parent=39876"}],"curies":[{"name":"wp","href":"https:\/\/api.w.org\/{rel}","templated":true}]}}