{"id":39873,"date":"2022-12-19T14:46:44","date_gmt":"2022-12-19T12:46:44","guid":{"rendered":"https:\/\/www.masiesdelpenedes.com\/enoturisme-al-penedes-descobreix-la-terra-del-vi-i-del-cava\/"},"modified":"2023-03-10T12:33:18","modified_gmt":"2023-03-10T10:33:18","slug":"enoturismo-en-el-penedes-descubre-la-tierra-del-vino-y-del-cava","status":"publish","type":"page","link":"https:\/\/www.masiesdelpenedes.com\/es\/enoturismo-en-el-penedes-descubre-la-tierra-del-vino-y-del-cava\/","title":{"rendered":"Enoturismo en el Pened\u00e8s"},"content":{"rendered":"\t\t<div data-elementor-type=\"wp-page\" data-elementor-id=\"39873\" class=\"elementor elementor-39873 elementor-38300\">\n\t\t\t\t\t\t<section class=\"elementor-section elementor-top-section elementor-element elementor-element-022eabd elementor-section-boxed elementor-section-height-default elementor-section-height-default\" data-id=\"022eabd\" data-element_type=\"section\" data-e-type=\"section\">\n\t\t\t\t\t\t<div class=\"elementor-container elementor-column-gap-default\">\n\t\t\t\t\t<div class=\"elementor-column elementor-col-100 elementor-top-column elementor-element elementor-element-e0e8288\" data-id=\"e0e8288\" data-element_type=\"column\" data-e-type=\"column\">\n\t\t\t<div class=\"elementor-widget-wrap elementor-element-populated\">\n\t\t\t\t\t\t<div class=\"elementor-element elementor-element-e8450b4 elementor-widget elementor-widget-spacer\" data-id=\"e8450b4\" data-element_type=\"widget\" data-e-type=\"widget\" data-widget_type=\"spacer.default\">\n\t\t\t\t<div class=\"elementor-widget-container\">\n\t\t\t\t\t\t\t<div class=\"elementor-spacer\">\n\t\t\t<div class=\"elementor-spacer-inner\"><\/div>\n\t\t<\/div>\n\t\t\t\t\t\t<\/div>\n\t\t\t\t<\/div>\n\t\t\t\t<div class=\"elementor-element elementor-element-5b56a22 elementor-widget elementor-widget-heading\" data-id=\"5b56a22\" data-element_type=\"widget\" data-e-type=\"widget\" data-widget_type=\"heading.default\">\n\t\t\t\t<div class=\"elementor-widget-container\">\n\t\t\t\t\t<h1 class=\"elementor-heading-title elementor-size-default\">Enoturismo en el Pened\u00e8s<\/h1>\t\t\t\t<\/div>\n\t\t\t\t<\/div>\n\t\t\t\t<div class=\"elementor-element elementor-element-a2202d7 elementor-widget elementor-widget-heading\" data-id=\"a2202d7\" data-element_type=\"widget\" data-e-type=\"widget\" data-widget_type=\"heading.default\">\n\t\t\t\t<div class=\"elementor-widget-container\">\n\t\t\t\t\t<h2 class=\"elementor-heading-title elementor-size-default\">Situat en un entorn privilegiat, a pocs kil\u00f2metres de Barcelona, Tarragona i el mar Mediterrani, el Pened\u00e8s \u00e9s una zona amb personalitat pr\u00f2pia i una rica diversitat que s\u2019articula al voltant de la cultura del vi i el cava, protagonistes de l\u2019enoturisme al Pened\u00e8s.<\/h2>\t\t\t\t<\/div>\n\t\t\t\t<\/div>\n\t\t\t\t<div class=\"elementor-element elementor-element-4518ae2 elementor-widget elementor-widget-text-editor\" data-id=\"4518ae2\" data-element_type=\"widget\" data-e-type=\"widget\" data-widget_type=\"text-editor.default\">\n\t\t\t\t<div class=\"elementor-widget-container\">\n\t\t\t\t\t\t\t\t\tLa Denominaci\u00f3 d\u2019Origen (D.O.) Pened\u00e8s s\u2019extenen en una superf\u00edcie de prop de 1.600 quil\u00f2metres quadrats, entre la serrala prelitoral catalana i les planes de la costa mediterr\u00e0nia.\n\nAqu\u00ed neix i madura la vinya del Pened\u00e8s, treballada amb cura i esfor\u00e7 per moltes generacions de viticultors, que transformen el ra\u00efm de diferents varietats en alguns dels millors vins i caves del pa\u00eds.\t\t\t\t\t\t\t\t<\/div>\n\t\t\t\t<\/div>\n\t\t\t\t<div class=\"elementor-element elementor-element-cf40ea6 elementor-widget elementor-widget-spacer\" data-id=\"cf40ea6\" data-element_type=\"widget\" data-e-type=\"widget\" data-widget_type=\"spacer.default\">\n\t\t\t\t<div class=\"elementor-widget-container\">\n\t\t\t\t\t\t\t<div class=\"elementor-spacer\">\n\t\t\t<div class=\"elementor-spacer-inner\"><\/div>\n\t\t<\/div>\n\t\t\t\t\t\t<\/div>\n\t\t\t\t<\/div>\n\t\t\t\t\t<\/div>\n\t\t<\/div>\n\t\t\t\t\t<\/div>\n\t\t<\/section>\n\t\t\t\t<section class=\"elementor-section elementor-top-section elementor-element elementor-element-e779d66 elementor-section-boxed elementor-section-height-default elementor-section-height-default\" data-id=\"e779d66\" data-element_type=\"section\" data-e-type=\"section\">\n\t\t\t\t\t\t<div class=\"elementor-container elementor-column-gap-default\">\n\t\t\t\t\t<div class=\"elementor-column elementor-col-50 elementor-top-column elementor-element elementor-element-80bdda6\" data-id=\"80bdda6\" data-element_type=\"column\" data-e-type=\"column\">\n\t\t\t<div class=\"elementor-widget-wrap elementor-element-populated\">\n\t\t\t\t\t\t<div class=\"elementor-element elementor-element-f2b6d62 elementor-widget elementor-widget-heading\" data-id=\"f2b6d62\" data-element_type=\"widget\" data-e-type=\"widget\" data-widget_type=\"heading.default\">\n\t\t\t\t<div class=\"elementor-widget-container\">\n\t\t\t\t\t<h2 class=\"elementor-heading-title elementor-size-default\">Una \u00e0mplia oferta d\u2019enoturisme al Pened\u00e8s<\/h2>\t\t\t\t<\/div>\n\t\t\t\t<\/div>\n\t\t\t\t<div class=\"elementor-element elementor-element-840333f elementor-widget elementor-widget-text-editor\" data-id=\"840333f\" data-element_type=\"widget\" data-e-type=\"widget\" data-widget_type=\"text-editor.default\">\n\t\t\t\t<div class=\"elementor-widget-container\">\n\t\t\t\t\t\t\t\t\t<p>Al Pened\u00e8s predominan els elaborados petits i mitjans de vi i cava, que conviuen amb alguns dels grans noms del sector. L\u2019oferta d\u2019enoturisme, que any rere any s\u2019amplia, s\u2019ha consolidat com la m\u00e9s visitada de tot l\u2019Estat i ofereix una \u00e0mplia gamma de recursos i activitats per al visitant.<\/p><p>L\u2019estada en una allotjament rural de l\u2019Associaci\u00f3 de Masies del Pened\u00e8s permet al visitant descobrir de primera m\u00e0 el proc\u00e9s d\u2019elaboraci\u00f3 dels productes de la zona, endinsant-se en els t\u00fanels subterranis de prop d\u2019un centenar de caves i cellers, i alhora gaudir de la gastronomia local, protagonitzada per productes aut\u00f2ctons de primera qualitat.<\/p><p>Les visites a bodegues i cellers s\u00f3n una oportunitat \u00fanica per redescobrir l\u2019amor per la terra i per l\u2019elboraci\u00f3 tranquila dels productes, i es poden combinar amb diferents activitats a l\u2019aire lliure, com itineraris a peu, bici o a cavall, o amb activitats infantils com tallers de reciclatge o esmorzars entre vinyes.<\/p><p>L\u2019oferta d\u2019enoturisme al Pened\u00e8s es complementa amb diferents equipaments muse\u00edstics on endinsar-se en la cultura de la zona des d\u2019una altra perspectiva, com el VINSEUM Museu de les Cultures del Vi de Catalunya o el Centre d\u2019Interpretaci\u00f3 del Cava; establiments de comer\u00e7 especialitzat i cursos de tast per iniciar-se en el m\u00f3n de l\u2019enologia o perfeccionar coneixements.<\/p><p>Al llarg de l\u2019any, tamb\u00e9 se celebren importants cites per als aficionats i amants de l\u2019enoturisme, que atrauen al Pened\u00e8s visitants d\u2019arreu com el Banc Sabadell ViJazz Pened\u00e8s, el Cavatast i la Setmana del Cava, el MOST (Pened\u00e8s Festival Internacional de Cinema del Vi i el Cava) i el Vine\u2026Tast!, entre d\u2019altres.<\/p><p>No esperis m\u00e9s i comen\u00e7a a preparar les teves vacances d\u2019enoturisme al Pened\u00e8s. Utilitza el cercador per con\u00e8ixer la disponibilitat dels nostres allotjaments i deixa\u2019t seduir pel Pened\u00e8s. T\u2019esperem!<\/p>\t\t\t\t\t\t\t\t<\/div>\n\t\t\t\t<\/div>\n\t\t\t\t\t<\/div>\n\t\t<\/div>\n\t\t\t\t<div class=\"elementor-column elementor-col-50 elementor-top-column elementor-element elementor-element-4c2c31d\" data-id=\"4c2c31d\" data-element_type=\"column\" data-e-type=\"column\">\n\t\t\t<div class=\"elementor-widget-wrap elementor-element-populated\">\n\t\t\t\t\t\t<div class=\"elementor-element elementor-element-381d76f elementor-widget elementor-widget-image\" data-id=\"381d76f\" data-element_type=\"widget\" data-e-type=\"widget\" data-widget_type=\"image.default\">\n\t\t\t\t<div class=\"elementor-widget-container\">\n\t\t\t\t\t\t\t\t\t\t\t\t\t\t\t<img fetchpriority=\"high\" decoding=\"async\" width=\"589\" height=\"390\" src=\"https:\/\/www.masiesdelpenedes.com\/wp-content\/uploads\/2022\/12\/masies-del-penedes-turisme-rural-07-589x390-1.jpg\" class=\"attachment-large size-large wp-image-38303\" alt=\"\" srcset=\"https:\/\/www.masiesdelpenedes.com\/wp-content\/uploads\/2022\/12\/masies-del-penedes-turisme-rural-07-589x390-1.jpg 589w, https:\/\/www.masiesdelpenedes.com\/wp-content\/uploads\/2022\/12\/masies-del-penedes-turisme-rural-07-589x390-1-300x199.jpg 300w, https:\/\/www.masiesdelpenedes.com\/wp-content\/uploads\/2022\/12\/masies-del-penedes-turisme-rural-07-589x390-1-240x160.jpg 240w\" sizes=\"(max-width: 589px) 100vw, 589px\" \/>\t\t\t\t\t\t\t\t\t\t\t\t\t\t\t<\/div>\n\t\t\t\t<\/div>\n\t\t\t\t\t<\/div>\n\t\t<\/div>\n\t\t\t\t\t<\/div>\n\t\t<\/section>\n\t\t\t\t<\/div>\n\t\t","protected":false},"excerpt":{"rendered":"<p>Enoturismo en el Pened\u00e8s Situat en un entorn privilegiat, a pocs kil\u00f2metres de Barcelona, Tarragona i el mar Mediterrani, el Pened\u00e8s \u00e9s una zona amb personalitat pr\u00f2pia i una rica diversitat que s\u2019articula al voltant de la cultura del vi i el cava, protagonistes de l\u2019enoturisme al Pened\u00e8s. La Denominaci\u00f3 d\u2019Origen (D.O.) Pened\u00e8s s\u2019extenen en &#8230;<\/p>\n","protected":false},"author":1,"featured_media":0,"parent":0,"menu_order":0,"comment_status":"closed","ping_status":"closed","template":"elementor_header_footer","meta":{"inline_featured_image":false,"footnotes":""},"class_list":["post-39873","page","type-page","status-publish","hentry"],"yoast_head":"<!-- This site is optimized with the Yoast SEO plugin v27.4 - https:\/\/yoast.com\/product\/yoast-seo-wordpress\/ -->\n<title>Enoturismo en el Pened\u00e8s | Masies del Pened\u00e8s<\/title>\n<meta name=\"robots\" content=\"index, follow, max-snippet:-1, max-image-preview:large, max-video-preview:-1\" \/>\n<link rel=\"canonical\" href=\"https:\/\/www.masiesdelpenedes.com\/es\/enoturismo-en-el-penedes-descubre-la-tierra-del-vino-y-del-cava\/\" \/>\n<meta property=\"og:locale\" content=\"es_ES\" \/>\n<meta property=\"og:type\" content=\"article\" \/>\n<meta property=\"og:title\" content=\"Enoturismo en el Pened\u00e8s | Masies del Pened\u00e8s\" \/>\n<meta property=\"og:description\" content=\"Enoturismo en el Pened\u00e8s Situat en un entorn privilegiat, a pocs kil\u00f2metres de Barcelona, Tarragona i el mar Mediterrani, el Pened\u00e8s \u00e9s una zona amb personalitat pr\u00f2pia i una rica diversitat que s\u2019articula al voltant de la cultura del vi i el cava, protagonistes de l\u2019enoturisme al Pened\u00e8s. La Denominaci\u00f3 d\u2019Origen (D.O.) Pened\u00e8s s\u2019extenen en ...\" \/>\n<meta property=\"og:url\" content=\"https:\/\/www.masiesdelpenedes.com\/es\/enoturismo-en-el-penedes-descubre-la-tierra-del-vino-y-del-cava\/\" \/>\n<meta property=\"og:site_name\" content=\"Masies del Pened\u00e8s\" \/>\n<meta property=\"article:modified_time\" content=\"2023-03-10T10:33:18+00:00\" \/>\n<meta property=\"og:image\" content=\"https:\/\/www.masiesdelpenedes.com\/wp-content\/uploads\/2022\/12\/masies-del-penedes-turisme-rural-07-589x390-1.jpg\" \/>\n<meta name=\"twitter:card\" content=\"summary_large_image\" \/>\n<meta name=\"twitter:label1\" content=\"Tiempo de lectura\" \/>\n\t<meta name=\"twitter:data1\" content=\"3 minutos\" \/>\n<script type=\"application\/ld+json\" class=\"yoast-schema-graph\">{\"@context\":\"https:\\\/\\\/schema.org\",\"@graph\":[{\"@type\":\"WebPage\",\"@id\":\"https:\\\/\\\/www.masiesdelpenedes.com\\\/es\\\/enoturismo-en-el-penedes-descubre-la-tierra-del-vino-y-del-cava\\\/\",\"url\":\"https:\\\/\\\/www.masiesdelpenedes.com\\\/es\\\/enoturismo-en-el-penedes-descubre-la-tierra-del-vino-y-del-cava\\\/\",\"name\":\"Enoturismo en el Pened\u00e8s | Masies del Pened\u00e8s\",\"isPartOf\":{\"@id\":\"https:\\\/\\\/www.masiesdelpenedes.com\\\/#website\"},\"primaryImageOfPage\":{\"@id\":\"https:\\\/\\\/www.masiesdelpenedes.com\\\/es\\\/enoturismo-en-el-penedes-descubre-la-tierra-del-vino-y-del-cava\\\/#primaryimage\"},\"image\":{\"@id\":\"https:\\\/\\\/www.masiesdelpenedes.com\\\/es\\\/enoturismo-en-el-penedes-descubre-la-tierra-del-vino-y-del-cava\\\/#primaryimage\"},\"thumbnailUrl\":\"https:\\\/\\\/www.masiesdelpenedes.com\\\/wp-content\\\/uploads\\\/2022\\\/12\\\/masies-del-penedes-turisme-rural-07-589x390-1.jpg\",\"datePublished\":\"2022-12-19T12:46:44+00:00\",\"dateModified\":\"2023-03-10T10:33:18+00:00\",\"breadcrumb\":{\"@id\":\"https:\\\/\\\/www.masiesdelpenedes.com\\\/es\\\/enoturismo-en-el-penedes-descubre-la-tierra-del-vino-y-del-cava\\\/#breadcrumb\"},\"inLanguage\":\"es\",\"potentialAction\":[{\"@type\":\"ReadAction\",\"target\":[\"https:\\\/\\\/www.masiesdelpenedes.com\\\/es\\\/enoturismo-en-el-penedes-descubre-la-tierra-del-vino-y-del-cava\\\/\"]}]},{\"@type\":\"ImageObject\",\"inLanguage\":\"es\",\"@id\":\"https:\\\/\\\/www.masiesdelpenedes.com\\\/es\\\/enoturismo-en-el-penedes-descubre-la-tierra-del-vino-y-del-cava\\\/#primaryimage\",\"url\":\"https:\\\/\\\/www.masiesdelpenedes.com\\\/wp-content\\\/uploads\\\/2022\\\/12\\\/masies-del-penedes-turisme-rural-07-589x390-1.jpg\",\"contentUrl\":\"https:\\\/\\\/www.masiesdelpenedes.com\\\/wp-content\\\/uploads\\\/2022\\\/12\\\/masies-del-penedes-turisme-rural-07-589x390-1.jpg\"},{\"@type\":\"BreadcrumbList\",\"@id\":\"https:\\\/\\\/www.masiesdelpenedes.com\\\/es\\\/enoturismo-en-el-penedes-descubre-la-tierra-del-vino-y-del-cava\\\/#breadcrumb\",\"itemListElement\":[{\"@type\":\"ListItem\",\"position\":1,\"name\":\"Inici\",\"item\":\"https:\\\/\\\/www.masiesdelpenedes.com\\\/\"},{\"@type\":\"ListItem\",\"position\":2,\"name\":\"Enoturismo en el Pened\u00e8s\"}]},{\"@type\":\"WebSite\",\"@id\":\"https:\\\/\\\/www.masiesdelpenedes.com\\\/#website\",\"url\":\"https:\\\/\\\/www.masiesdelpenedes.com\\\/\",\"name\":\"Masies del Pened\u00e8s\",\"description\":\"\",\"potentialAction\":[{\"@type\":\"SearchAction\",\"target\":{\"@type\":\"EntryPoint\",\"urlTemplate\":\"https:\\\/\\\/www.masiesdelpenedes.com\\\/?s={search_term_string}\"},\"query-input\":{\"@type\":\"PropertyValueSpecification\",\"valueRequired\":true,\"valueName\":\"search_term_string\"}}],\"inLanguage\":\"es\"}]}<\/script>\n<!-- \/ Yoast SEO plugin. -->","yoast_head_json":{"title":"Enoturismo en el Pened\u00e8s | Masies del Pened\u00e8s","robots":{"index":"index","follow":"follow","max-snippet":"max-snippet:-1","max-image-preview":"max-image-preview:large","max-video-preview":"max-video-preview:-1"},"canonical":"https:\/\/www.masiesdelpenedes.com\/es\/enoturismo-en-el-penedes-descubre-la-tierra-del-vino-y-del-cava\/","og_locale":"es_ES","og_type":"article","og_title":"Enoturismo en el Pened\u00e8s | Masies del Pened\u00e8s","og_description":"Enoturismo en el Pened\u00e8s Situat en un entorn privilegiat, a pocs kil\u00f2metres de Barcelona, Tarragona i el mar Mediterrani, el Pened\u00e8s \u00e9s una zona amb personalitat pr\u00f2pia i una rica diversitat que s\u2019articula al voltant de la cultura del vi i el cava, protagonistes de l\u2019enoturisme al Pened\u00e8s. La Denominaci\u00f3 d\u2019Origen (D.O.) Pened\u00e8s s\u2019extenen en ...","og_url":"https:\/\/www.masiesdelpenedes.com\/es\/enoturismo-en-el-penedes-descubre-la-tierra-del-vino-y-del-cava\/","og_site_name":"Masies del Pened\u00e8s","article_modified_time":"2023-03-10T10:33:18+00:00","og_image":[{"url":"https:\/\/www.masiesdelpenedes.com\/wp-content\/uploads\/2022\/12\/masies-del-penedes-turisme-rural-07-589x390-1.jpg","type":"","width":"","height":""}],"twitter_card":"summary_large_image","twitter_misc":{"Tiempo de lectura":"3 minutos"},"schema":{"@context":"https:\/\/schema.org","@graph":[{"@type":"WebPage","@id":"https:\/\/www.masiesdelpenedes.com\/es\/enoturismo-en-el-penedes-descubre-la-tierra-del-vino-y-del-cava\/","url":"https:\/\/www.masiesdelpenedes.com\/es\/enoturismo-en-el-penedes-descubre-la-tierra-del-vino-y-del-cava\/","name":"Enoturismo en el Pened\u00e8s | Masies del Pened\u00e8s","isPartOf":{"@id":"https:\/\/www.masiesdelpenedes.com\/#website"},"primaryImageOfPage":{"@id":"https:\/\/www.masiesdelpenedes.com\/es\/enoturismo-en-el-penedes-descubre-la-tierra-del-vino-y-del-cava\/#primaryimage"},"image":{"@id":"https:\/\/www.masiesdelpenedes.com\/es\/enoturismo-en-el-penedes-descubre-la-tierra-del-vino-y-del-cava\/#primaryimage"},"thumbnailUrl":"https:\/\/www.masiesdelpenedes.com\/wp-content\/uploads\/2022\/12\/masies-del-penedes-turisme-rural-07-589x390-1.jpg","datePublished":"2022-12-19T12:46:44+00:00","dateModified":"2023-03-10T10:33:18+00:00","breadcrumb":{"@id":"https:\/\/www.masiesdelpenedes.com\/es\/enoturismo-en-el-penedes-descubre-la-tierra-del-vino-y-del-cava\/#breadcrumb"},"inLanguage":"es","potentialAction":[{"@type":"ReadAction","target":["https:\/\/www.masiesdelpenedes.com\/es\/enoturismo-en-el-penedes-descubre-la-tierra-del-vino-y-del-cava\/"]}]},{"@type":"ImageObject","inLanguage":"es","@id":"https:\/\/www.masiesdelpenedes.com\/es\/enoturismo-en-el-penedes-descubre-la-tierra-del-vino-y-del-cava\/#primaryimage","url":"https:\/\/www.masiesdelpenedes.com\/wp-content\/uploads\/2022\/12\/masies-del-penedes-turisme-rural-07-589x390-1.jpg","contentUrl":"https:\/\/www.masiesdelpenedes.com\/wp-content\/uploads\/2022\/12\/masies-del-penedes-turisme-rural-07-589x390-1.jpg"},{"@type":"BreadcrumbList","@id":"https:\/\/www.masiesdelpenedes.com\/es\/enoturismo-en-el-penedes-descubre-la-tierra-del-vino-y-del-cava\/#breadcrumb","itemListElement":[{"@type":"ListItem","position":1,"name":"Inici","item":"https:\/\/www.masiesdelpenedes.com\/"},{"@type":"ListItem","position":2,"name":"Enoturismo en el Pened\u00e8s"}]},{"@type":"WebSite","@id":"https:\/\/www.masiesdelpenedes.com\/#website","url":"https:\/\/www.masiesdelpenedes.com\/","name":"Masies del Pened\u00e8s","description":"","potentialAction":[{"@type":"SearchAction","target":{"@type":"EntryPoint","urlTemplate":"https:\/\/www.masiesdelpenedes.com\/?s={search_term_string}"},"query-input":{"@type":"PropertyValueSpecification","valueRequired":true,"valueName":"search_term_string"}}],"inLanguage":"es"}]}},"_links":{"self":[{"href":"https:\/\/www.masiesdelpenedes.com\/es\/wp-json\/wp\/v2\/pages\/39873","targetHints":{"allow":["GET"]}}],"collection":[{"href":"https:\/\/www.masiesdelpenedes.com\/es\/wp-json\/wp\/v2\/pages"}],"about":[{"href":"https:\/\/www.masiesdelpenedes.com\/es\/wp-json\/wp\/v2\/types\/page"}],"author":[{"embeddable":true,"href":"https:\/\/www.masiesdelpenedes.com\/es\/wp-json\/wp\/v2\/users\/1"}],"replies":[{"embeddable":true,"href":"https:\/\/www.masiesdelpenedes.com\/es\/wp-json\/wp\/v2\/comments?post=39873"}],"version-history":[{"count":4,"href":"https:\/\/www.masiesdelpenedes.com\/es\/wp-json\/wp\/v2\/pages\/39873\/revisions"}],"predecessor-version":[{"id":39918,"href":"https:\/\/www.masiesdelpenedes.com\/es\/wp-json\/wp\/v2\/pages\/39873\/revisions\/39918"}],"wp:attachment":[{"href":"https:\/\/www.masiesdelpenedes.com\/es\/wp-json\/wp\/v2\/media?parent=39873"}],"curies":[{"name":"wp","href":"https:\/\/api.w.org\/{rel}","templated":true}]}}